{"id":796,"date":"2020-01-03T04:10:38","date_gmt":"2020-01-03T04:10:38","guid":{"rendered":"http:\/\/istudy.mx\/itrips\/educacion-superior-cloned-at-2020-10-11-172538\/"},"modified":"2022-09-23T13:41:04","modified_gmt":"2022-09-23T19:41:04","slug":"condor","status":"publish","type":"page","link":"https:\/\/istudy.mx\/itrips\/condor\/","title":{"rendered":"Condor"},"content":{"rendered":"<p><a href=\"https:\/\/istudy.mx\/itrips\" target=\"_self\" data-op-action=\"link\" data-op-select-funnel-step=\"\" data-op3-smooth-scroll=\"\" rel=\"noopener\"><img fetchpriority=\"high\" decoding=\"async\" src=\"https:\/\/istudy.mx\/itrips\/wp-content\/uploads\/2020\/01\/ISTUDY_INTERNATIONAL_TRIPS-300x300.png\" alt=\"\" title=\"ISTUDY_INTERNATIONAL_TRIPS\" width=\"300\" height=\"300\" data-op3-attachment-id=\"\" \/><\/a><\/p>\n<h2>ASESOR\u00cdA MIGRATORIA PARA CANAD\u00c1<\/h2>\n<h2><\/h2>\n<p>Eval\u00faa tus posibilidades de emigrar a Canad\u00e1 con la asesor\u00eda personalizada que nuestra colaboradora ofrece.&nbsp;<\/p>\n<p><img decoding=\"async\" src=\"https:\/\/istudy.mx\/itrips\/wp-content\/uploads\/2020\/10\/condor-.png\" alt=\"\" title=\"condor\" width=\"297\" height=\"81\" data-op3-attachment-id=\"\" \/><\/p>\n<p>\u00bfQu\u00e9 es Condor Immigration Solutions?<\/p>\n<p>Una empresa que ofrece asesor\u00eda migratoria certificada por el gobierno de Canad\u00e1 por el ICCRC R508700.&nbsp;Provee asistencia migratoria bajo los valores de perseverancia y confianza a aspirantes de habla hispana.&nbsp;Amplia experiencia que se adapta al perfil de cada aspirante.&nbsp;Ubicada en Toronto, Canad\u00e1.&nbsp;Atendida por su proprietaria Escalry Yanez. &nbsp;<\/p>\n<p>Escarly Yanez<\/p>\n<p><img decoding=\"async\" src=\"https:\/\/istudy.mx\/itrips\/wp-content\/uploads\/2022\/09\/EY-headshot-1-scaled.jpg\" alt=\"\" title=\"EY headshot\" width=\"1987\" height=\"2560\" data-op3-attachment-id=\"2695\" \/>Consultora certificada por el Consejo de Consultores de Inmigraci\u00f3n de Canad\u00e1.&nbsp;Graduada con honores de Humber College.Amplia experiencia en inmigraci\u00f3n canadiense. &nbsp;Ciudadana ecuatoriana y canadiense.&nbsp;Fundadora de Condor Immigration Solutions.Ingenier\u00eda Burs\u00e1til equivalente a un Bachelor degree en finanzas en Canad\u00e1. &nbsp;Consultora y Auditora de Aseguramiento de Calidad ISO 900 BVQI &#8211; Ecuador &nbsp; &nbsp;&nbsp;<\/p>\n<p>Descubre tus oportunidades de migraci\u00f3n a Canad\u00e1<\/p>\n<h2>Express Entry&nbsp;<\/h2>\n<h2>Nominaciones Provinciales<\/h2>\n<h2>Federal Skilled Worker &amp; Trade &nbsp;<\/h2>\n<h2>Canadian Experience Class &nbsp;<\/h2>\n<h2>Permisos de estudio y trabajo<\/h2>\n<h2>Patrocinios Familiares<\/h2>\n<p>Servicios ofrecidos por Escarly Yanez de Condor Immigration Solutions&nbsp;<\/p>\n<p>Tarifas especiales para iStudy de acuerdo al convenio de colaboraci\u00f3n que tenemos con Condor Immigration Solutions.<\/p>\n<p>Asesor\u00eda migratoria personalizada&nbsp; &#8211; $200 CAD<\/p>\n<p><a href=\"https:\/\/www.paypal.com\/cgi-bin\/webscr?cmd=_s-xclick&#038;hosted_button_id=HBSC6A4LTQ6A2\" class=\"op3-background-ancestor\" target=\"_blank\" data-op-action=\"link\" data-op-select-funnel-step=\"\" data-op-animation-trigger=\"none\" data-op-animation-style=\"\" data-op-animation-loop=\"0\" data-op-timer-minutes=\"0\" data-op-timer-seconds=\"0\" data-op3-smooth-scroll=\"\" data-op-effect-style=\"\" data-op-effect-style-hover=\"\" data-op-courseaction=\"\" rel=\"noopener\">PAGA AQU\u00cd<\/a><\/p>\n<p>Solicitud Notas ATIP + Asesor\u00eda &#8211; $250 CAD<\/p>\n<p><a href=\"\/\/www.paypal.com\/cgi-bin\/webscr?cmd=_s-xclick&#038;hosted_button_id=FTB5RWBPGFXLQ\" class=\"op3-background-ancestor\" target=\"_blank\" data-op-action=\"link\" data-op-select-funnel-step=\"\" data-op-animation-trigger=\"none\" data-op-animation-style=\"\" data-op-animation-loop=\"0\" data-op-timer-minutes=\"0\" data-op-timer-seconds=\"0\" data-op3-smooth-scroll=\"0\" data-op-effect-style=\"\" data-op-effect-style-hover=\"\" data-op-courseaction=\"\" rel=\"noopener\">PAGA AQU\u00cd<\/a><\/p>\n<p>Tr\u00e1mite de Permiso de Estudio\/Trabajo <\/p>\n<p><a class=\"op3-background-ancestor\"  data-op-action=\"disabled\" data-op-select-funnel-step=\"\" data-op-animation-trigger=\"none\" data-op-animation-style=\"\" data-op-animation-loop=\"0\" data-op-timer-minutes=\"0\" data-op-timer-seconds=\"0\" data-op3-smooth-scroll=\"0\" data-op-effect-style=\"\" data-op-effect-style-hover=\"\" data-op-courseaction=\"\" href=\"#\" tabindex=\"-1\">contacto@istudy.mx<\/a><\/p>\n<p>Planeaci\u00f3n en l\u00ednea ETR &#8211; Estudia, Trabaja y Reside en Canad\u00e1<\/p>\n<p><a href=\"https:\/\/istudy.mx\/elearning\/cursos\/ETR\/\" class=\"op3-background-ancestor\" target=\"_blank\" data-op-action=\"link\" data-op-select-funnel-step=\"\" data-op-animation-trigger=\"none\" data-op-animation-style=\"\" data-op-animation-loop=\"0\" data-op-timer-minutes=\"0\" data-op-timer-seconds=\"0\" data-op3-smooth-scroll=\"0\" data-op-effect-style=\"\" data-op-effect-style-hover=\"\" data-op-courseaction=\"\" rel=\"noopener\">D\u00c9SCUBRE ETR AQU\u00cd<\/a><\/p>\n<p>Tu residencia permanente en Canad\u00e1 inicia con una asesor\u00eda personalizada.&nbsp;<\/p>\n<p>Pasos para concretar una asesor\u00eda migratoria:<\/p>\n<p>Realiza el pago correspondiente de los servicios de asesor\u00eda seg\u00fan corresponda.Confirma el pago con el equipo de iStudy International Trips quienes te dar\u00e1 una clave especial.&nbsp;<a href=\"https:\/\/www.condorimmigration.com\/\" target=\"_blank\" data-op-action=\"link\" rel=\"noopener\">Reservar la cita en la website: https:\/\/www.condorimmigration.com\/<\/a>Dar click en el bot\u00f3n: Book An Appointment.Seleccionar la fecha y hora.&nbsp;Ingresar datos personales.En el campo &#8220;Please let us know briefly the reason for your consultation.*&#8221;ingrese el numero proporcionado por iStudy.Prepara los siguientes documentos: a) resultados de ex\u00e1menes oficiales como IELTS o TOEFL (si aplican), b) datos acad\u00e9micos, c) CV reciente, d) informaci\u00f3n de visas negadas en el pasado y e) clave de confirmaci\u00f3n de pago.Recibir\u00e1s un correo de Condor Immigration Solutions con la confirmaci\u00f3n de tu cita, y el enlace directo para accesar a Zoom.S\u00e9 entregar\u00e1 un reporte y plan de acci\u00f3n a seguir 72 horas despu\u00e9s de la cita.&nbsp;<\/p>\n<p>Este es el formato que debes completar una vez realizado tu pago.&nbsp;<\/p>\n<p><a href=\"https:\/\/www.condorimmigration.com\/evaluate-your-possibilities\/\" class=\"op3-background-ancestor\" target=\"_blank\" data-op-action=\"link\" data-op-select-funnel-step=\"\" data-op-animation-trigger=\"none\" data-op-animation-style=\"\" data-op-animation-loop=\"0\" data-op-timer-minutes=\"0\" data-op-timer-seconds=\"0\" data-op3-smooth-scroll=\"\" data-op-effect-style=\"\" data-op-effect-style-hover=\"\" data-op-courseaction=\"\" rel=\"noopener\">COMPLETA EL FORMULARIO AQU\u00cd&nbsp;<\/a><img fetchpriority=\"high\" decoding=\"async\" src=\"https:\/\/istudy.mx\/itrips\/wp-content\/uploads\/2020\/01\/ISTUDY_INTERNATIONAL_TRIPS-300x300.png\" alt=\"\" title=\"ISTUDY_INTERNATIONAL_TRIPS\" width=\"300\" height=\"300\" data-op3-attachment-id=\"\" \/><a class=\"op3-link op3-background-ancestor\" href=\"https:\/\/www.facebook.com\/iStudyInternationalTrips\/\" target=\"_blank\" data-op-action=\"\" data-op-select-funnel-step=\"\" data-op-animation-trigger=\"\" data-op-animation-style=\"\" data-op-animation-loop=\"\" data-op-timer-minutes=\"\" data-op-timer-seconds=\"\" data-op3-smooth-scroll=\"\" rel=\"noopener\"><\/a><a class=\"op3-link op3-background-ancestor\" href=\"https:\/\/www.instagram.com\/istudylite\/\" target=\"_blank\" data-op-action=\"\" data-op-select-funnel-step=\"\" data-op-animation-trigger=\"\" data-op-animation-style=\"\" data-op-animation-loop=\"\" data-op-timer-minutes=\"\" data-op-timer-seconds=\"\" data-op3-smooth-scroll=\"\" rel=\"noopener\"><\/a><a class=\"op3-link op3-background-ancestor\" href=\"https:\/\/www.youtube.com\/channel\/UCi0TDU_YeJ3snQR4JcvwZTQ\" target=\"_blank\" data-op-action=\"\" data-op-select-funnel-step=\"\" data-op-animation-trigger=\"\" data-op-animation-style=\"\" data-op-animation-loop=\"\" data-op-timer-minutes=\"\" data-op-timer-seconds=\"\" data-op3-smooth-scroll=\"\" rel=\"noopener\"><\/a><\/p>\n<p><a href=\"mailto:contacto@istudy.mx\" target=\"_blank\" rel=\"noopener\">contacto@istudy.mx<\/a><\/p>\n<p><a href=\"https:\/\/calendly.com\/istudy\/cita\" target=\"_blank\" rel=\"noopener\">Solicita una Cita Personalizada<\/a><\/p>\n<p><a href=\"https:\/\/istudy.mx\/itrips\/\" target=\"_blank\" rel=\"noopener\">Visita Nuestro Sitio Web<\/a><\/p>\n","protected":false},"excerpt":{"rendered":"<p>ASESOR\u00cdA MIGRATORIA PARA CANAD\u00c1 Eval\u00faa tus posibilidades de emigrar a Canad\u00e1 con la asesor\u00eda personalizada que nuestra colaboradora ofrece.&nbsp; \u00bfQu\u00e9 es Condor Immigration Solutions? Una empresa que ofrece asesor\u00eda migratoria certificada por el gobierno de Canad\u00e1 por el ICCRC R508700.&nbsp;Provee asistencia migratoria bajo los valores de perseverancia y confianza a aspirantes de habla hispana.&nbsp;Amplia experiencia [&hellip;]<\/p>\n","protected":false},"author":123457,"featured_media":0,"parent":0,"menu_order":0,"comment_status":"closed","ping_status":"closed","template":"op_builder_blank","meta":{"footnotes":""},"class_list":["post-796","page","type-page","status-publish","hentry"],"_links":{"self":[{"href":"https:\/\/istudy.mx\/itrips\/wp-json\/wp\/v2\/pages\/796","targetHints":{"allow":["GET"]}}],"collection":[{"href":"https:\/\/istudy.mx\/itrips\/wp-json\/wp\/v2\/pages"}],"about":[{"href":"https:\/\/istudy.mx\/itrips\/wp-json\/wp\/v2\/types\/page"}],"author":[{"embeddable":true,"href":"https:\/\/istudy.mx\/itrips\/wp-json\/wp\/v2\/users\/123457"}],"replies":[{"embeddable":true,"href":"https:\/\/istudy.mx\/itrips\/wp-json\/wp\/v2\/comments?post=796"}],"version-history":[{"count":33,"href":"https:\/\/istudy.mx\/itrips\/wp-json\/wp\/v2\/pages\/796\/revisions"}],"predecessor-version":[{"id":813,"href":"https:\/\/istudy.mx\/itrips\/wp-json\/wp\/v2\/pages\/796\/revisions\/813"}],"wp:attachment":[{"href":"https:\/\/istudy.mx\/itrips\/wp-json\/wp\/v2\/media?parent=796"}],"curies":[{"name":"wp","href":"https:\/\/api.w.org\/{rel}","templated":true}]}}