{"id":5921,"date":"2025-03-22T12:52:35","date_gmt":"2025-03-22T18:52:35","guid":{"rendered":"https:\/\/istudy.mx\/itrips\/?page_id=5921"},"modified":"2025-03-24T16:07:55","modified_gmt":"2025-03-24T22:07:55","slug":"canada","status":"publish","type":"page","link":"https:\/\/istudy.mx\/itrips\/canada\/","title":{"rendered":"Canada &#8211; New office"},"content":{"rendered":"<p><img fetchpriority=\"high\" decoding=\"async\" class=\"op3-element__image op3-element-image__image\" title=\"ISTUDY_INTERNATIONAL_TRIPS\" src=\"https:\/\/istudy.mx\/itrips\/wp-content\/uploads\/2020\/01\/ISTUDY_INTERNATIONAL_TRIPS-300x300.png\" alt=\"\" width=\"300\" height=\"300\" data-op3-attachment-id=\"\" \/><\/p>\n<p><a href=\" https:\/\/istudy.mx\/itrips\">HOME<\/a><\/p>\n<h2>Hello, Canada! \ud83c\udde8\ud83c\udde6<\/h2>\n<p>iStudy has arrived to open the doors to a world of educational opportunities.<\/p>\n<h2>Who we are?<\/h2>\n<p><img decoding=\"async\" class=\"op3-element__image op3-element-image__image\" title=\"Mascota istudy_2\" src=\"https:\/\/istudy.mx\/itrips\/wp-content\/uploads\/2021\/04\/Mascota-istudy_2.png\" alt=\"\" width=\"335\" height=\"571\" data-op3-attachment-id=\"1304\" \/><\/p>\n<p>At iStudy International Trips we believe that education has the power to change lives \u2014 and we\u2019re here to make that happen! With 15 years of experience in the international education industry, we started our journey in Mexico in 2009 and expanded to Canada in 2024 to bring our expertise even closer to you.We specialize in connecting students with exciting educational opportunities in destinations like Canada, the United States, Ireland and many more. From personalized guidance to all service included, we are dedicated to help students find the perfect program to match their goals.At iStudy, we are passionate about turning study abroad dreams into reality. Same passion, now closer to you ensuring seamless communication between students, educational institutions, and recruitment agents.<\/p>\n<p>iStudy is a recognized ICEF agency and proud partner of important leaders in the industry.<\/p>\n<p><img decoding=\"async\" class=\"op3-element__image op3-element-image__image\" title=\"Captura de pantalla 2024-04-29 a la(s) 6.32.49\u202fp.m.\" src=\"https:\/\/istudy.mx\/itrips\/wp-content\/uploads\/2025\/03\/Captura-de-pantalla-2024-04-29-a-las-6.32.49\u202fp.m-1024x537.png\" alt=\"\" width=\"1024\" height=\"537\" data-op3-attachment-id=\"5937\" \/><img loading=\"lazy\" decoding=\"async\" class=\"op3-element__image op3-element-image__image\" title=\"Logo 2018. jpeg\" src=\"https:\/\/istudy.mx\/itrips\/wp-content\/uploads\/2025\/03\/Logo-2018.-jpeg.jpg\" alt=\"\" width=\"838\" height=\"450\" data-op3-attachment-id=\"5940\" \/><img loading=\"lazy\" decoding=\"async\" class=\"op3-element__image op3-element-image__image\" title=\"STUDYTRAVEL\" src=\"https:\/\/istudy.mx\/itrips\/wp-content\/uploads\/2025\/03\/STUDYTRAVEL.png\" alt=\"\" width=\"318\" height=\"159\" data-op3-attachment-id=\"5942\" \/><img loading=\"lazy\" decoding=\"async\" class=\"op3-element__image op3-element-image__image\" title=\"applyboard-logo-vector\" src=\"https:\/\/istudy.mx\/itrips\/wp-content\/uploads\/2025\/03\/applyboard-logo-vector.png\" alt=\"\" width=\"900\" height=\"500\" data-op3-attachment-id=\"5943\" \/><img loading=\"lazy\" decoding=\"async\" class=\"op3-element__image op3-element-image__image\" title=\"edvisor\" src=\"https:\/\/istudy.mx\/itrips\/wp-content\/uploads\/2025\/03\/edvisor.png\" alt=\"\" width=\"345\" height=\"126\" data-op3-attachment-id=\"5944\" \/><\/p>\n<h2>Our Services:<\/h2>\n<p>At iStudy International Trips we know that planning your study abroad experience is a big step \u2014 and we&#8217;re here to guide you before, during and after your study abroad adventure.<\/p>\n<h2>Study Abroad Coaching<\/h2>\n<p>We take the time to understand your academic goals, interests, and budget to recommend the best program and destination for you. Our expert advisors ensure you choose the right path for a rewarding international experience.<\/p>\n<h2>Accommodation Options<\/h2>\n<p>Whether you prefer the warmth of a host family or the independence of a student residence, we\u2019ll help you find safe, comfortable, and convenient housing that suits your lifestyle.<\/p>\n<h2>Visa &amp; Permit Assistance<\/h2>\n<p>Through trusted providers, we offer guidance for your visa applications, study permits, and other essential documents, ensuring everything is handled correctly and stress-free.<\/p>\n<h2>Extra Services<\/h2>\n<p>From airport transfers and medical insurance to sightseeing tours, we provide additional services that ensure your experience is not just educational but also enjoyable and memorable.<\/p>\n<h2>Meet our team:<\/h2>\n<p>Our dedicated team is passionate about guiding students through their international education journey. Get to know the faces behind iStudy International Trips:<\/p>\n<p><img loading=\"lazy\" decoding=\"async\" class=\"op3-element__image op3-element-image__image\" title=\"Asesor\u00eda para estudiar en el extranjero, concierge educativo, estudiar fuera de M\u00e9xico, orientaci\u00f3n acad\u00e9mica internacional, asesor\u00eda personalizada para estudiantes, estudios internacionales, videollamada para asesor\u00eda acad\u00e9mica, asesor\u00eda educativa por Zoom o WhatsApp, estudios en Canad\u00e1, Estados Unidos, Francia, Reino Unido, ayuda para estudiar en otro pa\u00eds, consejos para elegir universidades en el extranjero, c\u00f3mo estudiar en el extranjero.\" src=\"https:\/\/istudy.mx\/itrips\/wp-content\/uploads\/2025\/03\/1-1024x576.webp\" alt=\"Asesor\u00eda para estudiar en el extranjero, concierge educativo, estudiar fuera de M\u00e9xico, orientaci\u00f3n acad\u00e9mica internacional, asesor\u00eda personalizada para estudiantes, estudios internacionales, videollamada para asesor\u00eda acad\u00e9mica, asesor\u00eda educativa por Zoom o WhatsApp, estudios en Canad\u00e1, Estados Unidos, Francia, Reino Unido, ayuda para estudiar en otro pa\u00eds, consejos para elegir universidades en el extranjero, c\u00f3mo estudiar en el extranjero.\" width=\"1024\" height=\"576\" data-op3-attachment-id=\"5858\" \/><\/p>\n<h2>Educational Concierge \u2013 Canada and LATAM<\/h2>\n<p>A linguist with 15 years of experience in the industry of international education. Originally from Mexico, Tania now resides in St. Catharine\u2019s, Ontario, as a temporary resident in Canada where she provides support for both students who are planning to come to Canada as well as those who are already here navigating their academic journey.<\/p>\n<p><img loading=\"lazy\" decoding=\"async\" class=\"op3-element__image op3-element-image__image\" title=\"Asesor\u00eda para estudiar en el extranjero, concierge educativo, estudiar fuera de M\u00e9xico, orientaci\u00f3n acad\u00e9mica internacional, asesor\u00eda personalizada para estudiantes, estudios internacionales, videollamada para asesor\u00eda acad\u00e9mica, asesor\u00eda educativa por Zoom o WhatsApp, estudios en Canad\u00e1, Estados Unidos, Francia, Reino Unido, ayuda para estudiar en otro pa\u00eds, consejos para elegir universidades en el extranjero, c\u00f3mo estudiar en el extranjero.\" src=\"https:\/\/istudy.mx\/itrips\/wp-content\/uploads\/2025\/03\/15-1024x576.webp\" alt=\"Asesor\u00eda para estudiar en el extranjero, concierge educativo, estudiar fuera de M\u00e9xico, orientaci\u00f3n acad\u00e9mica internacional, asesor\u00eda personalizada para estudiantes, estudios internacionales, videollamada para asesor\u00eda acad\u00e9mica, asesor\u00eda educativa por Zoom o WhatsApp, estudios en Canad\u00e1, Estados Unidos, Francia, Reino Unido, ayuda para estudiar en otro pa\u00eds, consejos para elegir universidades en el extranjero, c\u00f3mo estudiar en el extranjero.\" width=\"1024\" height=\"576\" data-op3-attachment-id=\"5872\" \/><\/p>\n<h2>Educational Concierge \u2013 Canada and Mexico<\/h2>\n<p>Born and raised in Mexico, Yezm\u00edn now calls Vancouver home. A graduate from UCW (University Canada West), she brings extensive experience in international mobility, helping students find the perfect educational opportunities across Western Canada.<\/p>\n<p><img loading=\"lazy\" decoding=\"async\" class=\"op3-element__image op3-element-image__image\" title=\"11\" src=\"https:\/\/istudy.mx\/itrips\/wp-content\/uploads\/2025\/03\/11-1024x576.webp\" alt=\"\" width=\"1024\" height=\"576\" data-op3-attachment-id=\"5868\" \/><\/p>\n<h2>Head of Admissions and Finances<\/h2>\n<p>Head of Admissions and FinancesOriginally from Mexico, Manuel has been living in Toronto and is a graduate of the Marketing and Sales program at ILAC. As part of the team of iStudy, Manuel specializes in assisting students with admissions and financial guidance, ensuring each application process runs smoothly.<\/p>\n<p>Ready to start your journey, either in Canada or in another country?<\/p>\n<p>Tell us about your goals, and we&#8217;ll help you find the perfect program and destination for your international experience!<\/p>\n<p>\ud83c\udde8\ud83c\udde6 \ud83c\uddee\ud83c\uddea \ud83c\udff4\udb40\udc67\udb40\udc62\udb40\udc65\udb40\udc6e\udb40\udc67\udb40\udc7f \ud83c\udde6\ud83c\uddfa \ud83c\udde6\ud83c\uddea \ud83c\uddfa\ud83c\uddf8 \ud83c\uddf2\ud83c\uddf9 \ud83c\uddea\ud83c\uddf8<\/p>\n<p><a class=\"op3-link op3-background-ancestor\" href=\"https:\/\/istudy.mx\/itrips\/whatsapp\/\" target=\"_blank\" rel=\"noopener\" data-op-action=\"link\" data-op-select-funnel-step=\"\" data-op3-smooth-scroll=\"0\" data-op-effect-style=\"\" data-op-effect-style-hover=\"\" data-op-courseaction=\"\">\ud83d\udcac Write to us on WhatsApp<\/a><a class=\"op3-link op3-background-ancestor\" href=\"https:\/\/istudy.mx\/itrips\/asesoria\/\" target=\"_blank\" rel=\"noopener\" data-op-action=\"link\" data-op-select-funnel-step=\"\" data-op3-smooth-scroll=\"0\" data-op-effect-style=\"\" data-op-effect-style-hover=\"\" data-op-courseaction=\"\">\ud83d\udcbb Book a free appointment<\/a><img fetchpriority=\"high\" decoding=\"async\" class=\"op3-element__image op3-element-image__image\" title=\"ISTUDY_INTERNATIONAL_TRIPS\" src=\"https:\/\/istudy.mx\/itrips\/wp-content\/uploads\/2020\/01\/ISTUDY_INTERNATIONAL_TRIPS-300x300.png\" alt=\"\" width=\"300\" height=\"300\" data-op3-attachment-id=\"\" \/><\/p>\n<p>110 James StreetSuite 200St. Catharines ON L2R 7E8<\/p>\n<p>&nbsp;<\/p>\n<p><a href=\"mailto:contacto@istudy.mx\" target=\"_blank\" rel=\"noopener\">contacto@istudy.mx<\/a><\/p>\n<p><a href=\"https:\/\/mailchi.mp\/istudy\/international-trips\" target=\"_blank\" rel=\"noopener\">Suscribe to our Newsletter<\/a><\/p>\n","protected":false},"excerpt":{"rendered":"<p>Apoyamos a estudiantes a alcanzar sus metas acad\u00e9micas, profesionales y personales con nuestros viajes de estudio al extranjero. Canad\u00e1, Irlanda, Estados Unidos e Inglaterra. \u00a1En iStudy International Trips, el viaje de tus sue\u00f1os es aqu\u00ed!<\/p>\n","protected":false},"author":123457,"featured_media":2446,"parent":0,"menu_order":0,"comment_status":"closed","ping_status":"closed","template":"op_builder_blank","meta":{"footnotes":""},"class_list":["post-5921","page","type-page","status-publish","has-post-thumbnail","hentry"],"_links":{"self":[{"href":"https:\/\/istudy.mx\/itrips\/wp-json\/wp\/v2\/pages\/5921","targetHints":{"allow":["GET"]}}],"collection":[{"href":"https:\/\/istudy.mx\/itrips\/wp-json\/wp\/v2\/pages"}],"about":[{"href":"https:\/\/istudy.mx\/itrips\/wp-json\/wp\/v2\/types\/page"}],"author":[{"embeddable":true,"href":"https:\/\/istudy.mx\/itrips\/wp-json\/wp\/v2\/users\/123457"}],"replies":[{"embeddable":true,"href":"https:\/\/istudy.mx\/itrips\/wp-json\/wp\/v2\/comments?post=5921"}],"version-history":[{"count":14,"href":"https:\/\/istudy.mx\/itrips\/wp-json\/wp\/v2\/pages\/5921\/revisions"}],"predecessor-version":[{"id":5958,"href":"https:\/\/istudy.mx\/itrips\/wp-json\/wp\/v2\/pages\/5921\/revisions\/5958"}],"wp:featuredmedia":[{"embeddable":true,"href":"https:\/\/istudy.mx\/itrips\/wp-json\/wp\/v2\/media\/2446"}],"wp:attachment":[{"href":"https:\/\/istudy.mx\/itrips\/wp-json\/wp\/v2\/media?parent=5921"}],"curies":[{"name":"wp","href":"https:\/\/api.w.org\/{rel}","templated":true}]}}