{"id":566,"date":"2020-01-03T04:10:38","date_gmt":"2020-01-03T04:10:38","guid":{"rendered":"http:\/\/istudy.mx\/itrips\/niagara-college-cloned-at-2020-06-10-184012\/"},"modified":"2022-10-24T12:17:30","modified_gmt":"2022-10-24T18:17:30","slug":"collegedelile","status":"publish","type":"page","link":"https:\/\/istudy.mx\/itrips\/collegedelile\/","title":{"rendered":"College de Lile"},"content":{"rendered":"<p><img fetchpriority=\"high\" decoding=\"async\" src=\"https:\/\/istudy.mx\/itrips\/wp-content\/uploads\/2020\/01\/ISTUDY_INTERNATIONAL_TRIPS-300x300.png\" alt=\"\" title=\"ISTUDY_INTERNATIONAL_TRIPS\" width=\"300\" height=\"300\" data-op3-attachment-id=\"\" \/><\/p>\n<p><a href=\" https:\/\/istudy.mx\/itrips\">HOME<\/a><\/p>\n<h2>Estudia en la Isla del Pr\u00edncipe Eduardo, Canad\u00e1<\/h2>\n<p><img decoding=\"async\" src=\"https:\/\/istudy.mx\/itrips\/wp-content\/uploads\/2020\/01\/college-acadie.png\" alt=\"\" title=\"college acadie\" width=\"678\" height=\"184\" data-op3-attachment-id=\"\" \/><\/p>\n<h2>Sobre la instituci\u00f3n:&nbsp;<\/h2>\n<p>Dos campus en IPE: Charlottetown y Wellington&nbsp;<\/p>\n<p>Idioma de instrucci\u00f3n: &nbsp;Franc\u00e9s&nbsp;<\/p>\n<p>N\u00famero de estudiantes: &nbsp; &nbsp; &nbsp; &nbsp;&nbsp; 100<\/p>\n<p>Tipo de instituci\u00f3n: P\u00fablica DLI O19220114112<\/p>\n<p>Programas que se ofrecen: idioma franc\u00e9s, certificados y diplomas, programa DUAL<\/p>\n<p>Fechas de inicio: Mensuales seg\u00fan el nivel de franc\u00e9s del candidato<\/p>\n<p>&nbsp;Septiembre para programas acad\u00e9micos<\/p>\n<h2>Webinar Estudia en la Isla del Pr\u00edncipe Eduardo y persigue una residencia en Canad\u00e1<\/h2>\n<p>\u00daLTIMA ACTUALIZACI\u00d3N DE ESTE WEBINAR: OCTUBRE 2022<\/p>\n<h2>Programas de Estudio: &nbsp;<\/h2>\n<p>Adjoint administratif bilingue &#8211; 1 anAdjoint administratif bilingue avec exp\u00e9rience canadienne \u2013 2 ansCommis comptable \u2013 1 anCommis comptable avec exp\u00e9rience canadienne \u2013 2 ans\u00c9ducateur de la petite enfance \u2013 1 an\u00c9ducatrice de la petite enfance avec exp\u00e9rience canadienne \u2013 2 ansPr\u00e9pos\u00e9 aux soins aux r\u00e9sidents \u2013 1 anPr\u00e9pos\u00e9 aux soins aux r\u00e9sidents avec exp\u00e9rience canadienne \u2013 2 ansAdministration des affaires option comptabilit\u00e9 \u2013 2 ansAdministration des affaires option comptabilit\u00e9 avec exp\u00e9rience canadienne \u2013 3 ansServices \u00e0 la personne -\u2013 2 ansServices \u00e0 la personne avec exp\u00e9rience canadienne \u2013 3 ansTravailleur jeunesse \u2013 2 ansTravailleur jeunesse avec exp\u00e9rience canadienne \u2013 3 ans Infirmiers auxiliaires &#8211; 2 ansInfirmiers auxiliaires avec exp\u00e9rience canadienne \u2013 3 ansDUAL \u00c9ducateur de la petite enfance \u2013 2 ann\u00e9eDUAL Travailleur jeunesse \u2013 2 ansDUAL Administration des affaires option comptabilit\u00e9 \u2013 2 ansDUAL \u00c9ducateur de la petite enfance avec exp\u00e9rience canadienne \u2013 3 ansDUAL Travailleur jeunesse avec exp\u00e9rience canadienne \u2013 3 ansDUAL Administration des affaires option comptabilit\u00e9 avec exp\u00e9rience canadienne \u2013 3 ans<\/p>\n<h2>Inversi\u00f3n Aproximada desde $6500 CAD (DUAL) , $7000 CAD (EC) y hasta $12,500 CAD (ACAD\u00c9MICO)&nbsp; <\/h2>\n<h2>Explora m\u00e1s detalles sobre los programas de la instituci\u00f3n:&nbsp; <\/h2>\n<p><a href=\"https:\/\/students.edvisor.io\/7AyzPWRsByagndK4p\/dynamic-quote\/25H3dfkJwtkHD9E2H\" class=\"op3-background-ancestor\" target=\"_blank\" data-op-action=\"link\" data-op-select-funnel-step=\"\" data-op-animation-trigger=\"none\" data-op-animation-style=\"\" data-op-animation-loop=\"0\" data-op-timer-minutes=\"0\" data-op-timer-seconds=\"0\" data-op3-smooth-scroll=\"0\" data-op-effect-style=\"\" data-op-effect-style-hover=\"\" data-op-courseaction=\"\" rel=\"noopener\">PROGRAMAS ACAD\u00c9MICOS<\/a><a href=\"https:\/\/students.edvisor.io\/7AyzPWRsByagndK4p\/dynamic-quote\/HKAJv5sBBWB8BB45S\" class=\"op3-background-ancestor\" target=\"_blank\" data-op-action=\"link\" data-op-select-funnel-step=\"\" data-op-animation-trigger=\"none\" data-op-animation-style=\"\" data-op-animation-loop=\"0\" data-op-timer-minutes=\"0\" data-op-timer-seconds=\"0\" data-op3-smooth-scroll=\"0\" data-op-effect-style=\"\" data-op-effect-style-hover=\"\" data-op-courseaction=\"\" rel=\"noopener\">PROGRAMAS CON EXPERIENCIA CANADIENSE <\/a><a href=\"https:\/\/students.edvisor.io\/7AyzPWRsByagndK4p\/dynamic-quote\/33x9uSBPQWSm4cmbg\" class=\"op3-background-ancestor\" target=\"_blank\" data-op-action=\"link\" data-op-select-funnel-step=\"\" data-op-animation-trigger=\"none\" data-op-animation-style=\"\" data-op-animation-loop=\"0\" data-op-timer-minutes=\"0\" data-op-timer-seconds=\"0\" data-op3-smooth-scroll=\"0\" data-op-effect-style=\"\" data-op-effect-style-hover=\"\" data-op-courseaction=\"\" rel=\"noopener\">PROGRAMAS DUAL<\/a><\/p>\n<h2>Perfil del estudiante candidato a College de l&#8217;Ile:&nbsp; <\/h2>\n<p>Se adapta f\u00e1cilmente a la vida tranquila y modesta que se siente en IPE. Domina el idioma ingl\u00e9s, ya que es indispensable para las relaciones laborales y sociales fuera del college. Gusto por los idiomas y buena disciplina acad\u00e9mica, ya que el programa de Experiencia Canadiense, se deber\u00e1 aprender el idioma franc\u00e9s en un solo a\u00f1o.Gusto por la tecnolog\u00eda, ya que muchos de los programas del college se imparten de forma telepresencial. Valores de paciencia, tolerancia, trabajo bajo estr\u00e9s, responsabilidad entre otros, para enfrentar situaciones dif\u00edciles como comunicaci\u00f3n no eficiente a ra\u00edz de la diferencia de idioma, falta de hospedaje, manejo de tiempos para estudiar y trabajar a la par, entre otros. Cuenta con los fondos econ\u00f3micos seg\u00fan solicita el Gobierno de Canad\u00e1. Es muy recomendado que el candidato cuente con la inversi\u00f3n completa para toda la duraci\u00f3n del programa.&nbsp; Buena salud, la mayor\u00eda de los programas de la instituci\u00f3n requieren de estudios m\u00e9dicos para incursionar en el \u00e1mbito laboral. <\/p>\n<h2>ADQUIERE PAQUETE DE ASISTENCIA iStudy<\/h2>\n<h2>e inicia tu registro a College de l&#8217;Ile <\/h2>\n<p><img decoding=\"async\" src=\"https:\/\/istudy.mx\/itrips\/wp-content\/uploads\/2022\/08\/Tournee_AARAO_aut2018-300x240.jpeg\" alt=\"\" title=\"Tournee_AARAO_aut2018\" width=\"300\" height=\"240\" data-op3-attachment-id=\"2676\" \/><a href=\"https:\/\/www.paypal.com\/cgi-bin\/webscr?cmd=_s-xclick&#038;hosted_button_id=PBZLPLENVTDR6\" class=\"op3-background-ancestor\" target=\"_self\" data-op-action=\"link\" data-op-select-funnel-step=\"\" data-op-animation-trigger=\"none\" data-op-animation-style=\"\" data-op-animation-loop=\"0\" data-op-timer-minutes=\"0\" data-op-timer-seconds=\"0\" data-op3-smooth-scroll=\"0\" data-op-effect-style=\"\" data-op-effect-style-hover=\"\" data-op-courseaction=\"\" rel=\"noopener\">PAGA TU REGISTRO AQU\u00cd<\/a><\/p>\n<p>\u2022 Asesor\u00eda personalizada para elegir programa &nbsp;\u2022 Cuota de registro a la instituci\u00f3n deseada (en este caso $100 CAD)\u2022 Plantillas, eBook y gu\u00edas para Canad\u00e1 \u2022 Asistencia en la reserva de hospedaje y otros servicios para tu viaje \u2022 Traducciones de documentos y gesti\u00f3n de permisos a tarifas preferenciales \u2022 Comunidad de apoyo privada exclusiva con estudiantes de College de l\u2019Ile \u2022 Sesiones virtuales mensuales con la comunidad \u2022 Clases de ingl\u00e9s gratuitas \u2022 Club de conversaci\u00f3n en l\u00ednea \u2022 Cup\u00f3n del 50% de descuento en nuestro curso de ingl\u00e9s iStudy\u2022 Curso de introducci\u00f3n al franc\u00e9s de 20 horas <\/p>\n<p>INVERSI\u00d3N: $250 CAD<\/p>\n<p><img loading=\"lazy\" decoding=\"async\" src=\"https:\/\/istudy.mx\/itrips\/wp-content\/uploads\/2022\/08\/9c7bbcef-8149-4990-8bd3-a7edd445573e-300x300.jpg\" alt=\"\" title=\"9c7bbcef-8149-4990-8bd3-a7edd445573e\" width=\"300\" height=\"300\" data-op3-attachment-id=\"2678\" \/><\/p>\n<h2>SOLICITA UNA CITA CON UN CONCIERGE EDUCATIVO DE iStudy<\/h2>\n<p><a href=\"https:\/\/istudy.mx\/itrips\/asesoria\/\" class=\"op3-background-ancestor\" target=\"_blank\" data-op-action=\"link\" data-op-select-funnel-step=\"\" data-op-animation-trigger=\"none\" data-op-animation-style=\"\" data-op-animation-loop=\"0\" data-op-timer-minutes=\"0\" data-op-timer-seconds=\"0\" data-op3-smooth-scroll=\"0\" data-op-effect-style=\"\" data-op-effect-style-hover=\"\" data-op-courseaction=\"\" rel=\"noopener\">AGENDA AQU\u00cd<\/a><\/p>\n<h2>Preguntas Frecuentes: &nbsp;<\/h2>\n<p>\u00bfEn donde se localiza College de l&#8217;\u00cele?&nbsp;<\/p>\n<\/p>\n<p>College de l&#8217;Ile se localiza en la Isla del Pr\u00edncipe Eduardo, y cuenta con dos campus ubicados en Welligton y Charlottetown.&nbsp;<\/p>\n<\/p>\n<\/p>\n<p>\u00bfQu\u00e9 nacionalidades pueden aplicar a los programas de College de l`\u00cele?&nbsp;<\/p>\n<\/p>\n<p>Todas las nacionalidades de habla hispana en Latinoam\u00e9rica. No hay ninguna restricci\u00f3n por parte de la instituci\u00f3n, sin embargo, recomendamos revisar su situaci\u00f3n migratoria antes de proceder a la inscripci\u00f3n.&nbsp;<\/p>\n<\/p>\n<\/p>\n<p>\u00bfExiste alg\u00fan l\u00edmite de edad para la admisi\u00f3n a College de l`\u00cele?<\/p>\n<\/p>\n<p>No, la instituci\u00f3n no tiene ninguna edad m\u00e1xima para aplicar, sin embargo, recomendamos revisar su situaci\u00f3n migratoria antes de proceder a la inscripci\u00f3n, ya que para algunos programas de migraci\u00f3n en nuestro destino la edad m\u00e1xima es de 59 a\u00f1os.&nbsp;<\/p>\n<\/p>\n<p>\u00bfCu\u00e1l es la inversi\u00f3n a considera para College de l`\u00cele?&nbsp;<\/p>\n<p>Los costos aproximados son los siguientes, sin embargo, consideramos siempre dirigirse al sitio web para m\u00e1s informaci\u00f3n:&nbsp;<\/p>\n<p><a href=\"https:\/\/www.collegedelile.ca\/images\/Synoptique_Tarifs_2023.pdf\" target=\"_blank\" rel=\"noopener\">https:\/\/www.collegedelile.ca\/images\/Synoptique_Tarifs_2023.pdf <\/a><\/p>\n<p>Programa Acad\u00e9mico (online)&nbsp;<\/p>\n<p>$6500 CAD<\/p>\n<p>Modalidad de pago: semestral<\/p>\n<p>Programa Acad\u00e9mico (presencial)&nbsp;<\/p>\n<p>$10,500 CAD A $12,400 CAD <\/p>\n<p>Modalidad de pago: semestral<\/p>\n<p>Programa de Experiencia Canadiense <\/p>\n<p>$7000 CAD por a\u00f1o<\/p>\n<\/p>\n<p>Otros costos por considerar:&nbsp;<\/p>\n<p>Traducciones de documentos: desde $50 CAD<\/p>\n<p>Permiso de estudio\/trabajo: desde $500 CAD<\/p>\n<p>Alojamiento (primeros meses): $3000 CAD para 3 meses<\/p>\n<p>Vuelo: Tarifas en base a temporada&nbsp;<\/p>\n<p>Seguro M\u00e9dico para la Familia: $900 CAD aproximadamente&nbsp;<\/p>\n<p>Material de curso: $500 a $1000 CAD anual&nbsp;<\/p>\n<\/p>\n<p>\u00bfCollege de l`\u00cele ofrece alg\u00fan tipo de beca?<\/p>\n<p>No, los costos de esta instituci\u00f3n son bastante accesibles y est\u00e1n por debajo del promedio de costos en Canad\u00e1 por lo que no se ofrece ninguna beca para estudiantes internacionales, solo puedes aprovechar un c\u00f3modo plan de pago.&nbsp;<\/p>\n<\/p>\n<p>\u00bfOfrece College de l`\u00cele alg\u00fan tipo de reembolso?&nbsp;<\/p>\n<p>Si, College de l&#8217;\u00cele ofrece reembolsos a los estudiantes cuyos permisos de estudio hayan sido negados. Los montos para reembolsar dependen del tipo de programa. <\/p>\n<\/p>\n<p>\u00bfCu\u00e1les son las fechas de inicio de los programas?<\/p>\n<p>Los<br \/>\n programas acad\u00e9micos inician en septiembre de cada a\u00f1o, mientras que<br \/>\nlos idiomas pueden iniciar a lo largo del a\u00f1o seg\u00fan el nivel con el que<br \/>\ncuente el estudiante.&nbsp; <\/p>\n<\/p>\n<p>\u00bfCu\u00e1les son los programas disponibles en College de l&#8217;\u00cele y su duraci\u00f3n?&nbsp;<\/p>\n<p>College de l`\u00cele se complace en ofrecer los siguientes programas:<\/p>\n<p>\u00a8 Adjoint administratif bilingue &#8211; 1 an\u00a8 Adjoint administratif bilingue avec exp\u00e9rience canadienne \u2013 2 ans\u00a8 Commis comptable \u2013 1 an\u00a8 Commis comptable avec exp\u00e9rience canadienne \u2013 2 ans\u00a8 \u00c9ducateur de la petite enfance \u2013 1 an\u00a8 \u00c9ducatrice de la petite enfance avec exp\u00e9rience canadienne \u2013 2 ann\u00e9e\u00a8 Pr\u00e9pos\u00e9 aux soins aux r\u00e9sidents \u2013 1 an\u00a8 Pr\u00e9pos\u00e9 aux soins aux r\u00e9sidents avec exp\u00e9rience canadienne \u2013 2 ans\u00a8 Administration des affaires option comptabilit\u00e9 \u2013 2 ans\u00a8 Administration des affaires option comptabilit\u00e9 avec exp\u00e9rience canadienne \u2013 3 ans\u00a8 Services \u00e0 la personne -\u2013 2 ans\u00a8 Services \u00e0 la personne avec exp\u00e9rience canadienne \u2013 3 ans\u00a8 Travailleur jeunesse \u2013 2 ans\u00a8 Travailleur jeunesse avec exp\u00e9rience canadienne \u2013 3 ans\u00a8 Infirmiers auxiliaires &#8211; 2 ans\u00a8 Infirmiers auxiliaires avec exp\u00e9rience canadienne \u2013 3 ans\u00a8 DUAL \u00c9ducateur de la petite enfance \u2013 2 ann\u00e9e\u00a8 DUAL Travailleur jeunesse \u2013 2 ans\u00a8 DUAL Administration des affaires option comptabilit\u00e9 \u2013 2 ans\u00a8 DUAL \u00c9ducateur de la petite enfance avec exp\u00e9rience canadienne \u2013 3 ans\u00a8 DUAL Travailleur jeunesse avec exp\u00e9rience canadienne \u2013 3 ans\u00a8 DUAL Administration des affaires option comptabilit\u00e9 avec exp\u00e9rience canadienne \u2013 3 ans<\/p>\n<p>\u00bfCu\u00e1les son los requisitos de admisi\u00f3n&nbsp;acad\u00e9mica&nbsp;para College de l`\u00cele?&nbsp;<\/p>\n<p>Pasaporte vigente m\u00ednimo 6 meses despu\u00e9s de la fecha de fin de programa*<\/p>\n<p>Bachillerato terminado, certificado + documento oficial con lista de materias*<\/p>\n<p>Carta de antecedentes no penales<\/p>\n<p>Nivel de Franc\u00e9s B2<\/p>\n<p>Nivel de Ingl\u00e9s B2 (Salud y programas biling\u00fces)<\/p>\n<p>Vacunas completas y formato m\u00e9dico (solo programas de salud)<\/p>\n<p>\u00bfExiste la posibilidad de revalidar materias?&nbsp;<\/p>\n<p>Cuando el estudiante tiene antecedentes acad\u00e9micos en el \u00e1rea deseada a estudiar, College de l\u2019Ile evaluar\u00e1 el reporte de calificaciones y descripci\u00f3n de materias que se deber\u00e1 proporcionar a la instituci\u00f3n traducidas al ingl\u00e9s y compartir\u00e1 con el estudiante las materias a extender. Cabe mencionar que no es conveniente por fines migratorios revalidar m\u00e1s de 2 materias por semestre, porque el estudiante perder\u00e1 el estatus de \u201cestudiantes a tiempo completo\u201d y podr\u00e1 afectar su proceso de migraci\u00f3n futuro.&nbsp;<\/p>\n<\/p>\n<p>\u00bfEn que idioma se ofrecen las clases en College de l`\u00cele?&nbsp;<\/p>\n<p>College de l&#8217;\u00cele es una instituci\u00f3n franc\u00f3fona, por lo que sus clases se ofrecen en franc\u00e9s. Cabe mencionar que el idioma ingl\u00e9s es requisito de graduaci\u00f3n en todos sus programas y de admisi\u00f3n en los programas del \u00e1rea de salud.<\/p>\n<\/p>\n<p>\u00bfSe puede estudiar ingl\u00e9s y franc\u00e9s en College de l`\u00cele?<\/p>\n<p>College de l`\u00cele ofrece cursos de idiomas a trav\u00e9s de su plataforma LRDG. Esta plataforma es usada en instituciones educativas y gubernamentales en Canad\u00e1. <\/p>\n<p>Existen dos formas de estudio:&nbsp;<\/p>\n<p>a)\tModalidad virtual con avance completamente al ritmo del estudiante sobre una plataforma que combina la instrucci\u00f3n en l\u00ednea con tutor\u00edas virtuales con un profesor particular. El curso se divide en 16 m\u00f3dulos y la duraci\u00f3n de cada uno es completamente determinada por el estudiante en medida del tiempo que se le invierta a sus estudios. <\/p>\n<p>b)\tModalidad presencial que se lleva a cabo directamente en los campus de College de l`\u00cele con un horario de 9:00am a 12:00pm, se acompa\u00f1a de las actividades sociales. El curso se acompa\u00f1a con el complemento virtual de la plataforma. Este programa tiene un costo de $700 CAD por mes. <\/p>\n<\/p>\n<p>\u00bfQui\u00e9n emite el permiso de estudios para College de l&#8217;\u00cele?<\/p>\n<\/p>\n<\/p>\n<p>Directamente la embajada de Canad\u00e1.&nbsp;<\/p>\n<\/p>\n<p>\u00bfCu\u00e1les son los requisitos para el tr\u00e1mite de los permisos?&nbsp;<\/p>\n<p>Cada caso es muy particular, pero aqu\u00ed te compartimos los requisitos generales para aplicar a un permiso de estudio y trabajo a Canad\u00e1.<\/p>\n<p>o&nbsp;&nbsp; Formularioo&nbsp;&nbsp; Fotograf\u00eda, tama\u00f1o pasaporte, a color del aplicanteo&nbsp;&nbsp; Historial de viajes, demostrado con sellos de migraci\u00f3n de viajes anteriores ubicados en el pasaporte (si aplica)o&nbsp;&nbsp; Acta de nacimiento y de matrimonio (si aplica)o&nbsp;&nbsp; Carta de Aceptaci\u00f3no&nbsp;&nbsp; Carta Motivacional en ingl\u00e9s (se proporcionar\u00e1n ejemplos)o&nbsp;&nbsp; Estados de cuenta del Afore (m\u00e1s reciente)o&nbsp;&nbsp; Recibo de pago del predial de la vivienda a nombre del estudiante o de sus padres o&nbsp;&nbsp; Educaci\u00f3n, en constancia de estudios recienteo&nbsp;&nbsp; Recibos de pago del refrendo de coche (si aplica)o&nbsp;&nbsp; Escrituras de la casa (primeras dos o tres hojas y la \u00faltima) (si aplica)o&nbsp;&nbsp; Ex\u00e1menes biom\u00e9tricos (parte del tr\u00e1mite)o&nbsp;&nbsp; Pago por tr\u00e1mite o&nbsp;&nbsp; No visas negadas o expulsiones de otros pa\u00edses (casos especiales se considerar\u00e1n) o&nbsp;&nbsp; Solvencia econ\u00f3mica, demostrada con copia de estados de cuenta bancarios de los \u00faltimos 3 meses de quien solventar\u00e1 el programa.&nbsp; Si se va a demostrar apoyo financiero de otra persona, se anexa una carta de apoyo financiero firmada (formato proporcionado por la agencia) y documentos legales que comprueben el parentesco (INE o pasaporte). Si el apoyador financiero tiene negocio propio, se anexa el acta constitutiva o alta de SAT, y si labora en alguna empresa agregar recibos de n\u00f3mina de los \u00faltimos 3 meses y una carta de empleo. Solvencia econ\u00f3mica m\u00ednima por demostrar se calcula con el costo del programa primer a\u00f1o + $10,000CAD. Solvencia econ\u00f3mica ideal ser\u00eda 3 veces el costo del programa. Aplicantes con familia demostrar $4000 CAD adicionales por la pareja, y $3000 CAD por cada menor).o&nbsp;&nbsp; Contemplar la edad m\u00e1xima para migrar a trav\u00e9s de los programas del Atl\u00e1ntico es de 59 a\u00f1os.<\/p>\n<\/p>\n<p>\u00bfMi pareja cuenta con permiso de trabajo mientras yo estudio?<\/p>\n<p>Si, las parejas de las estudiantes casadas legalmente o en uni\u00f3n libre comprobada, cuentan con un permiso de trabajo de hasta 40 horas. <\/p>\n<\/p>\n<p>\u00bfQu\u00e9 es y c\u00f3mo funciona el Permiso de Trabajo Post Graduado?&nbsp;<\/p>\n<p>Este permiso se solicita una vez que se concluyan los estudios en College de l`\u00cele, y ofrece al estudiante la posibilidad de trabajar en el destino por 40 horas a la semana. Este permiso se solicita una sola vez en la vida y es la etapa principal en el proceso de migraci\u00f3n a trav\u00e9s de los estudios pues es en donde el candidato termina de reunir los requisitos espec\u00edficos seg\u00fan el programa de migraci\u00f3n al que va a aplicar. Si se estudia 1 a\u00f1o en Canad\u00e1, el PGWP ser\u00e1 de 1 a\u00f1o, pero si se estudia 2 a\u00f1os, el PGWP ser\u00e1 de hasta 3 a\u00f1os. Para el programa DUAL, en donde el estudiante solamente hace 1 a\u00f1o de estudios en Canad\u00e1, el PGWP ser\u00e1 solamente de 1 a\u00f1o.&nbsp;<\/p>\n<\/p>\n<p>\u00bfC\u00f3mo certificar los niveles de ingl\u00e9s y franc\u00e9s para College de l`\u00cele?<\/p>\n<p>A continuaci\u00f3n, te mostramos las acreditaciones y ex\u00e1menes disponibles para certificar cualquiera de los dos idiomas:<\/p>\n<p>Nivel de Franc\u00e9s<\/p>\n<p>Se<br \/>\n acredita aprobando el examen de salida Nivel 12 del programa LRDG de<br \/>\nCollege de l`\u00cele o con un certificado B2 de una instituci\u00f3n reconocida. <\/p>\n<p>*Aplica para poder iniciar cualquiera de los programas de la instituci\u00f3n.&nbsp;<\/p>\n<\/p>\n<p>Nivel de Ingl\u00e9s&nbsp;<\/p>\n<p>Se<br \/>\n acredita con un certificado oficial IELTS 6.5 o TOEFL iBT 85, o<br \/>\nacreditando el Nivel 12 del programa LRDG de College de l`\u00cele&nbsp;<\/p>\n<p>*Aplica para poder iniciar los programas de Salud de la instituci\u00f3n.&nbsp;<\/p>\n<p>*Aplica para poder graduarte de todos los programas de la instituci\u00f3n.<\/p>\n<p>*Se recomienda tener Nivel B1 para iniciar en todos los programas.<\/p>\n<\/p>\n<p><img fetchpriority=\"high\" decoding=\"async\" src=\"https:\/\/istudy.mx\/itrips\/wp-content\/uploads\/2020\/01\/ISTUDY_INTERNATIONAL_TRIPS-300x300.png\" alt=\"\" title=\"ISTUDY_INTERNATIONAL_TRIPS\" width=\"300\" height=\"300\" data-op3-attachment-id=\"\" \/><a class=\"op3-link op3-background-ancestor\" href=\"https:\/\/www.facebook.com\/iStudyInternationalTrips\/\" target=\"_blank\" data-op-action=\"\" data-op-select-funnel-step=\"\" data-op-animation-trigger=\"\" data-op-animation-style=\"\" data-op-animation-loop=\"\" data-op-timer-minutes=\"\" data-op-timer-seconds=\"\" data-op3-smooth-scroll=\"\" rel=\"noopener\"><\/a><a class=\"op3-link op3-background-ancestor\" href=\"https:\/\/www.youtube.com\/channel\/UCi0TDU_YeJ3snQR4JcvwZTQ\" target=\"_blank\" data-op-action=\"\" data-op-select-funnel-step=\"\" data-op-animation-trigger=\"\" data-op-animation-style=\"\" data-op-animation-loop=\"\" data-op-timer-minutes=\"\" data-op-timer-seconds=\"\" data-op3-smooth-scroll=\"\" rel=\"noopener\"><\/a><a class=\"op3-link op3-background-ancestor\" href=\"https:\/\/www.instagram.com\/istudylite\/\" target=\"_blank\" data-op-action=\"\" data-op-select-funnel-step=\"\" data-op-animation-trigger=\"\" data-op-animation-style=\"\" data-op-animation-loop=\"\" data-op-timer-minutes=\"\" data-op-timer-seconds=\"\" data-op3-smooth-scroll=\"\" rel=\"noopener\"><\/a><\/p>\n<p><a href=\"mailto:contacto@istudy.mx\" target=\"_blank\" rel=\"noopener\">contacto@istudy.mx<\/a><\/p>\n<p><a href=\"https:\/\/istudy.mx\/itrips\/asesoria\/\" target=\"_blank\" rel=\"noopener\">Hablar con un Concierge Educativo<\/a><\/p>\n<p><a href=\"http:\/\/eepurl.com\/gFEPIP\" target=\"_blank\" rel=\"noopener\">Suscribirse al Newsletter<\/a><\/p>\n","protected":false},"excerpt":{"rendered":"<p>HOME Estudia en la Isla del Pr\u00edncipe Eduardo, Canad\u00e1 Sobre la instituci\u00f3n:&nbsp; Dos campus en IPE: Charlottetown y Wellington&nbsp; Idioma de instrucci\u00f3n: &nbsp;Franc\u00e9s&nbsp; N\u00famero de estudiantes: &nbsp; &nbsp; &nbsp; &nbsp;&nbsp; 100 Tipo de instituci\u00f3n: P\u00fablica DLI O19220114112 Programas que se ofrecen: idioma franc\u00e9s, certificados y diplomas, programa DUAL Fechas de inicio: Mensuales seg\u00fan el nivel [&hellip;]<\/p>\n","protected":false},"author":123457,"featured_media":0,"parent":0,"menu_order":0,"comment_status":"closed","ping_status":"closed","template":"op_builder_blank","meta":{"footnotes":""},"class_list":["post-566","page","type-page","status-publish","hentry"],"_links":{"self":[{"href":"https:\/\/istudy.mx\/itrips\/wp-json\/wp\/v2\/pages\/566","targetHints":{"allow":["GET"]}}],"collection":[{"href":"https:\/\/istudy.mx\/itrips\/wp-json\/wp\/v2\/pages"}],"about":[{"href":"https:\/\/istudy.mx\/itrips\/wp-json\/wp\/v2\/types\/page"}],"author":[{"embeddable":true,"href":"https:\/\/istudy.mx\/itrips\/wp-json\/wp\/v2\/users\/123457"}],"replies":[{"embeddable":true,"href":"https:\/\/istudy.mx\/itrips\/wp-json\/wp\/v2\/comments?post=566"}],"version-history":[{"count":78,"href":"https:\/\/istudy.mx\/itrips\/wp-json\/wp\/v2\/pages\/566\/revisions"}],"predecessor-version":[{"id":2730,"href":"https:\/\/istudy.mx\/itrips\/wp-json\/wp\/v2\/pages\/566\/revisions\/2730"}],"wp:attachment":[{"href":"https:\/\/istudy.mx\/itrips\/wp-json\/wp\/v2\/media?parent=566"}],"curies":[{"name":"wp","href":"https:\/\/api.w.org\/{rel}","templated":true}]}}