{"id":5563,"date":"2024-08-26T17:42:12","date_gmt":"2024-08-26T23:42:12","guid":{"rendered":"https:\/\/istudy.mx\/itrips\/?page_id=5563"},"modified":"2024-08-28T18:56:08","modified_gmt":"2024-08-29T00:56:08","slug":"equitacionirlanda","status":"publish","type":"page","link":"https:\/\/istudy.mx\/itrips\/equitacionirlanda\/","title":{"rendered":"Estudia Ingl\u00e9s y Practica Equitaci\u00f3n en Irlanda \ud83c\uddee\ud83c\uddea"},"content":{"rendered":"<p><img fetchpriority=\"high\" decoding=\"async\" class=\"op3-element__image op3-element-image__image\" src=\"https:\/\/istudy.mx\/itrips\/wp-content\/uploads\/2024\/06\/iStudy-IT-ilum-e1718211813627.png\" alt=\"\" title=\"iStudy IT ilum\" width=\"800\" height=\"312\" data-op3-attachment-id=\"5367\" \/><\/p>\n<h2>Estudia Ingl\u00e9s y Practica Equitaci\u00f3n en Irlanda <\/h2>\n<h2>&nbsp;Descubre la experiencia \u00fanica de aprender ingl\u00e9s y practicar equitaci\u00f3n en el condado de Kildare en Ia Isla Esmeralda.<\/h2>\n<p>Kildare, conocido mundialmente como el Condado de los Pura Sangre, es un lugar emblem\u00e1tico para los amantes de los caballos. Nuestro programa Ingl\u00e9s + Equitaci\u00f3n ofrece la combinaci\u00f3n perfecta entre el aprendizaje del ingl\u00e9s en nuestra escuela en el coraz\u00f3n de Naas y la pr\u00e1ctica de la equitaci\u00f3n en un centro ecuestre de primer nivel, ubicado a solo 20 minutos de nuestro campus. Con instructores altamente calificados que se adaptan a todos los niveles, desde principiantes hasta avanzados, garantizamos una experiencia enriquecedora y satisfactoria para todos nuestros estudiantes.<\/p>\n<h2>PROGRAMA INCLUYE<\/h2>\n<p>&#8211; Vuelos ida y vuelta desde C\u00f3rdoba, Argentina&nbsp;(o lugar a determinar).<\/p>\n<p>&#8211; Alojamiento por dos semanas en una familia anfitriona.- Clases de ingl\u00e9s en un entorno amigable y motivador.- Programa completo de equitaci\u00f3n adaptado a tu nivel.- Actividades sociales para mejorar la inmersi\u00f3n cultural.- Transporte de regreso al aeropuerto.- Registro en la escuela y material de estudio incluido.<\/p>\n<h2>FECHAS DISPONIBLES2025<\/h2>\n<p>MarzoAbrilMayoAgostoSeptiembreOctubre<\/p>\n<h2>INVERSI\u00d3N&nbsp;APROXIMADA<\/h2>\n<h2>\u20ac4900 Euros (varia seg\u00fan condiciones de vuelo y lugar de salida)<\/h2>\n<h2>\u00bfQui\u00e9nes somos?<\/h2>\n<p><img decoding=\"async\" class=\"op3-element__image op3-element-image__image\" src=\"https:\/\/istudy.mx\/itrips\/wp-content\/uploads\/2024\/06\/Mascota-istudy_5-235x300.png\" alt=\"\" title=\"Mascota istudy_5\" width=\"512\" height=\"256\" data-op3-attachment-id=\"5434\" \/><\/p>\n<p>En iStudy e IGETT  nos especializamos en crear experiencias educativas \u00fanicas para j\u00f3venes de Argentina. Ofrecemos programas que combinan el aprendizaje del ingl\u00e9s con actividades extracurriculares como la equitaci\u00f3n, dise\u00f1ados para que vivas una experiencia completa y enriquecedora en el extranjero. Ofrecemos salidas grupales e indiviuduales y personalizamos cada viaje a las necesidades de cada estudiante.<\/p>\n<h2>Solicita m\u00e1s informaci\u00f3n llenando este formulario: <\/h2>\n<p><a href=\"https:\/\/istudy.typeform.com\/to\/vYi2nuHD\" class=\"op3-link op3-background-ancestor\" target=\"_self\" data-op-action=\"link\" data-op-select-funnel-step=\"\" data-op3-smooth-scroll=\"0\" data-op-effect-style=\"\" data-op-effect-style-hover=\"\" data-op-courseaction=\"\" rel=\"noopener\">Equitaci\u00f3n Irlanda<\/a><a class=\"op3-element__link op3-element-icon__link op3-link\" href=\"https:\/\/www.facebook.com\/iStudyInternationalTrips\" target=\"_self\" data-op-action=\"link\" data-op-select-funnel-step=\"\" data-op3-smooth-scroll=\"0\" rel=\"noopener\"><\/a><a class=\"op3-element__link op3-element-icon__link op3-link\" href=\"https:\/\/www.instagram.com\/istudylite\/\" target=\"_self\" data-op-action=\"link\" data-op-select-funnel-step=\"\" data-op3-smooth-scroll=\"0\" rel=\"noopener\"><\/a><a class=\"op3-element__link op3-element-icon__link op3-link\" href=\"martin.arguello@igett.com\" target=\"_self\" data-op-action=\"link\" data-op-select-funnel-step=\"\" data-op3-smooth-scroll=\"0\" rel=\"noopener\"><\/a><\/p>\n","protected":false},"excerpt":{"rendered":"<p>Estudia Ingl\u00e9s y Practica Equitaci\u00f3n en Irlanda &nbsp;Descubre la experiencia \u00fanica de aprender ingl\u00e9s y practicar equitaci\u00f3n en el condado de Kildare en Ia Isla Esmeralda. Kildare, conocido mundialmente como el Condado de los Pura Sangre, es un lugar emblem\u00e1tico para los amantes de los caballos. Nuestro programa Ingl\u00e9s + Equitaci\u00f3n ofrece la combinaci\u00f3n perfecta [&hellip;]<\/p>\n","protected":false},"author":123457,"featured_media":0,"parent":0,"menu_order":0,"comment_status":"closed","ping_status":"closed","template":"elementor_canvas","meta":{"footnotes":""},"class_list":["post-5563","page","type-page","status-publish","hentry"],"_links":{"self":[{"href":"https:\/\/istudy.mx\/itrips\/wp-json\/wp\/v2\/pages\/5563","targetHints":{"allow":["GET"]}}],"collection":[{"href":"https:\/\/istudy.mx\/itrips\/wp-json\/wp\/v2\/pages"}],"about":[{"href":"https:\/\/istudy.mx\/itrips\/wp-json\/wp\/v2\/types\/page"}],"author":[{"embeddable":true,"href":"https:\/\/istudy.mx\/itrips\/wp-json\/wp\/v2\/users\/123457"}],"replies":[{"embeddable":true,"href":"https:\/\/istudy.mx\/itrips\/wp-json\/wp\/v2\/comments?post=5563"}],"version-history":[{"count":11,"href":"https:\/\/istudy.mx\/itrips\/wp-json\/wp\/v2\/pages\/5563\/revisions"}],"predecessor-version":[{"id":5586,"href":"https:\/\/istudy.mx\/itrips\/wp-json\/wp\/v2\/pages\/5563\/revisions\/5586"}],"wp:attachment":[{"href":"https:\/\/istudy.mx\/itrips\/wp-json\/wp\/v2\/media?parent=5563"}],"curies":[{"name":"wp","href":"https:\/\/api.w.org\/{rel}","templated":true}]}}