{"id":378,"date":"2020-01-03T04:10:38","date_gmt":"2020-01-03T04:10:38","guid":{"rendered":"http:\/\/istudy.mx\/itrips\/index-cloned-at-2020-04-11-012157\/"},"modified":"2026-03-19T10:01:21","modified_gmt":"2026-03-19T16:01:21","slug":"contratodeservicio","status":"publish","type":"page","link":"https:\/\/istudy.mx\/itrips\/contratodeservicio\/","title":{"rendered":"Contrato de Servicios iStudy International Trips"},"content":{"rendered":"<p><a target=\"_self\" rel=\"noopener noreferrer\" data-op-action=\"link\" data-op-popoverlay-trigger=\"none\" data-op-select-funnel-step=\"\"><img fetchpriority=\"high\" decoding=\"async\" title=\"ISTUDY_INTERNATIONAL_TRIPS\" src=\"https:\/\/istudy.mx\/itrips\/wp-content\/uploads\/2020\/01\/ISTUDY_INTERNATIONAL_TRIPS-300x300.png\" alt=\"\" width=\"300\" height=\"300\" \/><\/a><\/p>\n<p>HOME<\/p>\n<p>EDUCACI\u00d3N INTERNACIONAL<\/p>\n<p>SERVICIOS<\/p>\n<p><a href=\"https:\/\/istudy.mx\/itrips\/blog\">BLOG<\/a><\/p>\n<p>CONTACTO<\/p>\n<p><a target=\"_self\" rel=\"noopener noreferrer\" data-op-action=\"link\" data-op-popoverlay-trigger=\"none\" data-op-select-funnel-step=\"\"><img decoding=\"async\" title=\"1\" src=\"https:\/\/istudy.mx\/itrips\/wp-content\/uploads\/2020\/01\/1.png\" alt=\"\" width=\"1200\" height=\"300\" \/><\/a><\/p>\n<h2>\u00bfQui\u00e9nes somos?<\/h2>\n<p>iStudy International Trips es una agencia de movilidad acad\u00e9mica internacional que naci\u00f3 en 2009 como una escuela de ingl\u00e9s en la ciudad de Apodaca, Nuevo Le\u00f3n y poco a poco fue incorporando sus servicios de asesor\u00eda para viajes de estudio al extranjero.<\/p>\n<p>Nuestro equipo de trabajo es experto en la industria educativa internacional y esta preparado para ofrecerte los mejores programas y las mejores oportunidades para que puedas cumplir tu sue\u00f1o de viajar y estudiar fuera de M\u00e9xico.<\/p>\n<p>&nbsp;<\/p>\n<h2>10 +<\/h2>\n<p>de experiencia<\/p>\n<h2>4<\/h2>\n<p>destinos incre\u00edbles<\/p>\n<h2>200+<\/h2>\n<p>estudiantes viajando cada a\u00f1o<\/p>\n<p>&nbsp;<\/p>\n<h2>100+<\/h2>\n<p>opciones de programas internacionales<\/p>\n<h2>8<\/h2>\n<p>concierges educativos<\/p>\n<h2>$50,000 USD<\/h2>\n<p style=\"text-align: center;\">en descuentos anuales<\/p>\n<p><a target=\"_self\" rel=\"noopener noreferrer\" data-op-action=\"link\" data-op-popoverlay-trigger=\"none\" data-op-select-funnel-step=\"\"><img decoding=\"async\" title=\"81041831_2645537442234406_1402027438816362496_n\" src=\"https:\/\/istudy.mx\/itrips\/wp-content\/uploads\/2020\/01\/81041831_2645537442234406_1402027438816362496_n.png\" alt=\"\" width=\"1200\" height=\"300\" \/><\/a><\/p>\n<h2>\u00bfPor que elegir iStudy International Trips?<\/h2>\n<p><a target=\"_self\" rel=\"noopener noreferrer\" data-op-action=\"link\" data-op-popoverlay-trigger=\"none\">Nuestro equipo de trabajo no tiene rotaci\u00f3n, desde el 2009 estamos presentes en la industria de la educaci\u00f3n, lo que nos ha hecho tener una amplia experiencia.<\/a><a target=\"_self\" rel=\"noopener noreferrer\" data-op-action=\"link\" data-op-popoverlay-trigger=\"none\">Nuestros concierge educativos tienen flexibilidad y atenci\u00f3n 24\/7, siempre anteponiendo tus necesidades.<br \/>\n<\/a><a target=\"_self\" rel=\"noopener noreferrer\" data-op-action=\"link\" data-op-popoverlay-trigger=\"none\">Ofrecemos planes de pago, MSI y un tipo de cambio preferencial al liquidar tus cursos en moneda extranjera.<\/a><a target=\"_self\" rel=\"noopener noreferrer\" data-op-action=\"link\" data-op-popoverlay-trigger=\"none\">Contamos con tarifas preferenciales para colegiaturas y servicios adicionales con hasta 30% de descuento, adem\u00e1s no cobramos comisiones adicionales.<\/a><a target=\"_self\" rel=\"noopener noreferrer\" data-op-action=\"link\" data-op-popoverlay-trigger=\"none\">Tenemos atractivas promociones durante todo el a\u00f1o, lo que har\u00e1 que viajar y estudiar en el extranjero sea a\u00fan m\u00e1s sencillo.<\/a><a target=\"_self\" rel=\"noopener noreferrer\" data-op-action=\"link\" data-op-popoverlay-trigger=\"none\">Con nuestra escuela de ingl\u00e9s y plataforma para cursos virtuales, ofrecemos a nuestros estudiantes viajeros, la oportunidad de reforzar el idioma ingl\u00e9s o prepararse en l\u00ednea para el examen TOEFL a precios preferenciales con hasta 70% de descuento.<\/a><a target=\"_self\" rel=\"noopener noreferrer\" data-op-action=\"link\" data-op-popoverlay-trigger=\"none\">\u00a0Comunidad de apoyo en grupos privados de Whatsapp y Facebook, adem\u00e1s de reuniones de integraci\u00f3n para socializar e intercambiar tips para tu viaje.<\/a><a target=\"_self\" rel=\"noopener noreferrer\" data-op-action=\"link\" data-op-popoverlay-trigger=\"none\">\u00a0\u00a1Ya no vayas de oficina en oficina! Nosotros te ofrecemos todos los servicios que necesitas para tu viaje de estudios.<\/a><a target=\"_self\" rel=\"noopener noreferrer\" data-op-action=\"link\" data-op-popoverlay-trigger=\"none\">\u00a0Representamos a toda la Rep\u00fablica Mexicana, podemos hacer el tr\u00e1mite de tu viaje de manera remota sin complicaciones.<\/a><a target=\"_self\" rel=\"noopener noreferrer\" data-op-action=\"link\" data-op-popoverlay-trigger=\"none\">Al registrarte a nuestros programas, te entregaremos un iPlan, el planeador para tu viaje de estudios en el extranjero con el que no te perder\u00e1s de nada, (incluye rasca mapas y stickers personalizados).<\/a><\/p>\n<h2>Manifiesto de nuestros estudiantes<\/h2>\n<p><a target=\"_self\" rel=\"noopener noreferrer\" data-op-action=\"link\" data-op-popoverlay-trigger=\"none\" data-op-select-funnel-step=\"\"><img decoding=\"async\" title=\"\" src=\"https:\/\/istudy.mx\/itrips\/wp-content\/uploads\/2020\/01\/MANIFIESTO-1.pdf\" alt=\"choose your image\" width=\"\" height=\"\" \/><\/a><\/p>\n<h2>Instituciones que nos respaldan:<\/h2>\n<p><a target=\"_self\" rel=\"noopener noreferrer\" data-op-action=\"link\" data-op-popoverlay-trigger=\"none\" data-op-select-funnel-step=\"\"><img loading=\"lazy\" decoding=\"async\" title=\"centennial\" src=\"https:\/\/istudy.mx\/itrips\/wp-content\/uploads\/2020\/01\/centennial-300x156.png\" alt=\"\" width=\"300\" height=\"156\" \/><\/a><a target=\"_self\" rel=\"noopener noreferrer\" data-op-action=\"link\" data-op-popoverlay-trigger=\"none\" data-op-select-funnel-step=\"\"><img loading=\"lazy\" decoding=\"async\" title=\"ApplyBoard-Logo-Large\" src=\"https:\/\/istudy.mx\/itrips\/wp-content\/uploads\/2020\/01\/ApplyBoard-Logo-Large-300x85.png\" alt=\"\" width=\"300\" height=\"85\" \/><\/a><a target=\"_self\" rel=\"noopener noreferrer\" data-op-action=\"link\" data-op-popoverlay-trigger=\"none\" data-op-select-funnel-step=\"\"><img loading=\"lazy\" decoding=\"async\" title=\"Quest-Logo-Plain-Dark\" src=\"https:\/\/istudy.mx\/itrips\/wp-content\/uploads\/2020\/01\/Quest-Logo-Plain-Dark-300x142.png\" alt=\"\" width=\"300\" height=\"142\" \/><\/a><a target=\"_self\" rel=\"noopener noreferrer\" data-op-action=\"link\" data-op-popoverlay-trigger=\"none\" data-op-select-funnel-step=\"\"><img loading=\"lazy\" decoding=\"async\" title=\"college acadie\" src=\"https:\/\/istudy.mx\/itrips\/wp-content\/uploads\/2020\/01\/college-acadie-300x81.png\" alt=\"\" width=\"300\" height=\"81\" \/><\/a><a target=\"_self\" rel=\"noopener noreferrer\" data-op-action=\"link\" data-op-select-funnel-step=\"\"><img loading=\"lazy\" decoding=\"async\" title=\"sedacollegelogocolor\" src=\"https:\/\/istudy.mx\/itrips\/wp-content\/uploads\/2020\/01\/sedacollegelogocolor.png\" alt=\"\" width=\"269\" height=\"100\" \/><\/a><a target=\"_self\" rel=\"noopener noreferrer\" data-op-action=\"link\" data-op-popoverlay-trigger=\"none\" data-op-select-funnel-step=\"\"><img loading=\"lazy\" decoding=\"async\" title=\"SGIC-1000x1000-e1501266596546\" src=\"https:\/\/istudy.mx\/itrips\/wp-content\/uploads\/2020\/01\/SGIC-1000x1000-e1501266596546-1-300x143.png\" alt=\"\" width=\"300\" height=\"143\" \/><\/a><a target=\"_self\" rel=\"noopener noreferrer\" data-op-action=\"link\" data-op-popoverlay-trigger=\"none\" data-op-select-funnel-step=\"\"><img fetchpriority=\"high\" decoding=\"async\" title=\"ISTUDY_INTERNATIONAL_TRIPS\" src=\"https:\/\/istudy.mx\/itrips\/wp-content\/uploads\/2020\/01\/ISTUDY_INTERNATIONAL_TRIPS-300x300.png\" alt=\"\" width=\"300\" height=\"300\" \/><\/a><\/p>\n<p><a href=\"mailto:contacto@istudy.mx\" target=\"_blank\" rel=\"noopener noreferrer\">contacto@istudy.mx<\/a><\/p>\n<p><a href=\"https:\/\/api.whatsapp.com\/send?phone=528115537389&amp;text=Hola, me gustar\u00eda recibir m\u00e1s informaci\u00f3n sobre viajes de estudio en el extranjero.\">Hablar con un Concierge Educativo<\/a><\/p>\n<p><a href=\"https:\/\/home.mycloud.com\/action\/share\/f10aa42b-e448-4ee3-a247-a972ffc4c432\" target=\"_blank\" rel=\"noopener noreferrer\">Aviso de Privacidad<\/a><\/p>\n<p><a href=\"http:\/\/eepurl.com\/gFEPIP\" target=\"_blank\" rel=\"noopener noreferrer\">Suscribirse al Newsletter<\/a><\/p>\n","protected":false},"excerpt":{"rendered":"<p>HOME EDUCACI\u00d3N INTERNACIONAL SERVICIOS BLOG CONTACTO \u00bfQui\u00e9nes somos? iStudy International Trips es una agencia de movilidad acad\u00e9mica internacional que naci\u00f3 en 2009 como una escuela de ingl\u00e9s en la ciudad de Apodaca, Nuevo Le\u00f3n y poco a poco fue incorporando sus servicios de asesor\u00eda para viajes de estudio al extranjero. Nuestro equipo de trabajo es [&hellip;]<\/p>\n","protected":false},"author":123457,"featured_media":0,"parent":0,"menu_order":0,"comment_status":"closed","ping_status":"closed","template":"op_builder_blank","meta":{"footnotes":""},"class_list":["post-378","page","type-page","status-publish","hentry"],"_links":{"self":[{"href":"https:\/\/istudy.mx\/itrips\/wp-json\/wp\/v2\/pages\/378","targetHints":{"allow":["GET"]}}],"collection":[{"href":"https:\/\/istudy.mx\/itrips\/wp-json\/wp\/v2\/pages"}],"about":[{"href":"https:\/\/istudy.mx\/itrips\/wp-json\/wp\/v2\/types\/page"}],"author":[{"embeddable":true,"href":"https:\/\/istudy.mx\/itrips\/wp-json\/wp\/v2\/users\/123457"}],"replies":[{"embeddable":true,"href":"https:\/\/istudy.mx\/itrips\/wp-json\/wp\/v2\/comments?post=378"}],"version-history":[{"count":32,"href":"https:\/\/istudy.mx\/itrips\/wp-json\/wp\/v2\/pages\/378\/revisions"}],"predecessor-version":[{"id":6213,"href":"https:\/\/istudy.mx\/itrips\/wp-json\/wp\/v2\/pages\/378\/revisions\/6213"}],"wp:attachment":[{"href":"https:\/\/istudy.mx\/itrips\/wp-json\/wp\/v2\/media?parent=378"}],"curies":[{"name":"wp","href":"https:\/\/api.w.org\/{rel}","templated":true}]}}