{"id":2791,"date":"2022-11-10T11:46:45","date_gmt":"2022-11-10T17:46:45","guid":{"rendered":"https:\/\/istudy.mx\/itrips\/?page_id=2791"},"modified":"2025-10-01T07:50:44","modified_gmt":"2025-10-01T13:50:44","slug":"whatsapp","status":"publish","type":"page","link":"https:\/\/istudy.mx\/itrips\/whatsapp\/","title":{"rendered":"WhatsApp"},"content":{"rendered":"<p><img decoding=\"async\" class=\"op3-element__image op3-element-image__image\" title=\"cropped-ISTUDY_INTERNATIONAL_TRIPS.png\" src=\"https:\/\/istudy.mx\/itrips\/wp-content\/uploads\/2020\/11\/cropped-ISTUDY_INTERNATIONAL_TRIPS-300x300.png\" alt=\"\" width=\"1140\" data-op3-attachment-id=\"895\" \/><\/p>\n<p>\ud83c\udf0d \u00a1Haz realidad tu sue\u00f1o de estudiar en el extranjero con \u00a0iStudy International Trips! \ud83c\udf93\u2708\ufe0f<\/p>\n<p>Gracias por tu inter\u00e9s en nuestros programas de movilidad acad\u00e9mica internacional. Nuestro equipo de concierges educativos est\u00e1 listo para guiarte en cada paso del proceso y ayudarte a encontrar la mejor opci\u00f3n para ti.<\/p>\n<p>\ud83d\udce9 Inicia una conversaci\u00f3n seleccionando el bot\u00f3n correspondiente a tu pa\u00eds de origen y comencemos a planear\u00a0tu\u00a0pr\u00f3xima\u00a0aventura educativa en el extranjero. \ud83c\udf1f\u2728<\/p>\n<p><a class=\"op3-link op3-background-ancestor\" href=\"https:\/\/wa.me\/message\/35RZLHTSS67DF1 \" target=\"_blank\" rel=\"noopener\" data-op-action=\"link\" data-op-select-funnel-step=\"\" data-op3-smooth-scroll=\"0\" data-op-effect-style=\"\" data-op-effect-style-hover=\"\" data-op-courseaction=\"\">CONCIERGE EDUCATIVO\u00a0\ud83c\uddf2\ud83c\uddfd\ud83c\udff3\ufe0f M\u00c9XICO Y LATAM &#8211; TANIA ALONSO<\/a><a class=\"op3-link op3-background-ancestor\" href=\"https:\/\/bit.ly\/38Bzmu9\" target=\"_blank\" rel=\"noopener\" data-op-action=\"link\" data-op-select-funnel-step=\"\" data-op3-smooth-scroll=\"0\" data-op-effect-style=\"\" data-op-effect-style-hover=\"\" data-op-courseaction=\"\">CONCIERGE EDUCATIVO\u00a0\ud83c\uddf2\ud83c\uddfd\u00a0M\u00c9XICO Y LATAM &#8211;\u00a0JUANITA ESPINOSA\u00a0<\/a><a class=\"op3-link op3-background-ancestor\" href=\"https:\/\/wa.link\/9k6uli \" target=\"_blank\" rel=\"noopener\" data-op-action=\"link\" data-op-select-funnel-step=\"\" data-op3-smooth-scroll=\"0\" data-op-effect-style=\"\" data-op-effect-style-hover=\"\" data-op-courseaction=\"\">CONCIERGE EDUCATIVO\u00a0\ud83c\uddf2\ud83c\uddfd M\u00c9XICO &#8211;\u00a0LILY L\u00d3PEZ\u00a0<\/a><a class=\"op3-link op3-background-ancestor\" href=\"https:\/\/wa.me\/5493512370456\" target=\"_blank\" rel=\"noopener\" data-op-action=\"link\" data-op-select-funnel-step=\"\" data-op3-smooth-scroll=\"0\" data-op-effect-style=\"\" data-op-effect-style-hover=\"\" data-op-courseaction=\"\">CONCIERGE EDUCATIVO\u00a0\ud83c\udde6\ud83c\uddf7 ARGENTINA &#8211; MARTIN ARGUELLO\u00a0\u00a0ISTUDY PARTNER\u00a0<\/a><\/p>\n","protected":false},"excerpt":{"rendered":"<p>\ud83c\udf0d \u00a1Haz realidad tu sue\u00f1o de estudiar en el extranjero con \u00a0iStudy International Trips! \ud83c\udf93\u2708\ufe0f Gracias por tu inter\u00e9s en nuestros programas de movilidad acad\u00e9mica internacional. Nuestro equipo de concierges educativos est\u00e1 listo para guiarte en cada paso del proceso y ayudarte a encontrar la mejor opci\u00f3n para ti. \ud83d\udce9 Inicia una conversaci\u00f3n seleccionando el [&hellip;]<\/p>\n","protected":false},"author":123457,"featured_media":0,"parent":0,"menu_order":0,"comment_status":"closed","ping_status":"closed","template":"op_builder_full_width","meta":{"footnotes":""},"class_list":["post-2791","page","type-page","status-publish","hentry"],"_links":{"self":[{"href":"https:\/\/istudy.mx\/itrips\/wp-json\/wp\/v2\/pages\/2791","targetHints":{"allow":["GET"]}}],"collection":[{"href":"https:\/\/istudy.mx\/itrips\/wp-json\/wp\/v2\/pages"}],"about":[{"href":"https:\/\/istudy.mx\/itrips\/wp-json\/wp\/v2\/types\/page"}],"author":[{"embeddable":true,"href":"https:\/\/istudy.mx\/itrips\/wp-json\/wp\/v2\/users\/123457"}],"replies":[{"embeddable":true,"href":"https:\/\/istudy.mx\/itrips\/wp-json\/wp\/v2\/comments?post=2791"}],"version-history":[{"count":28,"href":"https:\/\/istudy.mx\/itrips\/wp-json\/wp\/v2\/pages\/2791\/revisions"}],"predecessor-version":[{"id":6087,"href":"https:\/\/istudy.mx\/itrips\/wp-json\/wp\/v2\/pages\/2791\/revisions\/6087"}],"wp:attachment":[{"href":"https:\/\/istudy.mx\/itrips\/wp-json\/wp\/v2\/media?parent=2791"}],"curies":[{"name":"wp","href":"https:\/\/api.w.org\/{rel}","templated":true}]}}