{"id":2452,"date":"2022-06-03T20:43:29","date_gmt":"2022-06-04T02:43:29","guid":{"rendered":"https:\/\/istudy.mx\/itrips\/?page_id=2452"},"modified":"2026-01-25T15:03:01","modified_gmt":"2026-01-25T21:03:01","slug":"aupair","status":"publish","type":"page","link":"https:\/\/istudy.mx\/itrips\/aupair\/","title":{"rendered":"Aupair"},"content":{"rendered":"<p><img fetchpriority=\"high\" decoding=\"async\" class=\"op3-element__image op3-element-image__image\" src=\"https:\/\/istudy.mx\/itrips\/wp-content\/uploads\/2020\/01\/ISTUDY_INTERNATIONAL_TRIPS-300x300.png\" alt=\"\" title=\"ISTUDY_INTERNATIONAL_TRIPS\" width=\"300\" height=\"300\" data-op3-attachment-id=\"\" \/><\/p>\n<p><a href=\" https:\/\/istudy.mx\/itrips\">HOME<\/a><\/p>\n<h2>\nTRABAJA COMO NI\u00d1ERA EN EL EXTRANJERO<\/h2>\n<h2>\n<a target=\"_self\">Ser<br \/>\n Au Pair te permitir\u00e1 vivir en el extranjero mientras trabajas al<br \/>\ncuidado de ni\u00f1os, estudias, haces nuevos amigos y viajas por tu pa\u00eds<br \/>\nanfitri\u00f3n.<\/a><\/p>\n<\/h2>\n<h2>\nAU PAIR es una palabra francesa<br \/>\nusada para denominar a la persona acogida temporalmente por una familia a<br \/>\n cambio de un trabajo auxiliar, como cuidar a los ni\u00f1os, conviviendo con<br \/>\n la familia receptora como un miembro m\u00e1s, recibiendo una peque\u00f1a<br \/>\nremuneraci\u00f3n a cambio de su trabajo.<\/p>\n<\/h2>\n<h2>Misi\u00f3n <\/h2>\n<p>Brindar experiencias de vida a j\u00f3venes y familias en b\u00fasqueda de un intercambio&nbsp; cultural.&nbsp;Viaja a otros pai\u0301ses de forma econo\u0301mica, segura y confiable y cuenta con toda la red de apoyo de iStudy y The Aupair Company.<\/p>\n<p><img decoding=\"async\" class=\"op3-element__image op3-element-image__image\" src=\"https:\/\/istudy.mx\/itrips\/wp-content\/uploads\/2022\/07\/photo-1657453881260-01f59e9fc086.jpeg\" alt=\"\" title=\"photo-1657453882045-9f2d5f5526d5\" width=\"1080\" height=\"1749\" data-op3-attachment-id=\"2600\" \/><\/p>\n<h2>Ventajas del programa <\/h2>\n<p>Tener un intercambio cultural mientras trabajas.<br \/>\nPerfeccionar un segundo idioma.<br \/>\nAdquirir nuevos conocimientos acad\u00e9micos tras asistir a clases de tu preferencia.<br \/>\nEnriquecer tu CV.<br \/>\nHacer amigos de todo el mundo y tener una nueva familia.<br \/>\nGanar confianza en ti misma y reforzar valores como la independencia, tolerancia y patriotismo.<\/p>\n<h2>Requisitos Generales <\/h2>\n<p>Pasaporte vigente <\/p>\n<p>Ser soltera y no tener hijos<\/p>\n<p>Bachiller o equivalente terminado<\/p>\n<p>Saber manejar y tener licencia de conducir <\/p>\n<p>Certificado de primeros auxilios <\/p>\n<p>Presentar una carta de no antecedentes <\/p>\n<p>Presentar un certificado de buena salud y vacunas completas<br \/>\nDisfrutar del cuidado de nin\u0303os y 2 experiencias al menos de 300 horas<br \/>\nPresentar documentaci\u00f3n requerida seg\u00fan el pa\u00eds destino y aprobar sus lineamientos de visado<br \/>\nCrear un video presentaci\u00f3n para la familia<br \/>\nAcreditar examenes de diagn\u00f3stico en el idioma y entrevista con el personal The AuPair Company<\/p>\n<h2>LOS PROGRAMAS INCLUYEN<\/h2>\n<p>Orientaci\u00f3n<br \/>\ngratuita durante el proceso y estancia <\/p>\n<p>Seguro m\u00e9dicoTalleres de preparaci\u00f3n en l\u00edneaL\u00ednea de emergencia 24 horasHospedaje y alimentaci\u00f3n Certificado de participaci\u00f3n de programa Asesor\u00eda completa durante todo el proceso Oportunidad de extender la estad\u00eda Coordinadora local en cada pa\u00eds <a aria-label=\"Button link\" href=\"https:\/\/home.mycloud.com\/action\/share\/9d20b64d-d73b-42ed-a027-2fe5220439d8\" class=\"op3-element__tcp--non-a op3-link op3-background-ancestor\" target=\"_blank\"  data-op-action=\"link\" data-op-select-funnel-step=\"\" data-op3-smooth-scroll=\"0\" data-op-effect-style=\"\" data-op-effect-style-hover=\"\" data-op-courseaction=\"\">DESCARGA FOLLETO AQU\u00cd<\/a><\/p>\n<h2>Detalles particulares por destino: <\/h2>\n<h2>ESTADOS UNIDOS<\/h2>\n<p>Duraci\u00f3n de la estancia:&nbsp; 1 a\u00f1o<\/p>\n<\/p>\n<p>Edad requerida: 18 a 26 a\u00f1os<\/p>\n<\/p>\n<p>Idioma: Ingl\u00e9s avanzado <\/p>\n<\/p>\n<p>Horas de Trabajo: 45<\/p>\n<p>Pago Semanal: $195.75 USD por semana + $500 do\u0301lares al an\u0303o para estudiar&nbsp; <\/p>\n<p>Descanso y vacaciones:<\/p>\n<p>D\u00eda y medio de descanso y 2 semanas de vacaciones + 4 d\u00edas de entrenamiento en Nueva Jersey<\/p>\n<\/p>\n<p>Vuelo: Incluido<\/p>\n<p>Inversi\u00f3n: $1500 USD + PA<\/p>\n<\/p>\n<h2>FRANCIA<\/h2>\n<p>Duraci\u00f3n de la estancia:&nbsp; 1 a\u00f1o<\/p>\n<\/p>\n<p>Edad requerida: 18 a 26 a\u00f1os<\/p>\n<\/p>\n<p>Idioma: Ingl\u00e9s avanzado | Franc\u00e9s A1 <\/p>\n<\/p>\n<p>Horas de Trabajo: 35<\/p>\n<p>Pago Semanal: \u20ac80 euros por semana + apoyo para trasporte semanal Descanso y vacaciones:<\/p>\n<p>Un d\u00eda de descanso + 2 semanas de vacaciones pagadas <\/p>\n<\/p>\n<p>Vuelo: No Incluido<\/p>\n<p>Inversi\u00f3n: $1500 USD + PA<\/p>\n<\/p>\n<h2>ALEMANIA<\/h2>\n<p>Duraci\u00f3n de la estancia:&nbsp; 1 a\u00f1o<\/p>\n<\/p>\n<p>Edad requerida: 18 a 26 a\u00f1os<\/p>\n<\/p>\n<p>Idioma: Ingl\u00e9s avanzado | Alem\u00e1n A1<\/p>\n<p>Horas de Trabajo: 30<\/p>\n<p>Pago Semanal: \u20ac260 euros por semana + hasta \u20ac90 euros mensuales para estudiar<\/p>\n<p>Descanso y vacaciones:<\/p>\n<p>D\u00eda y medio de descanso y 4 semanas de vacaciones <\/p>\n<\/p>\n<p>Vuelo: Incluido<\/p>\n<p>Inversi\u00f3n: $1500 USD + PA<\/p>\n<\/p>\n<h2>IRLANDA<\/h2>\n<p>Duraci\u00f3n de la estancia:&nbsp; 33 semanas<\/p>\n<\/p>\n<p>Edad requerida: 18 a 29 a\u00f1os<\/p>\n<\/p>\n<p>Idioma: Ingl\u00e9s intermedio<\/p>\n<p>Horas de Trabajo: 40<\/p>\n<p>Pago Semanal: \u20ac120 euros por semana<\/p>\n<p>Descanso y vacaciones:<\/p>\n<p>A convenir seg\u00fan la familia<\/p>\n<\/p>\n<p>Vuelo: No Incluido <\/p>\n<p>*Curso de ingl\u00e9s de 16 horas por semana incluido<\/p>\n<p>Inversi\u00f3n: $3916 EUR + PA<\/p>\n<\/p>\n<h2>Inicia tu proceso de registro aqu\u00ed:&nbsp;<\/h2>\n<p><a aria-label=\"Button link\" href=\"\" class=\"op3-element__tcp--non-a op3-link op3-background-ancestor\" target=\"_self\"  data-op-action=\"link\" data-op-select-funnel-step=\"\" data-op3-smooth-scroll=\"0\" data-op-effect-style=\"\" data-op-effect-style-hover=\"\" data-op-courseaction=\"\">PAGA TU REGISTRO &#8211; $250 USD<\/a><\/p>\n<h2>SOLICITA TU PLAN DE PAGOS<\/h2>\n<h2>Proceso de admisi\u00f3n y selecci\u00f3n: <\/h2>\n<p>Asiste a un webinar informativo o solicita una cita con una de nuestras concierge educativas https:\/\/istudy.mx\/itrips\/asesoria\/ <\/p>\n<p>Elige el destino de tu preferencia y realiza el primer pago para reservar tu lugar ($250 USD).<\/p>\n<p>Realiza examenes de diagn\u00f3stico y presenta tu entrevista <\/p>\n<p>Inicia tu aplicacio\u0301n.&nbsp; Completa los formularios. <\/p>\n<p>Pronto una familia estar\u00e1 interesada y comenzar\u00e1s el proceso de seleccio\u0301n. <\/p>\n<p>Una vez asignada una familia, realiza los tra\u0301mites de visa y l\u00f3gistica para tu viaje<\/p>\n<p><img decoding=\"async\" class=\"op3-element__image op3-element-image__image\" src=\"https:\/\/istudy.mx\/itrips\/wp-content\/uploads\/2022\/11\/photo-1499237302743-ba2c2740f824.jpeg\" alt=\"\" title=\"photo-1566513783362-fd923a368d6b\" width=\"1080\" height=\"1620\" data-op3-attachment-id=\"2603\" \/><\/p>\n<p>Programa regulado por iStudy International Trips y The Au Pair Company&nbsp; empresas comprometidas en formar personas preparadas que tengan la oportunidad de vivir en el extranjero y desarrollen su potencial.<\/p>\n<h2>Preguntas Frecuentes: &nbsp;<\/h2>\n<p>\u00bfC\u00f3mo puedo comprobar que tengo experiencia con ni\u00f1os?<\/p>\n<\/p>\n<p>Con referencias.Necesitas referencias de cuidado infantil, nosotros te daremos el formato que deber\u00e1 llenarte al adulto que estuviste apoyando, igualmente necesitaras fotos donde te veas trabajando con ni\u00f1os.<\/p>\n<\/p>\n<\/p>\n<p>\u00bfQu\u00e9 tipo de experiencia con ni\u00f1os cuenta?<\/p>\n<\/p>\n<p>Tu experiencia es muy importante.Todas las actividades que hayas hecho con ni\u00f1os, ejemplos: ser ni\u00f1era, animadora de fiestas infantiles, maestra, tutora, coach de alg\u00fan deporte, misionera, catequista, scout, gu\u00eda de campamento, tu servicio social o voluntariado con ni\u00f1os, etc. Como extra te contar\u00e1 la experiencia que tengas con ni\u00f1os de tu familia.<\/p>\n<\/p>\n<p>\u00bfInvestigan a las familias anfitrionas?<\/p>\n<p>S\u00ed.As\u00ed<br \/>\n como las au pairs deben cumplir ciertos requisitos, las familias<br \/>\nanfitrionas deben hacerlo. La oficina central en cada pa\u00eds se encarga de<br \/>\n filtrar debidamente a las familias, verificando, cumplan con los<br \/>\nrequisitos necesarios y visitando su domicilio. <\/p>\n<\/p>\n<p>\u00bfCu\u00e1nto me tardar\u00e9 en encontrar familia?<\/p>\n<p>Alrededor de 6 meses.Encontrar a tu familia ideal puede ser r\u00e1pido o no, no existe una fecha exacta, pero el proceso puede tomar entre 3 y 6 meses.<\/p>\n<\/p>\n<p>\u00bfPuedo escoger a mi familia anfitriona?<\/p>\n<p>Es una decisi\u00f3n en conjunto.Una<br \/>\n vez que se envi\u00f3 tu aplicaci\u00f3n al pa\u00eds de destino, esta ser\u00e1 vista por<br \/>\nlas familias que est\u00e1n inscritas a nuestro programa. Si la familia te<br \/>\nselecciona para entrevista, entonces tendr\u00e1n la oportunidad de conocerse<br \/>\n v\u00eda Skype o tel\u00e9fono. Es una elecci\u00f3n mutua el finalizar con una<br \/>\nfamilia anfitriona. Debes platicar por lo menos dos veces con la familia<br \/>\n que te encant\u00f3 para asegurarte que es tu familia ideal. <\/p>\n<\/p>\n<\/p>\n<\/p>\n<p>\u00bfQu\u00e9 contenido debe tener mi video?<\/p>\n<p>El contenido es muy importante, te damos tips:Graba tu video en un lugar tranquilo (en casa o en el exterior) y aseg\u00farate que tenga buena iluminaci\u00f3n. Mant\u00e9n contacto con la c\u00e1mara mientras hablas; habla claro, despacio y sonr\u00ede.Este es un video tipo curr\u00edculum, as\u00ed que v\u00edstete apropiadamente y habla sobre cosas que le puedan interesar a las familias anfitrionas:\u2022 Pres\u00e9ntate\u2022 Presenta a tu familia\u2022 Habla de tus hobbies, intereses, educaci\u00f3n.\u2022 Habla de tu experiencia con ni\u00f1os y qu\u00e9 es lo que m\u00e1s te gusta de cuidar ni\u00f1os.\u2022 \u00bfPor qu\u00e9 quieres ser au pair?\u2022 \u00bfPor qu\u00e9 la familia deber\u00eda elegirte como su au pair?\u2022 Habla un poco de tu pa\u00eds o ciudad donde vives.Empieza el video saludando a la familia anfitriona, diciendo tu nombre, edad y pa\u00eds en el que vives.Que alguien te ayude a filmar mientras cuidas o juegas con ni\u00f1os (d\u00e1ndoles de comer, en el columpio, jugando alg\u00fan deporte, ayudando con tarea, cantando\u2026). Otra buena idea es grabarte nadando con ni\u00f1os o manejando con ni\u00f1os en el carro (siempre los ni\u00f1os en la parte trasera y usando cintur\u00f3n de seguridad)S\u00e9 creativa, muestra tus talentos (art\u00edsticos, deportivos o manualidades)Agradece a la familia por ver tu video y hazles saber que quieres escuchar de ellos.El video solo debe durar 3 minutos (segundos m\u00e1s, segundos menos)S\u00e9 breve, pero concisa, para esto seguramente tendr\u00e1s que editarlo, haz uso de los efectos especiales, a la familia le encantar\u00e1 ver tu esfuerzo realizando el video.Los programas que puedes usar para hacer tu video son: Movie Maker, iMovie, \u00a1deja volar tu imaginaci\u00f3n!Los videos deben de estar guardados en estos formatos: MPEG, MOV, AVI, WMV o FLV<\/p>\n<\/p>\n<h2>\u00a1Convi\u00e9rte en una ni\u00f1era y l\u00e1nzate al extranjero!<\/h2>\n<p><img fetchpriority=\"high\" decoding=\"async\" class=\"op3-element__image op3-element-image__image\" src=\"https:\/\/istudy.mx\/itrips\/wp-content\/uploads\/2020\/01\/ISTUDY_INTERNATIONAL_TRIPS-300x300.png\" alt=\"\" title=\"ISTUDY_INTERNATIONAL_TRIPS\" width=\"300\" height=\"300\" data-op3-attachment-id=\"\" \/><a aria-label=\"Link\" class=\"op3-element__link op3-element-icon__link op3-element__tcp--non-a op3-link\" href=\"https:\/\/www.facebook.com\/iStudyInternationalTrips\/\" target=\"_blank\"  data-op-action=\"\" data-op-select-funnel-step=\"\" data-op3-smooth-scroll=\"\"><\/a><a aria-label=\"Link\" class=\"op3-element__link op3-element-icon__link op3-element__tcp--non-a op3-link\" href=\"https:\/\/www.instagram.com\/istudylite\/\" target=\"_blank\"  data-op-action=\"\" data-op-select-funnel-step=\"\" data-op3-smooth-scroll=\"\"><\/a><a aria-label=\"Link\" class=\"op3-element__link op3-element-icon__link op3-element__tcp--non-a op3-link\" href=\"https:\/\/www.youtube.com\/channel\/UCi0TDU_YeJ3snQR4JcvwZTQ \" target=\"_blank\"  data-op-action=\"\" data-op-select-funnel-step=\"\" data-op3-smooth-scroll=\"\"><\/a><\/p>\n<p><a href=\"mailto:contacto@istudy.mx\" target=\"_blank\">contacto@istudy.mx<\/a><\/p>\n<p><a href=\"https:\/\/istudy.mx\/itrips\/asesoria\/\" target=\"_blank\">Hablar con un Concierge Educativo<\/a><\/p>\n<p><a href=\"http:\/\/eepurl.com\/gFEPIP\" target=\"_blank\">Suscribirse al Newsletter<\/a><\/p>\n","protected":false},"excerpt":{"rendered":"<p>TRABAJA COMO NI\u00d1ERA EN EL EXTRANJERO<\/p>\n","protected":false},"author":123457,"featured_media":2424,"parent":0,"menu_order":0,"comment_status":"closed","ping_status":"closed","template":"op_builder_blank","meta":{"footnotes":""},"class_list":["post-2452","page","type-page","status-publish","has-post-thumbnail","hentry"],"_links":{"self":[{"href":"https:\/\/istudy.mx\/itrips\/wp-json\/wp\/v2\/pages\/2452","targetHints":{"allow":["GET"]}}],"collection":[{"href":"https:\/\/istudy.mx\/itrips\/wp-json\/wp\/v2\/pages"}],"about":[{"href":"https:\/\/istudy.mx\/itrips\/wp-json\/wp\/v2\/types\/page"}],"author":[{"embeddable":true,"href":"https:\/\/istudy.mx\/itrips\/wp-json\/wp\/v2\/users\/123457"}],"replies":[{"embeddable":true,"href":"https:\/\/istudy.mx\/itrips\/wp-json\/wp\/v2\/comments?post=2452"}],"version-history":[{"count":27,"href":"https:\/\/istudy.mx\/itrips\/wp-json\/wp\/v2\/pages\/2452\/revisions"}],"predecessor-version":[{"id":6115,"href":"https:\/\/istudy.mx\/itrips\/wp-json\/wp\/v2\/pages\/2452\/revisions\/6115"}],"wp:featuredmedia":[{"embeddable":true,"href":"https:\/\/istudy.mx\/itrips\/wp-json\/wp\/v2\/media\/2424"}],"wp:attachment":[{"href":"https:\/\/istudy.mx\/itrips\/wp-json\/wp\/v2\/media?parent=2452"}],"curies":[{"name":"wp","href":"https:\/\/api.w.org\/{rel}","templated":true}]}}