{"id":2188,"date":"2022-03-14T13:42:03","date_gmt":"2022-03-14T19:42:03","guid":{"rendered":"https:\/\/istudy.mx\/itrips\/?page_id=2188"},"modified":"2026-02-06T13:12:23","modified_gmt":"2026-02-06T19:12:23","slug":"camps","status":"publish","type":"page","link":"https:\/\/istudy.mx\/itrips\/camps\/","title":{"rendered":"Camps (verano-invierno)"},"content":{"rendered":"<p><a class=\"op3-element__link op3-element-image__link op3-link\" href=\"https:\/\/istudy.mx\/itrips\" target=\"_self\" data-op-action=\"link\" data-op-select-funnel-step=\"\" data-op3-smooth-scroll=\"\"><img fetchpriority=\"high\" decoding=\"async\" class=\"op3-element__image op3-element-image__image\" title=\"ISTUDY_INTERNATIONAL_TRIPS\" src=\"https:\/\/istudy.mx\/itrips\/wp-content\/uploads\/2020\/01\/ISTUDY_INTERNATIONAL_TRIPS-300x300.png\" alt=\"\" width=\"300\" height=\"300\" data-op3-attachment-id=\"\" \/><\/a><a class=\"op3-link op3-background-ancestor\" href=\"https:\/\/istudy.mx\/itrips\/\" target=\"_self\" data-op-action=\"link\" data-op-select-funnel-step=\"\" data-op3-smooth-scroll=\"\" data-op-effect-style=\"\" data-op-effect-style-hover=\"\" data-op-courseaction=\"\">Home<\/a><img decoding=\"async\" class=\"op3-element__image op3-element-image__image\" title=\"Logo istudy summer camp\" src=\"https:\/\/istudy.mx\/itrips\/wp-content\/uploads\/2022\/10\/Logo-istudy-summer-camp.png\" alt=\"\" width=\"1685\" height=\"706\" data-op3-attachment-id=\"2738\" \/><\/p>\n<p>Summer Camps 2025<\/p>\n<p><img decoding=\"async\" class=\"op3-element__image op3-element-image__image\" title=\"R\" src=\"https:\/\/istudy.mx\/itrips\/wp-content\/uploads\/2025\/01\/R.jpeg\" alt=\"\" width=\"1920\" height=\"761\" data-op3-attachment-id=\"5685\" \/><\/p>\n<h2>Experiencia&#8230; cultura, desarrolla valores, mejora tu persona<\/h2>\n<h2>Aprendizaje&#8230;inmersi\u00f3n del ingl\u00e9s dentro y fuera del aula<\/h2>\n<h2>Amigos&#8230; conoce gente de muchas nacionalidades<\/h2>\n<h2>Diversi\u00f3n&#8230;deportes, actividades culturales, sociales<\/h2>\n<h2>Este programa es para tus hijos si buscas&#8230;<\/h2>\n<p><img loading=\"lazy\" decoding=\"async\" class=\"op3-element__image op3-element-image__image\" title=\"Dise\u00f1o sin t\u00edtulo\" src=\"https:\/\/istudy.mx\/itrips\/wp-content\/uploads\/2025\/01\/Diseno-sin-titulo.png\" alt=\"\" width=\"1080\" height=\"1080\" data-op3-attachment-id=\"5687\" \/><img loading=\"lazy\" decoding=\"async\" class=\"op3-element__image op3-element-image__image\" title=\"Dise\u00f1o sin t\u00edtulo (1)\" src=\"https:\/\/istudy.mx\/itrips\/wp-content\/uploads\/2025\/01\/Diseno-sin-titulo-1.png\" alt=\"\" width=\"1080\" height=\"1080\" data-op3-attachment-id=\"5688\" \/><img loading=\"lazy\" decoding=\"async\" class=\"op3-element__image op3-element-image__image\" title=\"Dise\u00f1o sin t\u00edtulo (2)\" src=\"https:\/\/istudy.mx\/itrips\/wp-content\/uploads\/2025\/01\/Diseno-sin-titulo-2.png\" alt=\"\" width=\"1080\" height=\"1080\" data-op3-attachment-id=\"5689\" \/><\/p>\n<h2>que disfruten de una inmersi\u00f3n total en ingl\u00e9s<\/h2>\n<h2>que lo pasen bien mientras aprenden<\/h2>\n<h2>aumentar sus habilidades de comunicaci\u00f3n, y comprensi\u00f3n del idioma<\/h2>\n<p><img loading=\"lazy\" decoding=\"async\" class=\"op3-element__image op3-element-image__image\" title=\"Dise\u00f1o sin t\u00edtulo (3)\" src=\"https:\/\/istudy.mx\/itrips\/wp-content\/uploads\/2025\/01\/Diseno-sin-titulo-3.png\" alt=\"\" width=\"1080\" height=\"1080\" data-op3-attachment-id=\"5690\" \/><img loading=\"lazy\" decoding=\"async\" class=\"op3-element__image op3-element-image__image\" title=\"Dise\u00f1o sin t\u00edtulo (4)\" src=\"https:\/\/istudy.mx\/itrips\/wp-content\/uploads\/2025\/01\/Diseno-sin-titulo-4.png\" alt=\"\" width=\"1080\" height=\"1080\" data-op3-attachment-id=\"5691\" \/><img loading=\"lazy\" decoding=\"async\" class=\"op3-element__image op3-element-image__image\" title=\"Dise\u00f1o sin t\u00edtulo (5)\" src=\"https:\/\/istudy.mx\/itrips\/wp-content\/uploads\/2025\/01\/Diseno-sin-titulo-5.png\" alt=\"\" width=\"1080\" height=\"1080\" data-op3-attachment-id=\"5692\" \/><\/p>\n<h2>que vivan una experiencia inolvidable<\/h2>\n<h2>reforzar la confianza de tu hijo<\/h2>\n<h2>que juegue, haga deporte y conozca lugares incre\u00edbles<\/h2>\n<p>Toronto Canad\u00e1<\/p>\n<p>Toronto es una ciudad segura, tranquila y amigable.\u00a0Encontrar\u00e1s una gran variedad de cultura, ya que en esta ciudad habitan personas de m\u00e1s de 150 nacionalidades del mundo.\u00a0Es considerada una de las 10 mejores ciudades para vivir en el mundo.\u00a0Tiene opciones infinitas de entretenimiento, cultura y \u00e1reas verdes.\u00a0Ofrece una amplia oferta educativa totalmente personalizada a cada estudiante.<\/p>\n<p>La instituci\u00f3n encargada de nuestro programa acad\u00e9mico es QUEST<\/p>\n<p>Quest Languages Studies,\u00a0es una instituci\u00f3n privada canadiense con m\u00e1s de 20 a\u00f1os de experiencia en la ense\u00f1anza del ingl\u00e9s a estudiantes internacionales.<\/p>\n<p><img loading=\"lazy\" decoding=\"async\" class=\"op3-element__image op3-element-image__image\" title=\"IMG_3339\" src=\"https:\/\/istudy.mx\/itrips\/wp-content\/uploads\/2020\/04\/IMG_3339-scaled.jpg\" alt=\"\" width=\"2560\" height=\"1437\" data-op3-attachment-id=\"\" \/><\/p>\n<p>Conoce a QUEST en este video&#8230;<\/p>\n<p>Caracter\u00edsticas principales de nuestros campamentos de verano en Toronto:<\/p>\n<h2>FECHAS<\/h2>\n<p style=\"text-align: center;\">\u00a030 junio al 25 de julio 2025<\/p>\n<h2>EDADES<\/h2>\n<p style=\"text-align: center;\">15 a 18 a\u00f1os<\/p>\n<h2>DESTINO<\/h2>\n<p style=\"text-align: center;\">Toronto, Canad\u00e1<\/p>\n<p><img loading=\"lazy\" decoding=\"async\" class=\"op3-element__image op3-element-image__image\" title=\"viaje de verano\" src=\"https:\/\/istudy.mx\/itrips\/wp-content\/uploads\/2022\/10\/photo-1542704792-e30dac463c90.jpeg\" alt=\"\" width=\"2082\" height=\"2082\" data-op3-attachment-id=\"2198\" \/><img loading=\"lazy\" decoding=\"async\" class=\"op3-element__image op3-element-image__image\" title=\"viajede verano 2\" src=\"https:\/\/istudy.mx\/itrips\/wp-content\/uploads\/2022\/10\/photo-1569392172570-40916438c201.jpeg\" alt=\"\" width=\"2081\" height=\"2082\" data-op3-attachment-id=\"2199\" \/><\/p>\n<h2>INVERSI\u00d3N<\/h2>\n<p>Tarifa en CAD (dolar canadiense).\u00a0Reg\u00edstrate\u00a0con $298USD\u00a0y recibe nuestro paquete de asistencia.Liquida 5 semanas antes de tu fecha de salida.<\/p>\n<p>Nuestros paquetes incluyen:<\/p>\n<p><img loading=\"lazy\" decoding=\"async\" class=\"op3-element__image op3-element-image__image\" title=\"photo-1514924013411-cbf25faa35bb\" src=\"https:\/\/istudy.mx\/itrips\/wp-content\/uploads\/2022\/10\/photo-1514924013411-cbf25faa35bb.jpeg\" alt=\"\" width=\"1080\" height=\"1607\" data-op3-attachment-id=\"2734\" \/>Cuota de inscripci\u00f3n a QuestCurso de ingl\u00e9s 4 semanas\u00a0 Clases 20 lecciones por semanaExamen de ubicaci\u00f3n \u00a0Materiales de curso Seguro M\u00e9dico Internacional Actividades sociales y culturales despu\u00e9s de clase \u00a0Asistencia en la b\u00fasqueda de vueloAlojamiento en Familia por 4 semanas 3 alimentos diarios; desayuno, comida y cena\u00a0\u00a0Recepci\u00f3n en el aeropuerto y traslado a tu hospedaje temporal\u00a0 (ida y vuelta)Tr\u00e1mite eTA (M\u00e9xico (con visa americana o Chile) Carta CustodioCertificado de GrupoReuni\u00f3n de integraci\u00f3n previa a tu viajeL\u00edder por cada 15 estudiantes\u00a0 \u00a0\u00a0 *No incluye permiso de turista \u00a0 <a class=\"op3-link op3-background-ancestor\" href=\"https:\/\/home.mycloud.com\/action\/share\/e1e5399c-7755-4f12-8bb1-0a3b657b156f\" target=\"_blank\" rel=\"noopener\" data-op-action=\"link\" data-op-select-funnel-step=\"\" data-op3-smooth-scroll=\"0\" data-op-effect-style=\"\" data-op-effect-style-hover=\"\" data-op-courseaction=\"\">FOLLETO DESCARGABLE <\/a><img decoding=\"async\" class=\"op3-element__image op3-element-image__image\" title=\"Logo istudy summer camp\" src=\"https:\/\/istudy.mx\/itrips\/wp-content\/uploads\/2022\/10\/Logo-istudy-summer-camp.png\" alt=\"\" width=\"1685\" height=\"706\" data-op3-attachment-id=\"2738\" \/><\/p>\n<p>Londres Inglaterra<\/p>\n<p>Londres es sede de prestigiosas universidades y colegios, convirti\u00e9ndola en un centro global para estudiantes internacionales.Desde el Big Ben hasta la Torre de Londres, la ciudad est\u00e1 llena de monumentos ic\u00f3nicos.M\u00e1s del 40% de Londres est\u00e1 compuesto por parques y jardines, como Hyde Park y Regent&#8217;s Park.Su famoso metro y sistema de buses conectan toda la ciudad y sus alrededores.Aunque es famosa por su lluvia, Londres tiene un clima moderado durante todo el a\u00f1o.<\/p>\n<p>La instituci\u00f3n encargada de nuestro programa acad\u00e9mico es SOL CAMPS<\/p>\n<p>Sol Camps es una instituci\u00f3n dedicada a ofrecer programas educativos y recreativos para j\u00f3venes, enfoc\u00e1ndose en el aprendizaje del ingl\u00e9s y la inmersi\u00f3n cultural<\/p>\n<p><img loading=\"lazy\" decoding=\"async\" class=\"op3-element__image op3-element-image__image\" title=\"46454504_2961670613859358_2588300201995272192_o\" src=\"https:\/\/istudy.mx\/itrips\/wp-content\/uploads\/2025\/01\/46454504_2961670613859358_2588300201995272192_o.jpg\" alt=\"\" width=\"2016\" height=\"1512\" data-op3-attachment-id=\"5693\" \/><\/p>\n<p>Conoce a SOL Camps en este video&#8230;<\/p>\n<p>Caracter\u00edsticas principales de nuestros campamentos de verano en Londres:<\/p>\n<h2>FECHAS<\/h2>\n<p style=\"text-align: center;\">\u00a0julio 2025<\/p>\n<h2>EDADES<\/h2>\n<p style=\"text-align: center;\">15 a 18 a\u00f1os<\/p>\n<h2>DESTINO<\/h2>\n<p style=\"text-align: center;\">Londres, Inglaterra<\/p>\n<p><img loading=\"lazy\" decoding=\"async\" class=\"op3-element__image op3-element-image__image\" title=\"R (1)\" src=\"https:\/\/istudy.mx\/itrips\/wp-content\/uploads\/2025\/01\/R-1.jpeg\" alt=\"\" width=\"512\" height=\"256\" data-op3-attachment-id=\"5695\" \/><img loading=\"lazy\" decoding=\"async\" class=\"op3-element__image op3-element-image__image\" title=\"48430048_3029054767120942_1653146763499929600_o\" src=\"https:\/\/istudy.mx\/itrips\/wp-content\/uploads\/2025\/01\/48430048_3029054767120942_1653146763499929600_o.jpg\" alt=\"\" width=\"512\" height=\"256\" data-op3-attachment-id=\"5694\" \/><\/p>\n<h2>INVERSI\u00d3N<\/h2>\n<p>Tarifa en GBP (libra esterlina).\u00a0Reg\u00edstrate\u00a0con $298USD\u00a0y recibe nuestro paquete de asistencia.Liquida 5 semanas antes de tu fecha de salida.<\/p>\n<p>Nuestros paquetes incluyen:<\/p>\n<p><img loading=\"lazy\" decoding=\"async\" class=\"op3-element__image op3-element-image__image\" title=\"4a3e9d23f2e046c69eeb7a703aa33d88\" src=\"https:\/\/istudy.mx\/itrips\/wp-content\/uploads\/2025\/01\/4a3e9d23f2e046c69eeb7a703aa33d88.jpg\" alt=\"\" width=\"676\" height=\"1200\" data-op3-attachment-id=\"5697\" \/>Cuota de inscripci\u00f3n a campamentoCurso de ingl\u00e9s de 3 o 4 semanas\u00a0 Curso intensivo en horario matutinoExamen de ubicaci\u00f3n \u00a0Materiales de curso Seguro M\u00e9dico Internacional Actividades sociales y culturales despu\u00e9s de clase \u00a0Asistencia en la b\u00fasqueda de vueloAlojamiento en campus universitario\u00a03 alimentos diarios; desayuno, comida y cena\u00a0\u00a0Recepci\u00f3n en el aeropuerto y traslado a tu hospedaje temporal\u00a0 (ida y vuelta)Tr\u00e1mite eTA (M\u00e9xico o Chile) Carta CustodioCertificado de participaci\u00f3nReuni\u00f3n de integraci\u00f3n previa a tu viaje<a class=\"op3-link op3-background-ancestor\" href=\"https:\/\/home.mycloud.com\/action\/share\/60b0406e-c104-4fb2-ace6-dfe4bbd61b73\" target=\"_blank\" rel=\"noopener\" data-op-action=\"link\" data-op-select-funnel-step=\"\" data-op3-smooth-scroll=\"0\" data-op-effect-style=\"\" data-op-effect-style-hover=\"\" data-op-courseaction=\"\">FOLLETO DESCARGABLE <\/a><img loading=\"lazy\" decoding=\"async\" class=\"op3-element__image op3-element-image__image\" title=\"webinar 6feb\" src=\"https:\/\/istudy.mx\/itrips\/wp-content\/uploads\/2025\/01\/webinar-6feb.png\" alt=\"\" width=\"512\" height=\"256\" data-op3-attachment-id=\"5698\" \/><\/p>\n<h2>Te invitamos a nuestro Webinar donde tendremos grandes promociones para ti&#8230;\u00danete a nuestro grupo de Whatsapp y recibe tu acceso<\/h2>\n<p><a class=\"op3-link op3-background-ancestor\" href=\"https:\/\/chat.whatsapp.com\/IDWR5lEBWCN2mC8qhdAvgb\" target=\"_blank\" rel=\"noopener\" data-op-action=\"link\" data-op-select-funnel-step=\"\" data-op3-smooth-scroll=\"0\" data-op-effect-style=\"\" data-op-effect-style-hover=\"buzz\" data-op-courseaction=\"\">\u00danete a WhatsApp<\/a><\/p>\n<p>\u00bfNecesitas m\u00e1s informaci\u00f3n o un plan de pagos personalizado?<\/p>\n<p><a class=\"op3-link op3-background-ancestor\" href=\"#\" target=\"_self\" data-op-action=\"link\" data-op-select-funnel-step=\"\" data-op3-smooth-scroll=\"0\" data-op-effect-style=\"\" data-op-effect-style-hover=\"pop\" data-op-courseaction=\"\">Enviar Email<\/a><\/p>\n<p>Comun\u00edcate HOY mismo con nuestro concierge educativo y resuelve todas tus dudas.<\/p>\n<p>Liliana L\u00f3pez &#8211; liliana.lopez@istudy.mx &#8211; WhatsApp +52 8184654722<\/p>\n<p><a class=\"op3-link op3-background-ancestor\" href=\"https:\/\/calendly.com\/lililopez7\/40-minute-meeting?month=2022-03\" target=\"_self\" data-op-action=\"link\" data-op-select-funnel-step=\"\" data-op3-smooth-scroll=\"\" data-op-effect-style=\"\" data-op-effect-style-hover=\"\" data-op-courseaction=\"\">SOLICITAR CITA<\/a><img fetchpriority=\"high\" decoding=\"async\" class=\"op3-element__image op3-element-image__image\" title=\"ISTUDY_INTERNATIONAL_TRIPS\" src=\"https:\/\/istudy.mx\/itrips\/wp-content\/uploads\/2020\/01\/ISTUDY_INTERNATIONAL_TRIPS-300x300.png\" alt=\"\" width=\"300\" height=\"300\" data-op3-attachment-id=\"\" \/><\/p>\n<p><a href=\"mailto:contacto@istudy.mx\" target=\"_blank\" rel=\"noopener\">contacto@istudy.mx<\/a><\/p>\n<p><a href=\"http:\/\/eepurl.com\/gFEPIP\" target=\"_blank\" rel=\"noopener\">Suscribirse al Newsletter<\/a><\/p>\n","protected":false},"excerpt":{"rendered":"<p>Home Summer Camps 2025 Experiencia&#8230; cultura, desarrolla valores, mejora tu persona Aprendizaje&#8230;inmersi\u00f3n del ingl\u00e9s dentro y fuera del aula Amigos&#8230; conoce gente de muchas nacionalidades Diversi\u00f3n&#8230;deportes, actividades culturales, sociales Este programa es para tus hijos si buscas&#8230; que disfruten de una inmersi\u00f3n total en ingl\u00e9s que lo pasen bien mientras aprenden aumentar sus habilidades de [&hellip;]<\/p>\n","protected":false},"author":123457,"featured_media":0,"parent":0,"menu_order":0,"comment_status":"closed","ping_status":"closed","template":"op_builder_blank","meta":{"footnotes":""},"class_list":["post-2188","page","type-page","status-publish","hentry"],"_links":{"self":[{"href":"https:\/\/istudy.mx\/itrips\/wp-json\/wp\/v2\/pages\/2188","targetHints":{"allow":["GET"]}}],"collection":[{"href":"https:\/\/istudy.mx\/itrips\/wp-json\/wp\/v2\/pages"}],"about":[{"href":"https:\/\/istudy.mx\/itrips\/wp-json\/wp\/v2\/types\/page"}],"author":[{"embeddable":true,"href":"https:\/\/istudy.mx\/itrips\/wp-json\/wp\/v2\/users\/123457"}],"replies":[{"embeddable":true,"href":"https:\/\/istudy.mx\/itrips\/wp-json\/wp\/v2\/comments?post=2188"}],"version-history":[{"count":34,"href":"https:\/\/istudy.mx\/itrips\/wp-json\/wp\/v2\/pages\/2188\/revisions"}],"predecessor-version":[{"id":6125,"href":"https:\/\/istudy.mx\/itrips\/wp-json\/wp\/v2\/pages\/2188\/revisions\/6125"}],"wp:attachment":[{"href":"https:\/\/istudy.mx\/itrips\/wp-json\/wp\/v2\/media?parent=2188"}],"curies":[{"name":"wp","href":"https:\/\/api.w.org\/{rel}","templated":true}]}}