{"id":166,"date":"2020-01-03T04:10:38","date_gmt":"2020-01-03T04:10:38","guid":{"rendered":"http:\/\/istudy.mx\/itrips\/index-cloned-at-2020-01-05-232440\/"},"modified":"2025-03-23T17:45:51","modified_gmt":"2025-03-23T23:45:51","slug":"servicios","status":"publish","type":"page","link":"https:\/\/istudy.mx\/itrips\/servicios\/","title":{"rendered":"Servicios"},"content":{"rendered":"<p><a class=\"op3-element__link op3-element-image__link op3-link\" href=\"https:\/\/istudy.mx\/itrips\" target=\"_self\"  data-op-action=\"link\" data-op-select-funnel-step=\"\" data-op3-smooth-scroll=\"\"><img fetchpriority=\"high\" decoding=\"async\" class=\"op3-element__image op3-element-image__image\" src=\"https:\/\/istudy.mx\/itrips\/wp-content\/uploads\/2020\/01\/ISTUDY_INTERNATIONAL_TRIPS-300x300.png\" alt=\"\" title=\"ISTUDY_INTERNATIONAL_TRIPS\" width=\"300\" height=\"300\" data-op3-attachment-id=\"\" \/><\/a><\/p>\n<p><a href=\"https:\/\/istudy.mx\/itrips\/\">HOME<\/a><\/p>\n<p><a href=\"https:\/\/istudy.mx\/itrips\/internacional\/\">EDUCACI\u00d3N INTERNACIONAL<\/a><\/p>\n<p><a href=\"https:\/\/istudy.mx\/itrips\/servicios\/\">SERVICIOS<\/a><\/p>\n<p><a href=\"https:\/\/istudy.mx\/itrips\/blog\">BLOG<\/a><\/p>\n<p><a href=\"https:\/\/istudy.mx\/itrips\/contacto\/\">CONTACTO<\/a><\/p>\n<h2>Servicios Ofrecidos por Nuestra Agencia<\/h2>\n<p>Nuestros concierges educativos est\u00e1n listos para brindarte atenci\u00f3n personalizada y profesional para que re\u00fanas todos los servicios que necesitas para viajar y estudiar en el extranjero.&nbsp;<\/p>\n<p>Orientaci\u00f3n gratuita para tu viaje y acompa\u00f1amiento 24\/7<\/p>\n<p>Traducciones de documentos oficiales para tu&nbsp;aplicaci\u00f3n<\/p>\n<p>Boletos de avi\u00f3n<\/p>\n<p>Seguro M\u00e9dico internacional<\/p>\n<p>Traslados aeropuerto<\/p>\n<p style=\"text-align: center;\">Alojamientos<\/p>\n<p style=\"text-align: center;\">Licencia de manejo internacional<\/p>\n<p>Tr\u00e1mite de visa<\/p>\n<p>Carta custodio para menores<\/p>\n<p>Cursos e-learning apoyar\u00e1n tu proceso&nbsp;<\/p>\n<p><a href=\"http:\/\/istudy.mx\/elearning\/cursosvirtuales\/\" target=\"_blank\">http:\/\/istudy.mx\/elearning\/cursosvirtuales\/<\/a><\/p>\n<p style=\"text-align: center;\">Viajes Tur\u00edsticos<\/p>\n<p>Financiamiento educativo y tipo de cambio preferencial<\/p>\n<h2>Personaliza tu viaje de estudios con una cita o llamada gratuita con nuestros Concierges Educativos.<\/h2>\n<p><a href=\"https:\/\/istudy.mx\/itrips\/asesoria\/\" class=\"op3-link op3-background-ancestor\" target=\"_blank\"  data-op-action=\"link\" data-op-select-funnel-step=\"\" data-op3-smooth-scroll=\"0\" data-op-effect-style=\"\" data-op-effect-style-hover=\"\" data-op-courseaction=\"\">Solic\u00edtala Aqu\u00ed<\/a><\/p>\n<h2>Descarga Nuestro Folleto Digital<\/h2>\n<p><a href=\"https:\/\/home.mycloud.com\/action\/share\/b9efbf99-0c98-4531-a371-c372201473c5\" class=\"op3-link op3-background-ancestor\" target=\"_blank\"  data-op-action=\"link\" data-op-select-funnel-step=\"\" data-op3-smooth-scroll=\"\" data-op-effect-style=\"\" data-op-effect-style-hover=\"\" data-op-courseaction=\"\">Desc\u00e1rgalo Aqu\u00ed<\/a><img decoding=\"async\" class=\"op3-element__image op3-element-image__image\" src=\"https:\/\/istudy.mx\/itrips\/wp-content\/uploads\/2020\/01\/81798191_3229646333719459_6189109171309248512_n.jpg\" alt=\"\" title=\"81798191_3229646333719459_6189109171309248512_n\" width=\"1125\" height=\"1428\" data-op3-attachment-id=\"\" \/><img fetchpriority=\"high\" decoding=\"async\" class=\"op3-element__image op3-element-image__image\" src=\"https:\/\/istudy.mx\/itrips\/wp-content\/uploads\/2020\/01\/ISTUDY_INTERNATIONAL_TRIPS-300x300.png\" alt=\"\" title=\"ISTUDY_INTERNATIONAL_TRIPS\" width=\"300\" height=\"300\" data-op3-attachment-id=\"\" \/><a class=\"op3-element__link op3-element-icon__link op3-link\" href=\"https:\/\/www.facebook.com\/iStudyInternationalTrips\/\" target=\"_blank\"  data-op-action=\"\" data-op-select-funnel-step=\"\" data-op3-smooth-scroll=\"\"><\/a><a class=\"op3-element__link op3-element-icon__link op3-link\" href=\"https:\/\/www.instagram.com\/istudylite\/\" target=\"_blank\"  data-op-action=\"\" data-op-select-funnel-step=\"\" data-op3-smooth-scroll=\"\"><\/a><a class=\"op3-element__link op3-element-icon__link op3-link\" href=\"https:\/\/www.youtube.com\/channel\/UCi0TDU_YeJ3snQR4JcvwZTQ \" target=\"_blank\"  data-op-action=\"\" data-op-select-funnel-step=\"\" data-op3-smooth-scroll=\"\"><\/a><\/p>\n<p><a href=\"mailto:contacto@istudy.mx\" target=\"_blank\">contacto@istudy.mx<\/a><\/p>\n<p><a href=\"https:\/\/istudy.mx\/itrips\/asesoria\/\" target=\"_blank\">Hablar con un Concierge Educativo<\/a><\/p>\n<p><a href=\"https:\/\/home.mycloud.com\/action\/share\/f10aa42b-e448-4ee3-a247-a972ffc4c432\" target=\"_blank\">Aviso de Privacidad<\/a><\/p>\n<p><a href=\"https:\/\/mailchi.mp\/istudy\/international-trips\" target=\"_blank\">Suscribirse al Newsletter<\/a><\/p>\n","protected":false},"excerpt":{"rendered":"<p>HOME EDUCACI\u00d3N INTERNACIONAL SERVICIOS BLOG CONTACTO Servicios Ofrecidos por Nuestra Agencia Nuestros concierges educativos est\u00e1n listos para brindarte atenci\u00f3n personalizada y profesional para que re\u00fanas todos los servicios que necesitas para viajar y estudiar en el extranjero.&nbsp; Orientaci\u00f3n gratuita para tu viaje y acompa\u00f1amiento 24\/7 Traducciones de documentos oficiales para tu&nbsp;aplicaci\u00f3n Boletos de avi\u00f3n Seguro [&hellip;]<\/p>\n","protected":false},"author":123457,"featured_media":0,"parent":0,"menu_order":0,"comment_status":"closed","ping_status":"closed","template":"op_builder_blank","meta":{"footnotes":""},"class_list":["post-166","page","type-page","status-publish","hentry"],"_links":{"self":[{"href":"https:\/\/istudy.mx\/itrips\/wp-json\/wp\/v2\/pages\/166","targetHints":{"allow":["GET"]}}],"collection":[{"href":"https:\/\/istudy.mx\/itrips\/wp-json\/wp\/v2\/pages"}],"about":[{"href":"https:\/\/istudy.mx\/itrips\/wp-json\/wp\/v2\/types\/page"}],"author":[{"embeddable":true,"href":"https:\/\/istudy.mx\/itrips\/wp-json\/wp\/v2\/users\/123457"}],"replies":[{"embeddable":true,"href":"https:\/\/istudy.mx\/itrips\/wp-json\/wp\/v2\/comments?post=166"}],"version-history":[{"count":45,"href":"https:\/\/istudy.mx\/itrips\/wp-json\/wp\/v2\/pages\/166\/revisions"}],"predecessor-version":[{"id":5954,"href":"https:\/\/istudy.mx\/itrips\/wp-json\/wp\/v2\/pages\/166\/revisions\/5954"}],"wp:attachment":[{"href":"https:\/\/istudy.mx\/itrips\/wp-json\/wp\/v2\/media?parent=166"}],"curies":[{"name":"wp","href":"https:\/\/api.w.org\/{rel}","templated":true}]}}