{"id":1214,"date":"2020-01-03T04:10:38","date_gmt":"2020-01-03T04:10:38","guid":{"rendered":"http:\/\/istudy.mx\/itrips\/index-cloned-at-2021-03-05-140720\/"},"modified":"2025-07-30T17:18:56","modified_gmt":"2025-07-30T23:18:56","slug":"bienvenido","status":"publish","type":"page","link":"https:\/\/istudy.mx\/itrips\/bienvenido\/","title":{"rendered":"Bienvenido"},"content":{"rendered":"<p><img fetchpriority=\"high\" decoding=\"async\" class=\"op3-element__image op3-element-image__image\" src=\"https:\/\/istudy.mx\/itrips\/wp-content\/uploads\/2020\/01\/ISTUDY_INTERNATIONAL_TRIPS-300x300.png\" alt=\"\" title=\"ISTUDY_INTERNATIONAL_TRIPS\" width=\"300\" height=\"300\" data-op3-attachment-id=\"\" \/><\/p>\n<p><a href=\" https:\/\/istudy.mx\/itrips\">HOME<\/a><\/p>\n<h2>Bienvenid@ a la comunidad UDY<\/h2>\n<p><img decoding=\"async\" class=\"op3-element__image op3-element-image__image\" src=\"https:\/\/istudy.mx\/itrips\/wp-content\/uploads\/2021\/06\/Mascota-istudy_1.png\" alt=\"\" title=\"Mascota istudy_1\" width=\"376\" height=\"571\" data-op3-attachment-id=\"1387\" \/><\/p>\n<h2>Indicaciones para los&nbsp;reci\u00e9n&nbsp;llegados&nbsp;<\/h2>\n<h2>Conoce al #iStudyTeam<\/h2>\n<h2><a href=\"https:\/\/wa.me\/message\/35RZLHTSS67DF1\" target=\"_blank\">Tania Alonso<\/a><\/h2>\n<p>Concierge Educativo Senior<\/p>\n<h2><a href=\"https:\/\/wa.link\/h969u4\" target=\"_blank\">Jenny Monroy<\/a><\/h2>\n<p>Concierge Educativo Colombia<\/p>\n<h2><a href=\"https:\/\/wa.link\/x16md5\" target=\"_blank\">Ana &nbsp;Mar\u00eda<\/a><\/h2>\n<p>Concierge Educativo Chile<\/p>\n<h2><a href=\"https:\/\/wa.link\/ih5mat\" target=\"_blank\">Juanita Espinosa<\/a><\/h2>\n<p>Concierge Educativo LATAM<\/p>\n<h2><a href=\"https:\/\/api.whatsapp.com\/send\/?phone=17785805117&amp;text&amp;type=phone_number&amp;app_absent=0\" target=\"_blank\">Yezmin Ampudia<\/a><\/h2>\n<p>Concierge Educativo M\u00e9xico&nbsp;<\/p>\n<h2><a href=\"https:\/\/wa.link\/nvcfsy\" target=\"_blank\">Liliana L\u00f3pez<\/a><\/h2>\n<p>Concierge Educativo M\u00e9xico<\/p>\n<h2><a href=\"https:\/\/api.whatsapp.com\/send?phone=593984550601&amp;text=Hola%2C%20\">Cristina Arias<\/a><\/h2>\n<p>iStudy Partner Ecuador<\/p>\n<h2>Mart\u00edn Arguello<a href=\"#\"><\/a><\/h2>\n<p>iStudy Partner Argentina<\/p>\n<h2><a href=\"https:\/\/api.whatsapp.com\/send?phone=528186803794&amp;text=Hola%2C%20\" target=\"_blank\">Manuel Mart\u00ednez<\/a><\/h2>\n<p>Head of Admissions iStudy<\/p>\n<p>Al dar clic en el nombre podr\u00e1s enviar un mensaje de WhatsApp<\/p>\n<h2>\u00bfListo para la aventura?<\/h2>\n<p>Sigue los siguientes pasos&#8230;&nbsp;<\/p>\n<p><img decoding=\"async\" class=\"op3-element__image op3-element-image__image\" src=\"https:\/\/istudy.mx\/itrips\/wp-content\/uploads\/2021\/06\/Mascota-istudy_1.png\" alt=\"\" title=\"Mascota istudy_1\" width=\"376\" height=\"571\" data-op3-attachment-id=\"1387\" \/><\/p>\n<h2>\u00danete a nuestro Grupo Privado de Facebook&nbsp;<\/h2>\n<p>No olvides visitar la secci\u00f3n de Temas Populares&nbsp;<\/p>\n<p><a href=\"https:\/\/www.facebook.com\/groups\/istudyitrips\" class=\"op3-link op3-background-ancestor\" target=\"_blank\"  data-op-action=\"link\" data-op-select-funnel-step=\"\" data-op3-smooth-scroll=\"0\" data-op-effect-style=\"\" data-op-effect-style-hover=\"\" data-op-courseaction=\"\">ENTRAR A GRUPO AHORA<\/a><img decoding=\"async\" class=\"op3-element__image op3-element-image__image\" src=\"https:\/\/istudy.mx\/itrips\/wp-content\/uploads\/2021\/03\/Captura-de-Pantalla-2021-03-05-a-las-8.44.30.png\" alt=\"\" title=\"Captura de Pantalla 2021-03-05 a la(s) 8.44.30\" width=\"939\" height=\"611\" data-op3-attachment-id=\"1218\" \/><img loading=\"lazy\" decoding=\"async\" class=\"op3-element__image op3-element-image__image\" src=\"https:\/\/istudy.mx\/itrips\/wp-content\/uploads\/2021\/03\/app.jpg\" alt=\"\" title=\"app\" width=\"960\" height=\"960\" data-op3-attachment-id=\"1219\" \/><\/p>\n<h2>Descarga nuestra M\u00f3vil App&nbsp;<\/h2>\n<p>Donde podr\u00e1s accesar a clases de ingl\u00e9s y material gratuito&nbsp;<\/p>\n<p><a href=\"https:\/\/istudylc.glideapp.io\/\" class=\"op3-link op3-background-ancestor\" target=\"_blank\"  data-op-action=\"link\" data-op-select-funnel-step=\"\" data-op3-smooth-scroll=\"0\" data-op-effect-style=\"\" data-op-effect-style-hover=\"\" data-op-courseaction=\"\">DESCARGA AQU\u00cd&nbsp;<\/a><\/p>\n<p>Tutorial para descarga:<\/p>\n<h2>Curso Online Gratuito Study &amp; Travel<\/h2>\n<p>5 unidades de contenido para reforzar tu ingl\u00e9s antes de tu viaje.<\/p>\n<p><a href=\"https:\/\/istudy.mx\/itrips\/studyandtravelenglish\/\" class=\"op3-link op3-background-ancestor\" target=\"_blank\"  data-op-action=\"link\" data-op-select-funnel-step=\"\" data-op3-smooth-scroll=\"0\" data-op-effect-style=\"\" data-op-effect-style-hover=\"\" data-op-courseaction=\"\">EMPIEZA EL CURSO AHORA &nbsp;<\/a><img loading=\"lazy\" decoding=\"async\" class=\"op3-element__image op3-element-image__image\" src=\"https:\/\/istudy.mx\/itrips\/wp-content\/uploads\/2021\/03\/WhatsApp-Image-2021-02-02-at-10.37.35-AM.jpeg\" alt=\"\" title=\"WhatsApp Image 2021-02-02 at 10.37.35 AM\" width=\"1000\" height=\"1000\" data-op3-attachment-id=\"1222\" \/><img loading=\"lazy\" decoding=\"async\" class=\"op3-element__image op3-element-image__image\" src=\"https:\/\/istudy.mx\/itrips\/wp-content\/uploads\/2025\/01\/Captura-de-pantalla-2025-01-15-172903.png\" alt=\"\" title=\"Captura de pantalla 2025-01-15 172903\" width=\"1022\" height=\"890\" data-op3-attachment-id=\"5681\" \/><\/p>\n<h2>Club de Conversaci\u00f3n&nbsp;<\/h2>\n<p>Practica ingl\u00e9s con nuestro club gratuito. &nbsp;<\/p>\n<p><a href=\"https:\/\/home.mycloud.com\/action\/share\/4213a5c0-1240-4911-bfbe-19dc94bc98ac\" class=\"op3-link op3-background-ancestor\" target=\"_blank\"  data-op-action=\"link\" data-op-select-funnel-step=\"\" data-op3-smooth-scroll=\"0\" data-op-effect-style=\"\" data-op-effect-style-hover=\"\" data-op-courseaction=\"\">DESCARGA &nbsp;ACCESO AQU\u00cd&nbsp;<\/a><\/p>\n<h2>Cup\u00f3n 50% de descuento <\/h2>\n<p>para estudiar ingl\u00e9s con iStudy.<\/p>\n<p>Incluye: 4 horas de clase en vivo por semana<\/p>\n<p><a href=\"https:\/\/wa.link\/mrkg7a\" class=\"op3-link op3-background-ancestor\" target=\"_blank\"  data-op-action=\"link\" data-op-select-funnel-step=\"\" data-op3-smooth-scroll=\"0\" data-op-effect-style=\"\" data-op-effect-style-hover=\"\" data-op-courseaction=\"\">PIDE INFORMACI\u00d3N AQU\u00cd <\/a><img loading=\"lazy\" decoding=\"async\" class=\"op3-element__image op3-element-image__image\" src=\"https:\/\/istudy.mx\/itrips\/wp-content\/uploads\/2022\/08\/218070058_4492147660817475_2403321959840682028_n-300x300.jpg\" alt=\"\" title=\"218070058_4492147660817475_2403321959840682028_n\" width=\"300\" height=\"300\" data-op3-attachment-id=\"2674\" \/><\/p>\n<h2>Cursos Online iStudy e-Learning&nbsp;<\/h2>\n<p>Aprovecha tarifas especiales en nuestra gran variedad de programas online para apoyar tus metas acad\u00e9micas y profesionales: preparaci\u00f3n para TOEFL, Duolingo o IELTS, cursos de ingl\u00e9s y franc\u00e9s y muchos m\u00e1s. &nbsp;<\/p>\n<p><a href=\"https:\/\/istudy.mx\/elearning\/cursosvirtuales\/\" class=\"op3-link op3-background-ancestor\" target=\"_blank\"  data-op-action=\"link\" data-op-select-funnel-step=\"\" data-op3-smooth-scroll=\"0\" data-op-effect-style=\"\" data-op-effect-style-hover=\"\" data-op-courseaction=\"\">VER TODOS LOS CURSOS ONLINE &nbsp;<\/a><img loading=\"lazy\" decoding=\"async\" class=\"op3-element__image op3-element-image__image\" src=\"https:\/\/istudy.mx\/itrips\/wp-content\/uploads\/2021\/03\/150835428_4021345997898557_6941574100866662217_o.png\" alt=\"\" title=\"150835428_4021345997898557_6941574100866662217_o\" width=\"1000\" height=\"1000\" data-op3-attachment-id=\"1226\" \/><\/p>\n<h2>Completa tu Registro<\/h2>\n<p>Nuestro Head of Admissions te enviar\u00e1 un primer correo electr\u00f3nico con acceso al Student Portal de iStudy, una vez que lo recibas deber\u00e1s completar el formulario con tus datos personales y leer nuestro contrato de servicios en un lapso de 30 d\u00edas.&nbsp; <\/p>\n<p><img loading=\"lazy\" decoding=\"async\" class=\"op3-element__image op3-element-image__image\" src=\"https:\/\/istudy.mx\/itrips\/wp-content\/uploads\/2023\/10\/PLANEACION-EN-LINEA.png\" alt=\"\" title=\"PLANEACIO\u0301N EN LI\u0301NEA\" width=\"2081\" height=\"2081\" data-op3-attachment-id=\"5152\" \/><\/p>\n<h2>Si eres miembro ETR &#8211; Estudia Trabaja y Reside en Canad\u00e1 <\/h2>\n<p>Recibir\u00e1s un correo con tu usuario y contrase\u00f1a para acceder al programa desde nuestra plataforma iStudy e-Learning&nbsp; <\/p>\n<p>Tutorial de acceso y localizaci\u00f3n de los enlaces a la sala de Preguntas y Respuestas mensual con Condor Immigration Solutions: <\/p>\n<p>S\u00edguenos en nuestras Redes Sociales<\/p>\n<p><img loading=\"lazy\" decoding=\"async\" class=\"op3-element__image op3-element-image__image\" src=\"https:\/\/istudy.mx\/itrips\/wp-content\/uploads\/2020\/11\/cropped-ISTUDY_INTERNATIONAL_TRIPS.png\" alt=\"\" title=\"cropped-ISTUDY_INTERNATIONAL_TRIPS.png\" width=\"512\" height=\"512\" data-op3-attachment-id=\"895\" \/><a class=\"op3-element__link op3-element-icon__link op3-link\" href=\"https:\/\/www.facebook.com\/iStudyInternationalTrips\/\" target=\"_blank\"  data-op-action=\"\" data-op-select-funnel-step=\"\" data-op3-smooth-scroll=\"\"><\/a><a class=\"op3-element__link op3-element-icon__link op3-link\" href=\"https:\/\/www.instagram.com\/istudylite\/\" target=\"_blank\"  data-op-action=\"\" data-op-select-funnel-step=\"\" data-op3-smooth-scroll=\"\"><\/a><a class=\"op3-element__link op3-element-icon__link op3-link\" href=\"https:\/\/www.youtube.com\/channel\/UCi0TDU_YeJ3snQR4JcvwZTQ \" target=\"_blank\"  data-op-action=\"\" data-op-select-funnel-step=\"\" data-op3-smooth-scroll=\"\"><\/a><\/p>\n<p><a href=\"mailto:contacto@istudy.mx\" target=\"_blank\">contacto@istudy.mx<\/a><\/p>\n<p><a href=\"https:\/\/istudy.mx\/itrips\/asesoria\/\" target=\"_blank\">Hablar con un Concierge Educativo<\/a><\/p>\n<p><a href=\"https:\/\/home.mycloud.com\/action\/share\/f10aa42b-e448-4ee3-a247-a972ffc4c432\" target=\"_blank\">Aviso de Privacidad<\/a><\/p>\n<p><a href=\"https:\/\/home.mycloud.com\/action\/share\/f10aa42b-e448-4ee3-a247-a972ffc4c432\" target=\"_blank\"><a href=\"https:\/\/istudy.mx\/itrips\/contratodeservicio\/\" target=\"_blank\">Contrato de Servicios iStudy <\/a><\/a><\/p>\n","protected":false},"excerpt":{"rendered":"<p>HOME Bienvenid@ a la comunidad UDY Indicaciones para los&nbsp;reci\u00e9n&nbsp;llegados&nbsp; Conoce al #iStudyTeam Tania Alonso Concierge Educativo Senior Jenny Monroy Concierge Educativo Colombia Ana &nbsp;Mar\u00eda Concierge Educativo Chile Juanita Espinosa Concierge Educativo LATAM Yezmin Ampudia Concierge Educativo M\u00e9xico&nbsp; Liliana L\u00f3pez Concierge Educativo M\u00e9xico Cristina Arias iStudy Partner Ecuador Mart\u00edn Arguello iStudy Partner Argentina Manuel Mart\u00ednez Head [&hellip;]<\/p>\n","protected":false},"author":123457,"featured_media":4638,"parent":0,"menu_order":0,"comment_status":"closed","ping_status":"closed","template":"op_builder_blank","meta":{"footnotes":""},"class_list":["post-1214","page","type-page","status-publish","has-post-thumbnail","hentry"],"_links":{"self":[{"href":"https:\/\/istudy.mx\/itrips\/wp-json\/wp\/v2\/pages\/1214","targetHints":{"allow":["GET"]}}],"collection":[{"href":"https:\/\/istudy.mx\/itrips\/wp-json\/wp\/v2\/pages"}],"about":[{"href":"https:\/\/istudy.mx\/itrips\/wp-json\/wp\/v2\/types\/page"}],"author":[{"embeddable":true,"href":"https:\/\/istudy.mx\/itrips\/wp-json\/wp\/v2\/users\/123457"}],"replies":[{"embeddable":true,"href":"https:\/\/istudy.mx\/itrips\/wp-json\/wp\/v2\/comments?post=1214"}],"version-history":[{"count":80,"href":"https:\/\/istudy.mx\/itrips\/wp-json\/wp\/v2\/pages\/1214\/revisions"}],"predecessor-version":[{"id":2687,"href":"https:\/\/istudy.mx\/itrips\/wp-json\/wp\/v2\/pages\/1214\/revisions\/2687"}],"wp:featuredmedia":[{"embeddable":true,"href":"https:\/\/istudy.mx\/itrips\/wp-json\/wp\/v2\/media\/4638"}],"wp:attachment":[{"href":"https:\/\/istudy.mx\/itrips\/wp-json\/wp\/v2\/media?parent=1214"}],"curies":[{"name":"wp","href":"https:\/\/api.w.org\/{rel}","templated":true}]}}