{"id":10,"date":"2020-01-03T04:10:38","date_gmt":"2020-01-03T04:10:38","guid":{"rendered":"http:\/\/istudy.mx\/itrips\/?page_id=10"},"modified":"2025-10-01T07:48:19","modified_gmt":"2025-10-01T13:48:19","slug":"index","status":"publish","type":"page","link":"https:\/\/istudy.mx\/itrips\/","title":{"rendered":"Home"},"content":{"rendered":"<p><img fetchpriority=\"high\" decoding=\"async\" class=\"op3-element__image op3-element-image__image\" src=\"https:\/\/istudy.mx\/itrips\/wp-content\/uploads\/2020\/01\/ISTUDY_INTERNATIONAL_TRIPS-300x300.png\" alt=\"\" title=\"ISTUDY_INTERNATIONAL_TRIPS\" width=\"300\" height=\"300\" data-op3-attachment-id=\"\" \/><\/p>\n<p><a href=\" https:\/\/istudy.mx\/itrips\">HOME<\/a><\/p>\n<p><a href=\" https:\/\/istudy.mx\/itrips\/internacional\/\">EDUCACI\u00d3N INTERNACIONAL<\/a><\/p>\n<p><a href=\" https:\/\/istudy.mx\/itrips\/servicios\/\">SERVICIOS<\/a><\/p>\n<p><a href=\"https:\/\/istudy.mx\/itrips\/blog\">BLOG<\/a><\/p>\n<p><a href=\"https:\/\/istudy.mx\/itrips\/canada\">CANADA<\/a><\/p>\n<p><a href=\"https:\/\/istudy.mx\/itrips\/contacto\/\">CONTACTO<\/a><\/p>\n<h2>Movilidad acad\u00e9mica internacional &nbsp;&nbsp;<\/h2>\n<p>Es momento de hacer el viaje de estudios de tus sue\u00f1os realidad.&nbsp;<\/p>\n<p><img decoding=\"async\" class=\"op3-element__image op3-element-image__image\" src=\"https:\/\/istudy.mx\/itrips\/wp-content\/uploads\/2020\/12\/collage.png\" alt=\"\" title=\"collage\" width=\"1080\" height=\"1080\" data-op3-attachment-id=\"\" \/><img decoding=\"async\" class=\"op3-element__image op3-element-image__image\" src=\"https:\/\/istudy.mx\/itrips\/wp-content\/uploads\/2021\/04\/Mascota-istudy_2.png\" alt=\"\" title=\"Mascota istudy_2\" width=\"335\" height=\"571\" data-op3-attachment-id=\"1304\" \/><\/p>\n<h2>\u00bfQui\u00e9nes somos? &nbsp; &nbsp;<\/h2>\n<p>iStudy International Trips&nbsp;es una agencia de movilidad acad\u00e9mica internacional fundada en 2009 presente en todo Latinoam\u00e9rica y Canad\u00e1.<\/p>\n<p>Nuestro equipo de trabajo es experto en la industria educativa internacional y esta preparado para ofrecerte los mejores programas y las mejores oportunidades para que puedas cumplir tu sue\u00f1o de viajar y estudiar fuera de tu pa\u00eds.&nbsp;<\/p>\n<p>Ofrecemos asesor\u00eda gratuita para estudiar en el extranjero en destinos como Canad\u00e1, Estados Unidos, Irlanda, Inglaterra y muchos m\u00e1s, con todos los servicios que t\u00fa necesitas para viajar.&nbsp;<\/p>\n<p>Registro CCE de ICEF (CCG 01151)<\/p>\n<\/p>\n<h2>10 +<\/h2>\n<p>a\u00f1os de experiencia<\/p>\n<h2>8<\/h2>\n<p>destinos incre\u00edbles<\/p>\n<h2>200+&nbsp;<\/h2>\n<p>estudiantes viajando cada a\u00f1o<\/p>\n<h2>100+&nbsp;<\/h2>\n<p>opciones de programas internacionales<\/p>\n<h2>6<\/h2>\n<p>concierges educativos<\/p>\n<h2>$50,000 USD<\/h2>\n<p style=\"text-align: center;\">en descuentos anuales<\/p>\n<h2>\u00bfPor qu\u00e9 elegir iStudy International Trips?<\/h2>\n<p>Nuestro equipo de trabajo no tiene rotaci\u00f3n, desde el 2009 estamos presentes en la industria de la educaci\u00f3n, lo que nos ha hecho tener una amplia experiencia.Nuestros concierge educativos tienen flexibilidad y atenci\u00f3n 24\/7, siempre anteponiendo tus necesidades.<br \/>\nOfrecemos planes de pago, MSI y un tipo de cambio preferencial al liquidar tus cursos en moneda extranjera.Contamos con tarifas preferenciales para colegiaturas y servicios adicionales con hasta 30% de descuento, adem\u00e1s no cobramos comisiones adicionales.Tenemos atractivas promociones durante todo el a\u00f1o, lo que har\u00e1 que viajar y estudiar en el extranjero sea a\u00fan m\u00e1s sencillo.Con nuestra escuela de ingl\u00e9s y plataforma para cursos virtuales, ofrecemos a nuestros estudiantes viajeros, la oportunidad de reforzar el idioma ingl\u00e9s o prepararse en l\u00ednea para el examen de admisi\u00f3n a precios preferenciales con hasta 70% de descuento e incluso de forma gratuita.&nbsp;&nbsp;Comunidad de apoyo en grupos privados de Whatsapp y Facebook, adem\u00e1s de reuniones de integraci\u00f3n para socializar e intercambiar tips para tu viaje.&nbsp;\u00a1Ya no vayas de oficina en oficina! Nosotros te ofrecemos todos los servicios que necesitas para tu viaje de estudios.Ofrecemos atenci\u00f3n en M\u00e9xico, Canad\u00e1 y todo Latinoam\u00e9rica, podemos hacer el tr\u00e1mite de tu viaje de manera remota sin complicaciones. Nuestros concierges educativos hablan espa\u00f1ol.&nbsp;<\/p>\n<h2>iStudy International Trips es una agencia acreditada por ICEF y miembro de instituciones lideres en la industria de la movilidad acad\u00e9mica internacional: <\/h2>\n<p><img loading=\"lazy\" decoding=\"async\" class=\"op3-element__image op3-element-image__image\" src=\"https:\/\/istudy.mx\/itrips\/wp-content\/uploads\/2025\/03\/Captura-de-pantalla-2024-04-29-a-las-6.32.49\u202fp.m-1024x537.png\" alt=\"\" title=\"Captura de pantalla 2024-04-29 a la(s) 6.32.49\u202fp.m.\" width=\"1024\" height=\"537\" data-op3-attachment-id=\"5937\" \/><img loading=\"lazy\" decoding=\"async\" class=\"op3-element__image op3-element-image__image\" src=\"https:\/\/istudy.mx\/itrips\/wp-content\/uploads\/2025\/03\/Logo-2018.-jpeg.jpg\" alt=\"\" title=\"Logo 2018. jpeg\" width=\"838\" height=\"450\" data-op3-attachment-id=\"5940\" \/><img loading=\"lazy\" decoding=\"async\" class=\"op3-element__image op3-element-image__image\" src=\"https:\/\/istudy.mx\/itrips\/wp-content\/uploads\/2025\/03\/applyboard-logo-vector.png\" alt=\"\" title=\"applyboard-logo-vector\" width=\"900\" height=\"500\" data-op3-attachment-id=\"5943\" \/><img loading=\"lazy\" decoding=\"async\" class=\"op3-element__image op3-element-image__image\" src=\"https:\/\/istudy.mx\/itrips\/wp-content\/uploads\/2025\/03\/STUDYTRAVEL.png\" alt=\"\" title=\"STUDYTRAVEL\" width=\"318\" height=\"159\" data-op3-attachment-id=\"5942\" \/><img fetchpriority=\"high\" decoding=\"async\" class=\"op3-element__image op3-element-image__image\" src=\"https:\/\/istudy.mx\/itrips\/wp-content\/uploads\/2020\/01\/ISTUDY_INTERNATIONAL_TRIPS-300x300.png\" alt=\"\" title=\"ISTUDY_INTERNATIONAL_TRIPS\" width=\"300\" height=\"300\" data-op3-attachment-id=\"\" \/><a class=\"op3-element__link op3-element-icon__link op3-link\" href=\"https:\/\/www.facebook.com\/iStudyInternationalTrips\/\" target=\"_blank\"  data-op-action=\"\" data-op-select-funnel-step=\"\" data-op3-smooth-scroll=\"\"><\/a><a class=\"op3-element__link op3-element-icon__link op3-link\" href=\"https:\/\/www.instagram.com\/istudylite\/\" target=\"_blank\"  data-op-action=\"\" data-op-select-funnel-step=\"\" data-op3-smooth-scroll=\"\"><\/a><a class=\"op3-element__link op3-element-icon__link op3-link\" href=\"https:\/\/www.youtube.com\/channel\/UCi0TDU_YeJ3snQR4JcvwZTQ \" target=\"_blank\"  data-op-action=\"\" data-op-select-funnel-step=\"\" data-op3-smooth-scroll=\"\"><\/a><\/p>\n<p><a href=\"mailto:contacto@istudy.mx\" target=\"_blank\">contacto@istudy.mx<\/a><\/p>\n<p><a href=\"https:\/\/istudy.mx\/itrips\/asesoria\/\" target=\"_blank\">Hablar con un Concierge Educativo<\/a><\/p>\n<p><a href=\"https:\/\/home.mycloud.com\/action\/share\/f10aa42b-e448-4ee3-a247-a972ffc4c432\" target=\"_blank\">Aviso de Privacidad<\/a><\/p>\n<p><a href=\"https:\/\/mailchi.mp\/istudy\/international-trips\" target=\"_blank\">Suscribirse al Newsletter<\/a><\/p>\n","protected":false},"excerpt":{"rendered":"<p>HOME EDUCACI\u00d3N INTERNACIONAL SERVICIOS BLOG CANADA CONTACTO Movilidad acad\u00e9mica internacional &nbsp;&nbsp; Es momento de hacer el viaje de estudios de tus sue\u00f1os realidad.&nbsp; \u00bfQui\u00e9nes somos? &nbsp; &nbsp; iStudy International Trips&nbsp;es una agencia de movilidad acad\u00e9mica internacional fundada en 2009 presente en todo Latinoam\u00e9rica y Canad\u00e1. Nuestro equipo de trabajo es experto en la industria educativa [&hellip;]<\/p>\n","protected":false},"author":123457,"featured_media":2446,"parent":0,"menu_order":0,"comment_status":"closed","ping_status":"closed","template":"op_builder_blank","meta":{"footnotes":""},"class_list":["post-10","page","type-page","status-publish","has-post-thumbnail","hentry"],"_links":{"self":[{"href":"https:\/\/istudy.mx\/itrips\/wp-json\/wp\/v2\/pages\/10","targetHints":{"allow":["GET"]}}],"collection":[{"href":"https:\/\/istudy.mx\/itrips\/wp-json\/wp\/v2\/pages"}],"about":[{"href":"https:\/\/istudy.mx\/itrips\/wp-json\/wp\/v2\/types\/page"}],"author":[{"embeddable":true,"href":"https:\/\/istudy.mx\/itrips\/wp-json\/wp\/v2\/users\/123457"}],"replies":[{"embeddable":true,"href":"https:\/\/istudy.mx\/itrips\/wp-json\/wp\/v2\/comments?post=10"}],"version-history":[{"count":59,"href":"https:\/\/istudy.mx\/itrips\/wp-json\/wp\/v2\/pages\/10\/revisions"}],"predecessor-version":[{"id":6085,"href":"https:\/\/istudy.mx\/itrips\/wp-json\/wp\/v2\/pages\/10\/revisions\/6085"}],"wp:featuredmedia":[{"embeddable":true,"href":"https:\/\/istudy.mx\/itrips\/wp-json\/wp\/v2\/media\/2446"}],"wp:attachment":[{"href":"https:\/\/istudy.mx\/itrips\/wp-json\/wp\/v2\/media?parent=10"}],"curies":[{"name":"wp","href":"https:\/\/api.w.org\/{rel}","templated":true}]}}