{"id":97,"date":"2019-12-22T01:53:36","date_gmt":"2019-12-22T01:53:36","guid":{"rendered":"http:\/\/istudy.mx\/elearning\/index-cloned-at-2019-12-27-010522\/"},"modified":"2023-01-25T01:37:49","modified_gmt":"2023-01-25T01:37:49","slug":"contacto","status":"publish","type":"page","link":"https:\/\/istudy.mx\/elearning\/contacto\/","title":{"rendered":"Contacto"},"content":{"rendered":"<p><img decoding=\"async\" src=\"https:\/\/istudy.mx\/elearning\/wp-content\/uploads\/2022\/09\/ISTUDY_E_LEARNING_GRANDE-300x149.png\" alt=\"\" title=\"ISTUDY_E_LEARNING_GRANDE\" width=\"366.664\" height=\"0\" data-op3-attachment-id=\"596\" \/><div id=\"op3-element-xVUT0FqU\" class=\"op3-element \" data-op3-uuid=\"xVUT0FqU\" data-op3-gid=\"\" data-op3-element-type=\"treemenu\" data-op3-element-spec=\"\" data-op3-element-caption=\"WP Menu #xVUT0FqU\" data-op-visibility-hidden=\"0\" data-op-element-hidden=\"0\" data-op3-style-id=\"\" data-op3-has-children=\"1\"><div class=\"op3-treemenu-content op3-background-parent\" data-op3-stack-columns-desktop=\"0\" data-op3-stack-columns-tablet=\"1\" data-op3-stack-columns-mobile=\"1\" data-op3-autosize-columns=\"0\" data-op3-menu-name=\"2\" data-op-animation=\"0\"><a aria-label=\"Menu Open\" class=\"op3-hamburger op3-element__tcp--non-a\" href=\"#\" data-op3-treemenu-styling=\"right\"><i class=\"op3-icon op3-icon-menu-bold-2\" data-op3-icon=\"op3-icon-menu-bold-2\"><svg class=\"op3-icon-svg\" width=\"1em\" height=\"1em\"><use href=\"https:\/\/istudy.mx\/elearning\/wp-content\/plugins\/op-builder\/public\/assets\/cache\/page__97.icons.svg?ver=1674610669#op3-icons-menu-bold-2\" \/><\/svg><\/i><span class=\"op3-text\">Menu<\/span><\/a><a aria-label=\"Menu Close\" class=\"op3-hamburger-close op3-element__tcp--non-a\" href=\"#\"><i class=\"op3-icon op3-icon-simple-remove-2\" data-op3-icon=\"\" aria-label=\"Menu\"><svg class=\"op3-icon-svg\" width=\"1em\" height=\"1em\"><use href=\"https:\/\/istudy.mx\/elearning\/wp-content\/plugins\/op-builder\/public\/assets\/cache\/page__97.icons.svg?ver=1674610669#op3-icons-simple-remove-2\" \/><\/svg><\/i><span class=\"op3-text\">Close<\/span><\/a><div data-op3-children=\"4\"><div id=\"op3-element-ccY1jU6K\" class=\"op3-element \" data-op3-uuid=\"ccY1jU6K\" data-op3-gid=\"\" data-op3-element-type=\"treemenuitem\" data-op3-element-spec=\"treemenuitemlvl1\" data-op3-element-caption=\"Menu Item #ccY1jU6K\" data-op-visibility-hidden=\"0\" data-op-element-hidden=\"0\" data-op3-style-id=\"\" data-op3-has-children=\"0\" data-op3-width-auto-toggle=\"1\"><div class=\"op3-treemenuitem-content op3-background-parent\" data-op3-menu-item-id=\"145\"><a aria-label=\"Link\" class=\"op3-treemenuitem-link op3-element__tcp--non-a\" href=\"https:\/\/istudy.mx\/elearning\/\" target=\"_self\"><i class=\"op3-icon op3-icon-link-71-1\" data-op3-icon=\"op3-icon-link-71-1\"><svg class=\"op3-icon-svg\" width=\"1em\" height=\"1em\"><use href=\"https:\/\/istudy.mx\/elearning\/wp-content\/plugins\/op-builder\/public\/assets\/cache\/page__97.icons.svg?ver=1674610669#op3-icons-link-71-1\" \/><\/svg><\/i><span class=\"op3-text\">Home<\/span><i class=\"op3-dropdown-icon op3-icon-small-down\"><svg class=\"op3-icon-svg\" width=\"1em\" height=\"1em\"><use href=\"https:\/\/istudy.mx\/elearning\/wp-content\/plugins\/op-builder\/public\/assets\/cache\/page__97.icons.svg?ver=1674610669#op3-icons-small-down\" \/><\/svg><\/i><\/a><div class=\"op3-treemenuitem-children-content op3-background-parent\"><div data-op3-children=\"0\"><\/div><div class=\"op3-triangle\"><div class=\"op3-triangle-ratio\"><div class=\"op3-triangle-wrapper\"><\/div><\/div><\/div><div data-op3-background=\"childwrap\"><\/div><\/div><div data-op3-background=\"base\"><\/div><\/div><\/div><div id=\"op3-element-8FCMfWYp\" class=\"op3-element \" data-op3-uuid=\"8FCMfWYp\" data-op3-gid=\"\" data-op3-element-type=\"treemenuitem\" data-op3-element-spec=\"treemenuitemlvl1\" data-op3-element-caption=\"Menu Item #8FCMfWYp\" data-op-visibility-hidden=\"0\" data-op-element-hidden=\"0\" data-op3-style-id=\"\" data-op3-has-children=\"0\" data-op3-width-auto-toggle=\"1\"><div class=\"op3-treemenuitem-content op3-background-parent\" data-op3-menu-item-id=\"148\"><a aria-label=\"Link\" class=\"op3-treemenuitem-link op3-element__tcp--non-a\" href=\"https:\/\/istudy.mx\/elearning\/cursosvirtuales\/\" target=\"_self\"><i class=\"op3-icon op3-icon-link-71-1\" data-op3-icon=\"op3-icon-link-71-1\"><svg class=\"op3-icon-svg\" width=\"1em\" height=\"1em\"><use href=\"https:\/\/istudy.mx\/elearning\/wp-content\/plugins\/op-builder\/public\/assets\/cache\/page__97.icons.svg?ver=1674610669#op3-icons-link-71-1\" \/><\/svg><\/i><span class=\"op3-text\">Cursos Virtuales<\/span><i class=\"op3-dropdown-icon op3-icon-small-down\"><svg class=\"op3-icon-svg\" width=\"1em\" height=\"1em\"><use href=\"https:\/\/istudy.mx\/elearning\/wp-content\/plugins\/op-builder\/public\/assets\/cache\/page__97.icons.svg?ver=1674610669#op3-icons-small-down\" \/><\/svg><\/i><\/a><div class=\"op3-treemenuitem-children-content op3-background-parent\"><div data-op3-children=\"0\"><\/div><div class=\"op3-triangle\"><div class=\"op3-triangle-ratio\"><div class=\"op3-triangle-wrapper\"><\/div><\/div><\/div><div data-op3-background=\"childwrap\"><\/div><\/div><div data-op3-background=\"base\"><\/div><\/div><\/div><div id=\"op3-element-NmoltHfQ\" class=\"op3-element \" data-op3-uuid=\"NmoltHfQ\" data-op3-gid=\"\" data-op3-element-type=\"treemenuitem\" data-op3-element-spec=\"treemenuitemlvl1\" data-op3-element-caption=\"Menu Item #NmoltHfQ\" data-op-visibility-hidden=\"0\" data-op-element-hidden=\"0\" data-op3-style-id=\"\" data-op3-has-children=\"0\" data-op3-width-auto-toggle=\"1\"><div class=\"op3-treemenuitem-content op3-background-parent\" data-op3-menu-item-id=\"146\"><a aria-label=\"Link\" class=\"op3-treemenuitem-link op3-element__tcp--non-a\" href=\"https:\/\/istudy.mx\/elearning\/blog\/\" target=\"_self\"><i class=\"op3-icon op3-icon-link-71-1\" data-op3-icon=\"op3-icon-link-71-1\"><svg class=\"op3-icon-svg\" width=\"1em\" height=\"1em\"><use href=\"https:\/\/istudy.mx\/elearning\/wp-content\/plugins\/op-builder\/public\/assets\/cache\/page__97.icons.svg?ver=1674610669#op3-icons-link-71-1\" \/><\/svg><\/i><span class=\"op3-text\">Blog<\/span><i class=\"op3-dropdown-icon op3-icon-small-down\"><svg class=\"op3-icon-svg\" width=\"1em\" height=\"1em\"><use href=\"https:\/\/istudy.mx\/elearning\/wp-content\/plugins\/op-builder\/public\/assets\/cache\/page__97.icons.svg?ver=1674610669#op3-icons-small-down\" \/><\/svg><\/i><\/a><div class=\"op3-treemenuitem-children-content op3-background-parent\"><div data-op3-children=\"0\"><\/div><div class=\"op3-triangle\"><div class=\"op3-triangle-ratio\"><div class=\"op3-triangle-wrapper\"><\/div><\/div><\/div><div data-op3-background=\"childwrap\"><\/div><\/div><div data-op3-background=\"base\"><\/div><\/div><\/div><div id=\"op3-element-CFKP92Eo\" class=\"op3-element \" data-op3-uuid=\"CFKP92Eo\" data-op3-gid=\"\" data-op3-element-type=\"treemenuitem\" data-op3-element-spec=\"treemenuitemlvl1\" data-op3-element-caption=\"Menu Item #CFKP92Eo\" data-op-visibility-hidden=\"0\" data-op-element-hidden=\"0\" data-op3-style-id=\"\" data-op3-has-children=\"0\" data-op3-width-auto-toggle=\"1\"><div class=\"op3-treemenuitem-content op3-background-parent\" data-op3-menu-item-id=\"147\"><a aria-label=\"Link\" class=\"op3-treemenuitem-link op3-element__tcp--non-a\" href=\"https:\/\/istudy.mx\/elearning\/contacto\/\" target=\"_self\"><i class=\"op3-icon op3-icon-link-71-1\" data-op3-icon=\"op3-icon-link-71-1\"><svg class=\"op3-icon-svg\" width=\"1em\" height=\"1em\"><use href=\"https:\/\/istudy.mx\/elearning\/wp-content\/plugins\/op-builder\/public\/assets\/cache\/page__97.icons.svg?ver=1674610669#op3-icons-link-71-1\" \/><\/svg><\/i><span class=\"op3-text\">Contacto<\/span><i class=\"op3-dropdown-icon op3-icon-small-down\"><svg class=\"op3-icon-svg\" width=\"1em\" height=\"1em\"><use href=\"https:\/\/istudy.mx\/elearning\/wp-content\/plugins\/op-builder\/public\/assets\/cache\/page__97.icons.svg?ver=1674610669#op3-icons-small-down\" \/><\/svg><\/i><\/a><div class=\"op3-treemenuitem-children-content op3-background-parent\"><div data-op3-children=\"0\"><\/div><div class=\"op3-triangle\"><div class=\"op3-triangle-ratio\"><div class=\"op3-triangle-wrapper\"><\/div><\/div><\/div><div data-op3-background=\"childwrap\"><\/div><\/div><div data-op3-background=\"base\"><\/div><\/div><\/div><\/div><div class=\"op3-triangle\"><div class=\"op3-triangle-ratio\"><div class=\"op3-triangle-wrapper\"><\/div><\/div><\/div><\/div><\/div><a href=\"https:\/\/istudy.mx\/elearning\/moodle\/moodle\/\" class=\"op3-background-ancestor\" target=\"_blank\" data-op-action=\"link\" data-op-select-funnel-step=\"\" data-op-animation-trigger=\"none\" data-op-animation-style=\"\" data-op-animation-loop=\"0\" data-op-timer-minutes=\"0\" data-op-timer-seconds=\"0\" data-op3-smooth-scroll=\"0\" data-op-effect-style=\"\" data-op-effect-style-hover=\"\" data-op-courseaction=\"\" rel=\"noopener\">Plataforma e-learning<\/a><\/p>\n<h2>\u00a1Suscr\u00edbete a nuestros boletines y recibe contenido gratuito cada semana en tu correo electr\u00f3nico!<\/h2>\n<p><a href=\"https:\/\/mailchi.mp\/istudy\/englishteachers\" class=\"op3-background-ancestor\" target=\"_self\" data-op-action=\"link\" data-op-select-funnel-step=\"\" data-op-animation-trigger=\"\" data-op-animation-style=\"\" data-op-animation-loop=\"\" data-op-timer-minutes=\"\" data-op-timer-seconds=\"\" data-op3-smooth-scroll=\"\" data-op-effect-style=\"\" data-op-effect-style-hover=\"\" data-op-courseaction=\"\" rel=\"noopener\">Maestros de Ingl\u00e9s<\/a><a href=\"http:\/\/eepurl.com\/gL6OpT\" class=\"op3-background-ancestor\" target=\"_self\" data-op-action=\"link\" data-op-select-funnel-step=\"\" data-op-animation-trigger=\"\" data-op-animation-style=\"\" data-op-animation-loop=\"\" data-op-timer-minutes=\"\" data-op-timer-seconds=\"\" data-op3-smooth-scroll=\"\" data-op-effect-style=\"\" data-op-effect-style-hover=\"\" data-op-courseaction=\"\" rel=\"noopener\">Estrategias para TOEFL<\/a><a href=\"https:\/\/mailchi.mp\/istudy\/emprendedoreseducativos\" class=\"op3-background-ancestor\" target=\"_self\" data-op-action=\"link\" data-op-select-funnel-step=\"\" data-op-animation-trigger=\"\" data-op-animation-style=\"\" data-op-animation-loop=\"\" data-op-timer-minutes=\"\" data-op-timer-seconds=\"\" data-op3-smooth-scroll=\"\" data-op-effect-style=\"\" data-op-effect-style-hover=\"\" data-op-courseaction=\"\" rel=\"noopener\">Emprendedores Educativos<\/a><a href=\"http:\/\/eepurl.com\/guqiF9\" class=\"op3-background-ancestor\" target=\"_self\" data-op-action=\"link\" data-op-select-funnel-step=\"\" data-op-animation-trigger=\"\" data-op-animation-style=\"\" data-op-animation-loop=\"\" data-op-timer-minutes=\"\" data-op-timer-seconds=\"\" data-op3-smooth-scroll=\"\" data-op-effect-style=\"\" data-op-effect-style-hover=\"\" data-op-courseaction=\"\" rel=\"noopener\">Aprende Ingl\u00e9s<\/a><img fetchpriority=\"high\" decoding=\"async\" src=\"https:\/\/istudy.mx\/elearning\/wp-content\/uploads\/2020\/10\/collage-3.png\" alt=\"\" title=\"collage-3\" width=\"1080\" height=\"1080\" data-op3-attachment-id=\"\" \/><\/p>\n<h2>Escr\u00edbenos para mayor informaci\u00f3n:&nbsp;<\/h2>\n<h2>e.learning@istudy.mx<\/h2>\n<p><a href=\"https:\/\/wa.link\/rc0was\" class=\"op3-background-ancestor\" target=\"_blank\" data-op-action=\"link\" data-op-select-funnel-step=\"\" data-op-animation-trigger=\"scroll\" data-op-animation-style=\"scale-up\" data-op-animation-loop=\"0\" data-op-timer-minutes=\"0\" data-op-timer-seconds=\"0\" data-op3-smooth-scroll=\"0\" data-op-effect-style=\"\" data-op-effect-style-hover=\"\" data-op-courseaction=\"\" rel=\"noopener\">Iniciar chat por WhatsApp<\/a><img decoding=\"async\" src=\"https:\/\/istudy.mx\/elearning\/wp-content\/uploads\/2020\/10\/collage-4.png\" alt=\"\" title=\"collage-4\" width=\"1080\" height=\"1080\" data-op3-attachment-id=\"\" \/><\/p>\n<h2>Busca nuestros webinars y talleres online gratuitos en nuestra p\u00e1gina de Facebook.<\/h2>\n<h2>Cont\u00e1ctanos &nbsp;<\/h2>\n<p><a href=\"#\" class=\"op3-background-ancestor\" target=\"_self\" data-op-action=\"link\" data-op-select-funnel-step=\"\" data-op-animation-trigger=\"\" data-op-animation-style=\"\" data-op-animation-loop=\"\" data-op-timer-minutes=\"\" data-op-timer-seconds=\"\" data-op3-smooth-scroll=\"\" data-op-effect-style=\"\" data-op-effect-style-hover=\"\" data-op-courseaction=\"\" rel=\"noopener\">Enviar<\/a><\/p>\n<p>\u00a1Los mejores cursos al alcance de un click!<\/p>\n<p><a class=\"op3-link op3-background-ancestor\" href=\"https:\/\/www.facebook.com\/iStudyeLearning\/?modal=admin_todo_tour\" target=\"_blank\" data-op-action=\"\" data-op-select-funnel-step=\"\" data-op-animation-trigger=\"\" data-op-animation-style=\"\" data-op-animation-loop=\"\" data-op-timer-minutes=\"\" data-op-timer-seconds=\"\" data-op3-smooth-scroll=\"\" rel=\"noopener\"><\/a><a class=\"op3-link op3-background-ancestor\" href=\"https:\/\/www.instagram.com\/istudylite\/\" target=\"_blank\" data-op-action=\"\" data-op-select-funnel-step=\"\" data-op-animation-trigger=\"\" data-op-animation-style=\"\" data-op-animation-loop=\"\" data-op-timer-minutes=\"\" data-op-timer-seconds=\"\" data-op3-smooth-scroll=\"\" rel=\"noopener\"><\/a><a class=\"op3-link op3-background-ancestor\" href=\"https:\/\/www.youtube.com\/channel\/UCi0TDU_YeJ3snQR4JcvwZTQ\" target=\"_blank\" data-op-action=\"\" data-op-select-funnel-step=\"\" data-op-animation-trigger=\"\" data-op-animation-style=\"\" data-op-animation-loop=\"\" data-op-timer-minutes=\"\" data-op-timer-seconds=\"\" data-op3-smooth-scroll=\"\" rel=\"noopener\"><\/a><\/p>\n<p><a href=\"mailto:e.learning@istudy.mx\">e.learning@istudy.mx<\/a><\/p>\n<p>Soporte: +52 8186909806<\/p>\n","protected":false},"excerpt":{"rendered":"<p>Plataforma e-learning \u00a1Suscr\u00edbete a nuestros boletines y recibe contenido gratuito cada semana en tu correo electr\u00f3nico! Maestros de Ingl\u00e9sEstrategias para TOEFLEmprendedores EducativosAprende Ingl\u00e9s Escr\u00edbenos para mayor informaci\u00f3n:&nbsp; e.learning@istudy.mx Iniciar chat por WhatsApp Busca nuestros webinars y talleres online gratuitos en nuestra p\u00e1gina de Facebook. Cont\u00e1ctanos &nbsp; Enviar \u00a1Los mejores cursos al alcance de un click! [&hellip;]<\/p>\n","protected":false},"author":123457,"featured_media":0,"parent":0,"menu_order":0,"comment_status":"closed","ping_status":"closed","template":"op_builder_blank","meta":{"footnotes":""},"class_list":["post-97","page","type-page","status-publish","hentry"],"_links":{"self":[{"href":"https:\/\/istudy.mx\/elearning\/wp-json\/wp\/v2\/pages\/97","targetHints":{"allow":["GET"]}}],"collection":[{"href":"https:\/\/istudy.mx\/elearning\/wp-json\/wp\/v2\/pages"}],"about":[{"href":"https:\/\/istudy.mx\/elearning\/wp-json\/wp\/v2\/types\/page"}],"author":[{"embeddable":true,"href":"https:\/\/istudy.mx\/elearning\/wp-json\/wp\/v2\/users\/123457"}],"replies":[{"embeddable":true,"href":"https:\/\/istudy.mx\/elearning\/wp-json\/wp\/v2\/comments?post=97"}],"version-history":[{"count":36,"href":"https:\/\/istudy.mx\/elearning\/wp-json\/wp\/v2\/pages\/97\/revisions"}],"predecessor-version":[{"id":635,"href":"https:\/\/istudy.mx\/elearning\/wp-json\/wp\/v2\/pages\/97\/revisions\/635"}],"wp:attachment":[{"href":"https:\/\/istudy.mx\/elearning\/wp-json\/wp\/v2\/media?parent=97"}],"curies":[{"name":"wp","href":"https:\/\/api.w.org\/{rel}","templated":true}]}}