{"id":6,"date":"2019-12-22T01:53:36","date_gmt":"2019-12-22T01:53:36","guid":{"rendered":"http:\/\/istudy.mx\/elearning\/?page_id=6"},"modified":"2023-02-13T19:37:21","modified_gmt":"2023-02-13T19:37:21","slug":"index","status":"publish","type":"page","link":"https:\/\/istudy.mx\/elearning\/","title":{"rendered":"index"},"content":{"rendered":"<p><img decoding=\"async\" src=\"https:\/\/istudy.mx\/elearning\/wp-content\/uploads\/2022\/09\/ISTUDY_E_LEARNING_GRANDE-300x149.png\" alt=\"\" title=\"ISTUDY_E_LEARNING_GRANDE\" width=\"366.664\" height=\"0\" data-op3-attachment-id=\"596\" \/><div id=\"op3-element-qGoMlIZ7\" class=\"op3-element \" data-op3-uuid=\"qGoMlIZ7\" data-op3-gid=\"\" data-op3-element-type=\"treemenu\" data-op3-element-spec=\"\" data-op3-element-caption=\"WP Menu #qGoMlIZ7\" data-op-visibility-hidden=\"0\" data-op-element-hidden=\"0\" data-op3-style-id=\"\" data-op3-has-children=\"1\"><div class=\"op3-treemenu-content op3-background-parent\" data-op3-stack-columns-desktop=\"0\" data-op3-stack-columns-tablet=\"1\" data-op3-stack-columns-mobile=\"1\" data-op3-autosize-columns=\"0\" data-op3-menu-name=\"2\" data-op-animation=\"0\"><a aria-label=\"Menu Open\" class=\"op3-hamburger op3-element__tcp--non-a\" href=\"#\" data-op3-treemenu-styling=\"right\"><i class=\"op3-icon op3-icon-menu-bold-2\" data-op3-icon=\"op3-icon-menu-bold-2\"><svg class=\"op3-icon-svg\" width=\"1em\" height=\"1em\"><use href=\"https:\/\/istudy.mx\/elearning\/wp-content\/plugins\/op-builder\/public\/assets\/cache\/page__6.icons.svg?ver=1676317041#op3-icons-menu-bold-2\" \/><\/svg><\/i><span class=\"op3-text\">Menu<\/span><\/a><a aria-label=\"Menu Close\" class=\"op3-hamburger-close op3-element__tcp--non-a\" href=\"#\"><i class=\"op3-icon op3-icon-simple-remove-2\" data-op3-icon=\"\" aria-label=\"Menu\"><svg class=\"op3-icon-svg\" width=\"1em\" height=\"1em\"><use href=\"https:\/\/istudy.mx\/elearning\/wp-content\/plugins\/op-builder\/public\/assets\/cache\/page__6.icons.svg?ver=1676317041#op3-icons-simple-remove-2\" \/><\/svg><\/i><span class=\"op3-text\">Close<\/span><\/a><div data-op3-children=\"4\"><div id=\"op3-element-W3r4alUE\" class=\"op3-element \" data-op3-uuid=\"W3r4alUE\" data-op3-gid=\"\" data-op3-element-type=\"treemenuitem\" data-op3-element-spec=\"treemenuitemlvl1\" data-op3-element-caption=\"Menu Item #W3r4alUE\" data-op-visibility-hidden=\"0\" data-op-element-hidden=\"0\" data-op3-style-id=\"\" data-op3-has-children=\"0\" data-op3-width-auto-toggle=\"1\"><div class=\"op3-treemenuitem-content op3-background-parent\" data-op3-menu-item-id=\"145\"><a aria-label=\"Link\" class=\"op3-treemenuitem-link op3-element__tcp--non-a\" href=\"https:\/\/istudy.mx\/elearning\/\" target=\"_self\"><i class=\"op3-icon op3-icon-link-71-1\" data-op3-icon=\"op3-icon-link-71-1\"><svg class=\"op3-icon-svg\" width=\"1em\" height=\"1em\"><use href=\"https:\/\/istudy.mx\/elearning\/wp-content\/plugins\/op-builder\/public\/assets\/cache\/page__6.icons.svg?ver=1676317041#op3-icons-link-71-1\" \/><\/svg><\/i><span class=\"op3-text\">Home<\/span><i class=\"op3-dropdown-icon op3-icon-small-down\"><svg class=\"op3-icon-svg\" width=\"1em\" height=\"1em\"><use href=\"https:\/\/istudy.mx\/elearning\/wp-content\/plugins\/op-builder\/public\/assets\/cache\/page__6.icons.svg?ver=1676317041#op3-icons-small-down\" \/><\/svg><\/i><\/a><div class=\"op3-treemenuitem-children-content op3-background-parent\"><div data-op3-children=\"0\"><\/div><div class=\"op3-triangle\"><div class=\"op3-triangle-ratio\"><div class=\"op3-triangle-wrapper\"><\/div><\/div><\/div><div data-op3-background=\"childwrap\"><\/div><\/div><div data-op3-background=\"base\"><\/div><\/div><\/div><div id=\"op3-element-P1Vwjsbe\" class=\"op3-element \" data-op3-uuid=\"P1Vwjsbe\" data-op3-gid=\"\" data-op3-element-type=\"treemenuitem\" data-op3-element-spec=\"treemenuitemlvl1\" data-op3-element-caption=\"Menu Item #P1Vwjsbe\" data-op-visibility-hidden=\"0\" data-op-element-hidden=\"0\" data-op3-style-id=\"\" data-op3-has-children=\"0\" data-op3-width-auto-toggle=\"1\"><div class=\"op3-treemenuitem-content op3-background-parent\" data-op3-menu-item-id=\"148\"><a aria-label=\"Link\" class=\"op3-treemenuitem-link op3-element__tcp--non-a\" href=\"https:\/\/istudy.mx\/elearning\/cursosvirtuales\/\" target=\"_self\"><i class=\"op3-icon op3-icon-link-71-1\" data-op3-icon=\"op3-icon-link-71-1\"><svg class=\"op3-icon-svg\" width=\"1em\" height=\"1em\"><use href=\"https:\/\/istudy.mx\/elearning\/wp-content\/plugins\/op-builder\/public\/assets\/cache\/page__6.icons.svg?ver=1676317041#op3-icons-link-71-1\" \/><\/svg><\/i><span class=\"op3-text\">Cursos Virtuales<\/span><i class=\"op3-dropdown-icon op3-icon-small-down\"><svg class=\"op3-icon-svg\" width=\"1em\" height=\"1em\"><use href=\"https:\/\/istudy.mx\/elearning\/wp-content\/plugins\/op-builder\/public\/assets\/cache\/page__6.icons.svg?ver=1676317041#op3-icons-small-down\" \/><\/svg><\/i><\/a><div class=\"op3-treemenuitem-children-content op3-background-parent\"><div data-op3-children=\"0\"><\/div><div class=\"op3-triangle\"><div class=\"op3-triangle-ratio\"><div class=\"op3-triangle-wrapper\"><\/div><\/div><\/div><div data-op3-background=\"childwrap\"><\/div><\/div><div data-op3-background=\"base\"><\/div><\/div><\/div><div id=\"op3-element-l8VRMRVl\" class=\"op3-element \" data-op3-uuid=\"l8VRMRVl\" data-op3-gid=\"\" data-op3-element-type=\"treemenuitem\" data-op3-element-spec=\"treemenuitemlvl1\" data-op3-element-caption=\"Menu Item #l8VRMRVl\" data-op-visibility-hidden=\"0\" data-op-element-hidden=\"0\" data-op3-style-id=\"\" data-op3-has-children=\"0\" data-op3-width-auto-toggle=\"1\"><div class=\"op3-treemenuitem-content op3-background-parent\" data-op3-menu-item-id=\"146\"><a aria-label=\"Link\" class=\"op3-treemenuitem-link op3-element__tcp--non-a\" href=\"https:\/\/istudy.mx\/elearning\/blog\/\" target=\"_self\"><i class=\"op3-icon op3-icon-link-71-1\" data-op3-icon=\"op3-icon-link-71-1\"><svg class=\"op3-icon-svg\" width=\"1em\" height=\"1em\"><use href=\"https:\/\/istudy.mx\/elearning\/wp-content\/plugins\/op-builder\/public\/assets\/cache\/page__6.icons.svg?ver=1676317041#op3-icons-link-71-1\" \/><\/svg><\/i><span class=\"op3-text\">Blog<\/span><i class=\"op3-dropdown-icon op3-icon-small-down\"><svg class=\"op3-icon-svg\" width=\"1em\" height=\"1em\"><use href=\"https:\/\/istudy.mx\/elearning\/wp-content\/plugins\/op-builder\/public\/assets\/cache\/page__6.icons.svg?ver=1676317041#op3-icons-small-down\" \/><\/svg><\/i><\/a><div class=\"op3-treemenuitem-children-content op3-background-parent\"><div data-op3-children=\"0\"><\/div><div class=\"op3-triangle\"><div class=\"op3-triangle-ratio\"><div class=\"op3-triangle-wrapper\"><\/div><\/div><\/div><div data-op3-background=\"childwrap\"><\/div><\/div><div data-op3-background=\"base\"><\/div><\/div><\/div><div id=\"op3-element-7rTQgqxE\" class=\"op3-element \" data-op3-uuid=\"7rTQgqxE\" data-op3-gid=\"\" data-op3-element-type=\"treemenuitem\" data-op3-element-spec=\"treemenuitemlvl1\" data-op3-element-caption=\"Menu Item #7rTQgqxE\" data-op-visibility-hidden=\"0\" data-op-element-hidden=\"0\" data-op3-style-id=\"\" data-op3-has-children=\"0\" data-op3-width-auto-toggle=\"1\"><div class=\"op3-treemenuitem-content op3-background-parent\" data-op3-menu-item-id=\"147\"><a aria-label=\"Link\" class=\"op3-treemenuitem-link op3-element__tcp--non-a\" href=\"https:\/\/istudy.mx\/elearning\/contacto\/\" target=\"_self\"><i class=\"op3-icon op3-icon-link-71-1\" data-op3-icon=\"op3-icon-link-71-1\"><svg class=\"op3-icon-svg\" width=\"1em\" height=\"1em\"><use href=\"https:\/\/istudy.mx\/elearning\/wp-content\/plugins\/op-builder\/public\/assets\/cache\/page__6.icons.svg?ver=1676317041#op3-icons-link-71-1\" \/><\/svg><\/i><span class=\"op3-text\">Contacto<\/span><i class=\"op3-dropdown-icon op3-icon-small-down\"><svg class=\"op3-icon-svg\" width=\"1em\" height=\"1em\"><use href=\"https:\/\/istudy.mx\/elearning\/wp-content\/plugins\/op-builder\/public\/assets\/cache\/page__6.icons.svg?ver=1676317041#op3-icons-small-down\" \/><\/svg><\/i><\/a><div class=\"op3-treemenuitem-children-content op3-background-parent\"><div data-op3-children=\"0\"><\/div><div class=\"op3-triangle\"><div class=\"op3-triangle-ratio\"><div class=\"op3-triangle-wrapper\"><\/div><\/div><\/div><div data-op3-background=\"childwrap\"><\/div><\/div><div data-op3-background=\"base\"><\/div><\/div><\/div><\/div><div class=\"op3-triangle\"><div class=\"op3-triangle-ratio\"><div class=\"op3-triangle-wrapper\"><\/div><\/div><\/div><\/div><\/div><a href=\"https:\/\/istudy.mx\/elearning\/moodle\/moodle\/\" class=\"op3-background-ancestor\" target=\"_blank\" data-op-action=\"link\" data-op-select-funnel-step=\"\" data-op-animation-trigger=\"load\" data-op-animation-style=\"scale-up\" data-op-animation-loop=\"0\" data-op-timer-minutes=\"0\" data-op-timer-seconds=\"0\" data-op3-smooth-scroll=\"0\" data-op-effect-style=\"\" data-op-effect-style-hover=\"\" data-op-courseaction=\"\" rel=\"noopener\">Plataforma e-learning<\/a><\/p>\n<h2>\u00a1Los mejores cursos al alcance de un clic!<\/h2>\n<p>Accede a nuestros entrenamientos virtuales y aprende nuevas habilidades para transformar tu futuro.&nbsp;<\/p>\n<p><img fetchpriority=\"high\" decoding=\"async\" src=\"https:\/\/istudy.mx\/elearning\/wp-content\/uploads\/2020\/10\/collage-2.png\" alt=\"\" title=\"collage-2\" width=\"1080\" height=\"1080\" data-op3-attachment-id=\"\" \/><\/p>\n<h1>\u00bfQui\u00e9nes somos?&nbsp;<\/h1>\n<p>iStudy es una instituci\u00f3n que ofrece entrenamientos y cursos virtuales de calidad a trav\u00e9s de una amigable plataforma e-Learning, con el objetivo de apoyar a nuestros usuarios a alcanzar su metas acad\u00e9micas, laborales y profesionales.&nbsp;<\/p>\n<h2>Visi\u00f3n<\/h2>\n<p>Dar a usuarios acceso a capacitaciones continuas en diversas \u00e1reas de estudio, que apoyen su formaci\u00f3n y que est\u00e9n&nbsp;al alcance de toda&nbsp;Latinoam\u00e9rica&nbsp;y el mundo de manera digital.<\/p>\n<h2>Misi\u00f3n<\/h2>\n<p>Ofrecer entrenamientos y cursos de calidad a trav\u00e9s de una plataforma amigable, flexibilidad de horarios y 100% en l\u00ednea, que contribuyan a la profesionalizaci\u00f3n de nuestros usuarios<\/p>\n<h1>Ventajas de Nuestra Plataforma e-Learning&nbsp;<\/h1>\n<p>Variedad de Cursos Virtuales<\/p>\n<p>Completamente digital, sin l\u00edmites geogr\u00e1ficos<\/p>\n<p>Avance a tu ritmo y horario<\/p>\n<p>Da valor a tu hoja de vida<\/p>\n<p>S\u00e9 mejor en tu trabajo o escuela<\/p>\n<p>Un espacio para networking<\/p>\n<p>Costos accesibles<\/p>\n<p>Educaci\u00f3n confiable y 100% accionable<\/p>\n<p>Acceso 24 horas, los 7 d\u00edas de la semana<\/p>\n<h1>&nbsp;Nuestros L\u00edderes de Proyecto&nbsp;<\/h1>\n<h4>V\u00edctor Trevi\u00f1o<\/h4>\n<p>Egresado de FFyL, UANL (2012) como traductor e int\u00e9rprete. Profesor de ingl\u00e9s por m\u00e1s de 14 a\u00f1os. Actualmente, es&nbsp; el director general de iStudy Language Center y iStudy e-Learning. Experto en marketing digital, dise\u00f1o, emprendimiento y creador de contenido educativo con m\u00e1s 180,000 seguidores en todo Latinoam\u00e9rica.<\/p>\n<p><img decoding=\"async\" src=\"https:\/\/istudy.mx\/elearning\/wp-content\/uploads\/2023\/02\/YO2-1-300x300.png\" alt=\"\" title=\"YO2\" width=\"300\" height=\"300\" data-op3-attachment-id=\"641\" \/><\/p>\n<h4>Jes\u00fas Doria<\/h4>\n<p>Graduado como ling\u00fcista de FFyL, UANL (2018), certificado por Cambridge TKT y British Council APTIS, vocal en la Asociaci\u00f3n Mexicana de Maestros de Ingl\u00e9s (Mextesol), cap\u00edtulo Nuevo Le\u00f3n y fundador de la asociaci\u00f3n FiloEduca en la Facultad de Filosof\u00eda y Letras. Funge como tutor virtual de iStudy e-Learning.<\/p>\n<p><img decoding=\"async\" src=\"https:\/\/istudy.mx\/elearning\/wp-content\/uploads\/2020\/10\/iStudy-443-copia.jpg\" alt=\"\" title=\"Tania\" width=\"300\" height=\"300\" data-op3-attachment-id=\"\" \/><\/p>\n<h4>Tania Alonso<\/h4>\n<p>Ling\u00fcista por la FFyL, UANL (2008), master en Planeaci\u00f3n Estrat\u00e9gica por UCNL (2019), certificada por Cambridge ESOL en ICELT y TKT. Cuenta con m\u00e1s de 15 a\u00f1os de experiencia en la industria biling\u00fce, es emprendedora digital, fundadora de iStudy y autora del libro \u201cIncrementa tu valor como maestro de ingl\u00e9s. Estrategias y certificaciones para lograrlo\u201d.<\/p>\n<p><img loading=\"lazy\" decoding=\"async\" src=\"https:\/\/istudy.mx\/elearning\/wp-content\/uploads\/2023\/02\/100777832_10158792091133338_4659327363337682944_n-2-300x300.jpg\" alt=\"\" title=\"100777832_10158792091133338_4659327363337682944_n-2\" width=\"300\" height=\"300\" data-op3-attachment-id=\"642\" \/><img loading=\"lazy\" decoding=\"async\" src=\"https:\/\/istudy.mx\/elearning\/wp-content\/uploads\/2022\/09\/ISTUDY_E_LEARNING_GRANDE-300x149.png\" alt=\"\" title=\"ISTUDY_E_LEARNING_GRANDE\" width=\"300\" height=\"149\" data-op3-attachment-id=\"596\" \/><a class=\"op3-link op3-background-ancestor\" href=\"https:\/\/www.facebook.com\/iStudyeLearning\/?modal=admin_todo_tour\" target=\"_blank\" data-op-action=\"\" data-op-select-funnel-step=\"\" data-op-animation-trigger=\"\" data-op-animation-style=\"\" data-op-animation-loop=\"\" data-op-timer-minutes=\"\" data-op-timer-seconds=\"\" data-op3-smooth-scroll=\"\" rel=\"noopener\"><\/a><a class=\"op3-link op3-background-ancestor\" href=\"https:\/\/www.instagram.com\/istudylite\/\" target=\"_blank\" data-op-action=\"\" data-op-select-funnel-step=\"\" data-op-animation-trigger=\"\" data-op-animation-style=\"\" data-op-animation-loop=\"\" data-op-timer-minutes=\"\" data-op-timer-seconds=\"\" data-op3-smooth-scroll=\"\" rel=\"noopener\"><\/a><a class=\"op3-link op3-background-ancestor\" href=\"https:\/\/www.youtube.com\/channel\/UCi0TDU_YeJ3snQR4JcvwZTQ\" target=\"_blank\" data-op-action=\"\" data-op-select-funnel-step=\"\" data-op-animation-trigger=\"\" data-op-animation-style=\"\" data-op-animation-loop=\"\" data-op-timer-minutes=\"\" data-op-timer-seconds=\"\" data-op3-smooth-scroll=\"\" rel=\"noopener\"><\/a><\/p>\n<p><a href=\"mailto:e.learning@istudy.mx\">e.learning@istudy.mx<\/a><\/p>\n<p>Soporte: +52 8186909806<\/p>\n","protected":false},"excerpt":{"rendered":"<p>Plataforma e-learning \u00a1Los mejores cursos al alcance de un clic! Accede a nuestros entrenamientos virtuales y aprende nuevas habilidades para transformar tu futuro.&nbsp; \u00bfQui\u00e9nes somos?&nbsp; iStudy es una instituci\u00f3n que ofrece entrenamientos y cursos virtuales de calidad a trav\u00e9s de una amigable plataforma e-Learning, con el objetivo de apoyar a nuestros usuarios a alcanzar su [&hellip;]<\/p>\n","protected":false},"author":123457,"featured_media":0,"parent":0,"menu_order":0,"comment_status":"closed","ping_status":"closed","template":"op_builder_blank","meta":{"footnotes":""},"class_list":["post-6","page","type-page","status-publish","hentry"],"_links":{"self":[{"href":"https:\/\/istudy.mx\/elearning\/wp-json\/wp\/v2\/pages\/6","targetHints":{"allow":["GET"]}}],"collection":[{"href":"https:\/\/istudy.mx\/elearning\/wp-json\/wp\/v2\/pages"}],"about":[{"href":"https:\/\/istudy.mx\/elearning\/wp-json\/wp\/v2\/types\/page"}],"author":[{"embeddable":true,"href":"https:\/\/istudy.mx\/elearning\/wp-json\/wp\/v2\/users\/123457"}],"replies":[{"embeddable":true,"href":"https:\/\/istudy.mx\/elearning\/wp-json\/wp\/v2\/comments?post=6"}],"version-history":[{"count":68,"href":"https:\/\/istudy.mx\/elearning\/wp-json\/wp\/v2\/pages\/6\/revisions"}],"predecessor-version":[{"id":645,"href":"https:\/\/istudy.mx\/elearning\/wp-json\/wp\/v2\/pages\/6\/revisions\/645"}],"wp:attachment":[{"href":"https:\/\/istudy.mx\/elearning\/wp-json\/wp\/v2\/media?parent=6"}],"curies":[{"name":"wp","href":"https:\/\/api.w.org\/{rel}","templated":true}]}}