{"id":42,"date":"2019-12-22T01:53:36","date_gmt":"2019-12-22T01:53:36","guid":{"rendered":"http:\/\/istudy.mx\/elearning\/index-cloned-at-2019-12-26-225004\/"},"modified":"2024-08-16T22:28:57","modified_gmt":"2024-08-16T22:28:57","slug":"cursosvirtuales","status":"publish","type":"page","link":"https:\/\/istudy.mx\/elearning\/cursosvirtuales\/","title":{"rendered":"Cursos Virtuales"},"content":{"rendered":"<p><img decoding=\"async\" class=\"op3-element__image op3-element-image__image\" src=\"https:\/\/istudy.mx\/elearning\/wp-content\/uploads\/2022\/09\/ISTUDY_E_LEARNING_GRANDE-300x149.png\" alt=\"\" title=\"ISTUDY_E_LEARNING_GRANDE\" width=\"560\" data-op3-attachment-id=\"596\" \/><div id=\"op3-element-WyxhFopW\" class=\"op3-element \" data-op3-uuid=\"WyxhFopW\" data-op3-gid=\"\" data-op3-element-type=\"treemenu\" data-op3-element-spec=\"\" data-op3-element-caption=\"WP Menu #WyxhFopW\" data-op-visibility-hidden=\"0\" data-op-element-hidden=\"0\" data-op3-style-id=\"\" data-op3-has-children=\"1\"><div class=\"op3-treemenu-content op3-background-parent\" data-op3-stack-columns-desktop=\"0\" data-op3-stack-columns-tablet=\"1\" data-op3-stack-columns-mobile=\"1\" data-op3-autosize-columns=\"0\" data-op3-menu-name=\"2\" data-op-animation=\"0\"><a aria-label=\"Menu Open\" class=\"op3-hamburger op3-element__tcp--non-a\" href=\"#\" data-op3-treemenu-styling=\"right\"><i class=\"op3-icon op3-icon-menu-bold-2\" data-op3-icon=\"op3-icon-menu-bold-2\"><svg class=\"op3-icon-svg\" width=\"1em\" height=\"1em\"><use href=\"https:\/\/istudy.mx\/elearning\/wp-content\/plugins\/op-builder\/public\/assets\/cache\/page__42.icons.svg?ver=1723847337#op3-icons-menu-bold-2\" \/><\/svg><\/i><span class=\"op3-text\">Menu<\/span><\/a><a aria-label=\"Menu Close\" class=\"op3-hamburger-close op3-element__tcp--non-a\" href=\"#\"><i class=\"op3-icon op3-icon-simple-remove-2\" data-op3-icon=\"\" aria-label=\"Menu\"><svg class=\"op3-icon-svg\" width=\"1em\" height=\"1em\"><use href=\"https:\/\/istudy.mx\/elearning\/wp-content\/plugins\/op-builder\/public\/assets\/cache\/page__42.icons.svg?ver=1723847337#op3-icons-simple-remove-2\" \/><\/svg><\/i><span class=\"op3-text\">Close<\/span><\/a><div data-op3-children=\"4\"><div id=\"op3-element-oZy46S0J\" class=\"op3-element \" data-op3-uuid=\"oZy46S0J\" data-op3-gid=\"\" data-op3-element-type=\"treemenuitem\" data-op3-element-spec=\"treemenuitemlvl1\" data-op3-element-caption=\"Menu Item #oZy46S0J\" data-op-visibility-hidden=\"0\" data-op-element-hidden=\"0\" data-op3-style-id=\"\" data-op3-has-children=\"0\" data-op3-width-auto-toggle=\"1\"><div class=\"op3-treemenuitem-content op3-background-parent\" data-op3-menu-item-id=\"145\"><a aria-label=\"Link\" class=\"op3-treemenuitem-link op3-element__tcp--non-a\" href=\"https:\/\/istudy.mx\/elearning\/\" target=\"_self\"><i class=\"op3-icon op3-icon-link-71-1\" data-op3-icon=\"op3-icon-link-71-1\"><svg class=\"op3-icon-svg\" width=\"1em\" height=\"1em\"><use href=\"https:\/\/istudy.mx\/elearning\/wp-content\/plugins\/op-builder\/public\/assets\/cache\/page__42.icons.svg?ver=1723847337#op3-icons-link-71-1\" \/><\/svg><\/i><span class=\"op3-text\">Home<\/span><i class=\"op3-dropdown-icon op3-icon-small-down\"><svg class=\"op3-icon-svg\" width=\"1em\" height=\"1em\"><use href=\"https:\/\/istudy.mx\/elearning\/wp-content\/plugins\/op-builder\/public\/assets\/cache\/page__42.icons.svg?ver=1723847337#op3-icons-small-down\" \/><\/svg><\/i><\/a><div class=\"op3-treemenuitem-children-content op3-background-parent\"><div data-op3-children=\"0\"><\/div><div class=\"op3-triangle\"><div class=\"op3-triangle-ratio\"><div class=\"op3-triangle-wrapper\"><\/div><\/div><\/div><div data-op3-background=\"childwrap\"><\/div><\/div><div data-op3-background=\"base\"><\/div><\/div><\/div><div id=\"op3-element-PgDyQAij\" class=\"op3-element \" data-op3-uuid=\"PgDyQAij\" data-op3-gid=\"\" data-op3-element-type=\"treemenuitem\" data-op3-element-spec=\"treemenuitemlvl1\" data-op3-element-caption=\"Menu Item #PgDyQAij\" data-op-visibility-hidden=\"0\" data-op-element-hidden=\"0\" data-op3-style-id=\"\" data-op3-has-children=\"0\" data-op3-width-auto-toggle=\"1\"><div class=\"op3-treemenuitem-content op3-background-parent\" data-op3-menu-item-id=\"148\"><a aria-label=\"Link\" class=\"op3-treemenuitem-link op3-element__tcp--non-a\" href=\"https:\/\/istudy.mx\/elearning\/cursosvirtuales\/\" target=\"_self\"><i class=\"op3-icon op3-icon-link-71-1\" data-op3-icon=\"op3-icon-link-71-1\"><svg class=\"op3-icon-svg\" width=\"1em\" height=\"1em\"><use href=\"https:\/\/istudy.mx\/elearning\/wp-content\/plugins\/op-builder\/public\/assets\/cache\/page__42.icons.svg?ver=1723847337#op3-icons-link-71-1\" \/><\/svg><\/i><span class=\"op3-text\">Cursos Virtuales<\/span><i class=\"op3-dropdown-icon op3-icon-small-down\"><svg class=\"op3-icon-svg\" width=\"1em\" height=\"1em\"><use href=\"https:\/\/istudy.mx\/elearning\/wp-content\/plugins\/op-builder\/public\/assets\/cache\/page__42.icons.svg?ver=1723847337#op3-icons-small-down\" \/><\/svg><\/i><\/a><div class=\"op3-treemenuitem-children-content op3-background-parent\"><div data-op3-children=\"0\"><\/div><div class=\"op3-triangle\"><div class=\"op3-triangle-ratio\"><div class=\"op3-triangle-wrapper\"><\/div><\/div><\/div><div data-op3-background=\"childwrap\"><\/div><\/div><div data-op3-background=\"base\"><\/div><\/div><\/div><div id=\"op3-element-FrJhR1bu\" class=\"op3-element \" data-op3-uuid=\"FrJhR1bu\" data-op3-gid=\"\" data-op3-element-type=\"treemenuitem\" data-op3-element-spec=\"treemenuitemlvl1\" data-op3-element-caption=\"Menu Item #FrJhR1bu\" data-op-visibility-hidden=\"0\" data-op-element-hidden=\"0\" data-op3-style-id=\"\" data-op3-has-children=\"0\" data-op3-width-auto-toggle=\"1\"><div class=\"op3-treemenuitem-content op3-background-parent\" data-op3-menu-item-id=\"146\"><a aria-label=\"Link\" class=\"op3-treemenuitem-link op3-element__tcp--non-a\" href=\"https:\/\/istudy.mx\/elearning\/blog\/\" target=\"_self\"><i class=\"op3-icon op3-icon-link-71-1\" data-op3-icon=\"op3-icon-link-71-1\"><svg class=\"op3-icon-svg\" width=\"1em\" height=\"1em\"><use href=\"https:\/\/istudy.mx\/elearning\/wp-content\/plugins\/op-builder\/public\/assets\/cache\/page__42.icons.svg?ver=1723847337#op3-icons-link-71-1\" \/><\/svg><\/i><span class=\"op3-text\">Blog<\/span><i class=\"op3-dropdown-icon op3-icon-small-down\"><svg class=\"op3-icon-svg\" width=\"1em\" height=\"1em\"><use href=\"https:\/\/istudy.mx\/elearning\/wp-content\/plugins\/op-builder\/public\/assets\/cache\/page__42.icons.svg?ver=1723847337#op3-icons-small-down\" \/><\/svg><\/i><\/a><div class=\"op3-treemenuitem-children-content op3-background-parent\"><div data-op3-children=\"0\"><\/div><div class=\"op3-triangle\"><div class=\"op3-triangle-ratio\"><div class=\"op3-triangle-wrapper\"><\/div><\/div><\/div><div data-op3-background=\"childwrap\"><\/div><\/div><div data-op3-background=\"base\"><\/div><\/div><\/div><div id=\"op3-element-o2j3GOPd\" class=\"op3-element \" data-op3-uuid=\"o2j3GOPd\" data-op3-gid=\"\" data-op3-element-type=\"treemenuitem\" data-op3-element-spec=\"treemenuitemlvl1\" data-op3-element-caption=\"Menu Item #o2j3GOPd\" data-op-visibility-hidden=\"0\" data-op-element-hidden=\"0\" data-op3-style-id=\"\" data-op3-has-children=\"0\" data-op3-width-auto-toggle=\"1\"><div class=\"op3-treemenuitem-content op3-background-parent\" data-op3-menu-item-id=\"147\"><a aria-label=\"Link\" class=\"op3-treemenuitem-link op3-element__tcp--non-a\" href=\"https:\/\/istudy.mx\/elearning\/contacto\/\" target=\"_self\"><i class=\"op3-icon op3-icon-link-71-1\" data-op3-icon=\"op3-icon-link-71-1\"><svg class=\"op3-icon-svg\" width=\"1em\" height=\"1em\"><use href=\"https:\/\/istudy.mx\/elearning\/wp-content\/plugins\/op-builder\/public\/assets\/cache\/page__42.icons.svg?ver=1723847337#op3-icons-link-71-1\" \/><\/svg><\/i><span class=\"op3-text\">Contacto<\/span><i class=\"op3-dropdown-icon op3-icon-small-down\"><svg class=\"op3-icon-svg\" width=\"1em\" height=\"1em\"><use href=\"https:\/\/istudy.mx\/elearning\/wp-content\/plugins\/op-builder\/public\/assets\/cache\/page__42.icons.svg?ver=1723847337#op3-icons-small-down\" \/><\/svg><\/i><\/a><div class=\"op3-treemenuitem-children-content op3-background-parent\"><div data-op3-children=\"0\"><\/div><div class=\"op3-triangle\"><div class=\"op3-triangle-ratio\"><div class=\"op3-triangle-wrapper\"><\/div><\/div><\/div><div data-op3-background=\"childwrap\"><\/div><\/div><div data-op3-background=\"base\"><\/div><\/div><\/div><\/div><div class=\"op3-triangle\"><div class=\"op3-triangle-ratio\"><div class=\"op3-triangle-wrapper\"><\/div><\/div><\/div><\/div><\/div><a href=\"https:\/\/istudy.mx\/elearning\/moodle\/moodle\/\" class=\"op3-link op3-background-ancestor\" target=\"_blank\" data-op-action=\"link\" data-op-select-funnel-step=\"\" data-op-animation-trigger=\"load\" data-op-animation-style=\"scale-up\" data-op-animation-loop=\"0\" data-op-timer-minutes=\"0\" data-op-timer-seconds=\"0\" data-op3-smooth-scroll=\"0\" data-op-effect-style=\"\" data-op-effect-style-hover=\"\" data-op-courseaction=\"\" rel=\"noopener\">Plataforma e-learning<\/a><\/p>\n<h2>Nuestros Cursos Virtuales<\/h2>\n<p><img fetchpriority=\"high\" decoding=\"async\" class=\"op3-element__image op3-element-image__image\" src=\"https:\/\/istudy.mx\/elearning\/wp-content\/uploads\/2021\/03\/1.jpg\" alt=\"\" title=\"1\" width=\"1280\" height=\"720\" data-op3-attachment-id=\"447\" \/><\/p>\n<p>Curso preparativo online para maestros de ingl\u00e9s que buscan certificarse en los ex\u00e1menes de TKT de Cambridge m\u00f3dulos 1, 2 y 3, con contenido cuidadosamente seleccionado y pr\u00e1cticas \u00fatiles enfocadas en lograr resultados satisfactorios.<\/p>\n<p><a href=\"https:\/\/istudy.mx\/elearning\/cursotkt\/\" class=\"op3-link op3-background-ancestor\" target=\"_blank\" data-op-action=\"link\" data-op-select-funnel-step=\"\" data-op-animation-trigger=\"scroll\" data-op-animation-style=\"scale-up\" data-op-animation-loop=\"\" data-op-timer-minutes=\"\" data-op-timer-seconds=\"\" data-op3-smooth-scroll=\"\" data-op-effect-style=\"\" data-op-effect-style-hover=\"\" data-op-courseaction=\"\" rel=\"noopener\">M\u00e1s Informaci\u00f3n<\/a><img decoding=\"async\" class=\"op3-element__image op3-element-image__image\" src=\"https:\/\/istudy.mx\/elearning\/wp-content\/uploads\/2021\/03\/4.jpg\" alt=\"\" title=\"4\" width=\"1280\" height=\"720\" data-op3-attachment-id=\"450\" \/><\/p>\n<p>Curso para Instructores de Espa\u00f1ol<br \/>\ncomo Lengua Extranjera (CIELE) ofrece&nbsp;la posibilidad de ense\u00f1ar en empresas internacionales dentro del pa\u00eds, dar clases en l\u00ednea o viajar al extranjero para impartir cursos en el idioma espa\u00f1ol en instituciones privadas o como clases particulares.<\/p>\n<p><a href=\"https:\/\/istudy.mx\/elearning\/cursos\/ciele\/\" class=\"op3-link op3-background-ancestor\" target=\"_self\" data-op-action=\"link\" data-op-select-funnel-step=\"\" data-op-animation-trigger=\"scroll\" data-op-animation-style=\"scale-up\" data-op-animation-loop=\"\" data-op-timer-minutes=\"\" data-op-timer-seconds=\"\" data-op3-smooth-scroll=\"\" data-op-effect-style=\"\" data-op-effect-style-hover=\"\" data-op-courseaction=\"\" rel=\"noopener\">M\u00e1s Informaci\u00f3n<\/a><img decoding=\"async\" class=\"op3-element__image op3-element-image__image\" src=\"https:\/\/istudy.mx\/elearning\/wp-content\/uploads\/2021\/03\/3.jpg\" alt=\"\" title=\"3\" width=\"1280\" height=\"720\" data-op3-attachment-id=\"449\" \/><\/p>\n<p>Curso preparativo para el mundialmente reconocido examen TOEFL en sus cuatro habilidades: lectura, comprensi\u00f3n oral, escritura y comunicaci\u00f3n oral y obt\u00e9n un resultado favorable al repasar con ejercicios similares a los del examen.<\/p>\n<p><a href=\"https:\/\/istudy.mx\/elearning\/cursos\/toefl\" class=\"op3-link op3-background-ancestor\" target=\"_self\" data-op-action=\"link\" data-op-select-funnel-step=\"\" data-op-animation-trigger=\"scroll\" data-op-animation-style=\"scale-up\" data-op-animation-loop=\"\" data-op-timer-minutes=\"\" data-op-timer-seconds=\"\" data-op3-smooth-scroll=\"\" data-op-effect-style=\"\" data-op-effect-style-hover=\"\" data-op-courseaction=\"\" rel=\"noopener\">M\u00e1s Informaci\u00f3n<\/a><img loading=\"lazy\" decoding=\"async\" class=\"op3-element__image op3-element-image__image\" src=\"https:\/\/istudy.mx\/elearning\/wp-content\/uploads\/2021\/03\/8.jpg\" alt=\"\" title=\"8\" width=\"1280\" height=\"720\" data-op3-attachment-id=\"443\" \/><\/p>\n<p>Curso preparativo que ofrece a candidatos, un entrenamiento preciso para el examen EXCI de la UANL en cuatro habilidades, con contenido cuidadosamente seleccionado y pr\u00e1cticas \u00fatiles enfocadas en lograr un resultado exitoso en el examen.<\/p>\n<p><a href=\"https:\/\/istudy.mx\/elearning\/cursos\/exci\" class=\"op3-link op3-background-ancestor\" target=\"_self\" data-op-action=\"link\" data-op-select-funnel-step=\"\" data-op-animation-trigger=\"scroll\" data-op-animation-style=\"scale-up\" data-op-animation-loop=\"0\" data-op-timer-minutes=\"0\" data-op-timer-seconds=\"0\" data-op3-smooth-scroll=\"\" data-op-effect-style=\"\" data-op-effect-style-hover=\"\" data-op-courseaction=\"\" rel=\"noopener\">M\u00e1s Informaci\u00f3n<\/a><img loading=\"lazy\" decoding=\"async\" class=\"op3-element__image op3-element-image__image\" src=\"https:\/\/istudy.mx\/elearning\/wp-content\/uploads\/2021\/03\/2.jpg\" alt=\"\" title=\"2\" width=\"1280\" height=\"720\" data-op3-attachment-id=\"448\" \/><\/p>\n<p>Curso preparativo que ofrece a candidatos, un entrenamiento preciso para el examen Duolingo English Test, mediante la explicaci\u00f3n de &nbsp;cada uno de los tipos de ejercicios que vienen en el examen.<\/p>\n<p><a href=\"https:\/\/istudy.mx\/elearning\/cursos\/duolingo\/\" class=\"op3-link op3-background-ancestor\" target=\"_self\" data-op-action=\"link\" data-op-select-funnel-step=\"\" data-op-animation-trigger=\"scroll\" data-op-animation-style=\"scale-up\" data-op-animation-loop=\"0\" data-op-timer-minutes=\"0\" data-op-timer-seconds=\"0\" data-op3-smooth-scroll=\"\" data-op-effect-style=\"\" data-op-effect-style-hover=\"\" data-op-courseaction=\"\" rel=\"noopener\">M\u00e1s Informaci\u00f3n<\/a><img loading=\"lazy\" decoding=\"async\" class=\"op3-element__image op3-element-image__image\" src=\"https:\/\/istudy.mx\/elearning\/wp-content\/uploads\/2021\/03\/7.jpg\" alt=\"\" title=\"7\" width=\"1280\" height=\"720\" data-op3-attachment-id=\"442\" \/><\/p>\n<p>Curso de ingl\u00e9s en l\u00ednea que combina clases en vivo con maestros certificados y material adicional que te ayudar\u00e1 a alcanzar tus metas acad\u00e9micas y profesionales al dominar este segundo idioma.&nbsp;<\/p>\n<p><a href=\"https:\/\/istudy.mx\/elearning\/cursos\/ienglish\/\" class=\"op3-link op3-background-ancestor\" target=\"_self\" data-op-action=\"link\" data-op-select-funnel-step=\"\" data-op-animation-trigger=\"scroll\" data-op-animation-style=\"scale-up\" data-op-animation-loop=\"0\" data-op-timer-minutes=\"0\" data-op-timer-seconds=\"0\" data-op3-smooth-scroll=\"\" data-op-effect-style=\"\" data-op-effect-style-hover=\"\" data-op-courseaction=\"\" rel=\"noopener\">M\u00e1s Informaci\u00f3n<\/a><img loading=\"lazy\" decoding=\"async\" class=\"op3-element__image op3-element-image__image\" src=\"https:\/\/istudy.mx\/elearning\/wp-content\/uploads\/2021\/03\/6.jpg\" alt=\"\" title=\"6\" width=\"1280\" height=\"720\" data-op3-attachment-id=\"441\" \/><\/p>\n<p>Este curso te llevar\u00e1 de la mano durante 8 m\u00f3dulos utilizando herramientas de coaching especializadas que te ayudar\u00e1n a reflexionar, aprender de ti, accionar y como consecuencia vivir la vida que quieres.<\/p>\n<\/p>\n<p><a href=\"https:\/\/istudy.mx\/elearning\/cursos\/transformate\/\" class=\"op3-link op3-background-ancestor\" target=\"_self\" data-op-action=\"link\" data-op-select-funnel-step=\"\" data-op-animation-trigger=\"scroll\" data-op-animation-style=\"scale-up\" data-op-animation-loop=\"0\" data-op-timer-minutes=\"0\" data-op-timer-seconds=\"0\" data-op3-smooth-scroll=\"\" data-op-effect-style=\"\" data-op-effect-style-hover=\"\" data-op-courseaction=\"\" rel=\"noopener\">M\u00e1s Informaci\u00f3n<\/a><img loading=\"lazy\" decoding=\"async\" class=\"op3-element__image op3-element-image__image\" src=\"https:\/\/istudy.mx\/elearning\/wp-content\/uploads\/2021\/03\/9.jpg\" alt=\"\" title=\"9\" width=\"1280\" height=\"720\" data-op3-attachment-id=\"444\" \/><\/p>\n<p>Este curso intensivo, en colaboraci\u00f3n con la Alianza Francesa de Armenia-Colombia&nbsp; te llevar\u00e1 de la mano durante 80 horas, a alcanzar de manera satisfactoria los niveles de franc\u00e9s con relaci\u00f3n al Marco de Referencia Europeo para los Lenguajes.&nbsp;<\/p>\n<\/p>\n<p><a href=\"https:\/\/istudy.mx\/elearning\/cursos\/frances\/\" class=\"op3-link op3-background-ancestor\" target=\"_self\" data-op-action=\"link\" data-op-select-funnel-step=\"\" data-op-animation-trigger=\"scroll\" data-op-animation-style=\"scale-up\" data-op-animation-loop=\"0\" data-op-timer-minutes=\"0\" data-op-timer-seconds=\"0\" data-op3-smooth-scroll=\"0\" data-op-effect-style=\"\" data-op-effect-style-hover=\"\" data-op-courseaction=\"\" rel=\"noopener\">M\u00e1s Informaci\u00f3n<\/a><img loading=\"lazy\" decoding=\"async\" class=\"op3-element__image op3-element-image__image\" src=\"https:\/\/istudy.mx\/elearning\/wp-content\/uploads\/2021\/03\/5.jpg\" alt=\"\" title=\"5\" width=\"1280\" height=\"720\" data-op3-attachment-id=\"451\" \/><\/p>\n<p>Gu\u00eda virtual que necesitas como emprendedor educativo para incursionar en el mundo digital y escalar las ventas de tu producto o servicio educativo vendiendo a trav\u00e9s de Redes Sociales y Webinars.&nbsp;<\/p>\n<\/p>\n<p><a href=\"https:\/\/istudy.mx\/elearning\/cursos\/icoach\/\" class=\"op3-link op3-background-ancestor\" target=\"_self\" data-op-action=\"link\" data-op-select-funnel-step=\"\" data-op-animation-trigger=\"scroll\" data-op-animation-style=\"scale-up\" data-op-animation-loop=\"0\" data-op-timer-minutes=\"0\" data-op-timer-seconds=\"0\" data-op3-smooth-scroll=\"\" data-op-effect-style=\"\" data-op-effect-style-hover=\"\" data-op-courseaction=\"\" rel=\"noopener\">M\u00e1s Informaci\u00f3n<\/a><img loading=\"lazy\" decoding=\"async\" class=\"op3-element__image op3-element-image__image\" src=\"https:\/\/istudy.mx\/elearning\/wp-content\/uploads\/2021\/03\/10.jpg\" alt=\"\" title=\"10\" width=\"1280\" height=\"720\" data-op3-attachment-id=\"445\" \/><\/p>\n<p>Este curso te ayudar\u00e1 a enfrentar cada etapa de tu viaje de estudios al extranjero, a trav\u00e9s del vocabulario presentado durante 5 unidades. Dise\u00f1adas para sobrevivir en contextos de viaje a pa\u00edses de lengua inglesa.&nbsp;<\/p>\n<p><a href=\"https:\/\/istudy.mx\/elearning\/cursos\/studyandtravel\/\" class=\"op3-link op3-background-ancestor\" target=\"_self\" data-op-action=\"link\" data-op-select-funnel-step=\"\" data-op-animation-trigger=\"scroll\" data-op-animation-style=\"scale-up\" data-op-animation-loop=\"0\" data-op-timer-minutes=\"0\" data-op-timer-seconds=\"0\" data-op3-smooth-scroll=\"0\" data-op-effect-style=\"\" data-op-effect-style-hover=\"\" data-op-courseaction=\"\" rel=\"noopener\">M\u00e1s Informaci\u00f3n<\/a><img loading=\"lazy\" decoding=\"async\" class=\"op3-element__image op3-element-image__image\" src=\"https:\/\/istudy.mx\/elearning\/wp-content\/uploads\/2021\/03\/11.jpg\" alt=\"\" title=\"11\" width=\"1280\" height=\"720\" data-op3-attachment-id=\"446\" \/><\/p>\n<p>Este curso te ayudar\u00e1 a reforzar tus habilidades ling\u00fc\u00edsticas con relaci\u00f3n a una de las certificaciones de competencia del idioma ingl\u00e9s m\u00e1s importante actualmente: IELTS.<\/p>\n<p><a href=\"https:\/\/istudy.mx\/elearning\/cursos\/ielts\/\" class=\"op3-link op3-background-ancestor\" target=\"_self\" data-op-action=\"link\" data-op-select-funnel-step=\"\" data-op-animation-trigger=\"scroll\" data-op-animation-style=\"scale-up\" data-op-animation-loop=\"0\" data-op-timer-minutes=\"0\" data-op-timer-seconds=\"0\" data-op3-smooth-scroll=\"0\" data-op-effect-style=\"\" data-op-effect-style-hover=\"\" data-op-courseaction=\"\" rel=\"noopener\">M\u00e1s informaci\u00f3n<\/a><img loading=\"lazy\" decoding=\"async\" class=\"op3-element__image op3-element-image__image\" src=\"https:\/\/istudy.mx\/elearning\/wp-content\/uploads\/2021\/10\/251632656_184159130546866_98558811601133345_n.png\" alt=\"\" title=\"251632656_184159130546866_98558811601133345_n\" width=\"1280\" height=\"720\" data-op3-attachment-id=\"548\" \/><\/p>\n<p>Estas planeaciones en linea te apoyar\u00e1n a organizar tu camino migratorio. Canad\u00e1 por la v\u00eda de los estudios, basado en tres etapas claves para el \u00e9xito rumbo a la ciudadan\u00eda canadiense: Estudia, Trabaja y Reside.<\/p>\n<p><a href=\"https:\/\/istudy.mx\/elearning\/cursos\/etr\" class=\"op3-link op3-background-ancestor\" target=\"_self\" data-op-action=\"link\" data-op-select-funnel-step=\"\" data-op-animation-trigger=\"scroll\" data-op-animation-style=\"scale-up\" data-op-animation-loop=\"0\" data-op-timer-minutes=\"0\" data-op-timer-seconds=\"0\" data-op3-smooth-scroll=\"0\" data-op-effect-style=\"\" data-op-effect-style-hover=\"\" data-op-courseaction=\"\" rel=\"noopener\">M\u00e1s informaci\u00f3n<\/a><img loading=\"lazy\" decoding=\"async\" class=\"op3-element__image op3-element-image__image\" src=\"https:\/\/istudy.mx\/elearning\/wp-content\/uploads\/2019\/12\/ISTUDY_E_LEARNING-300x300.png\" alt=\"\" title=\"ISTUDY_E_LEARNING\" width=\"300\" height=\"300\" data-op3-attachment-id=\"\" \/><a class=\"op3-element__link op3-element-icon__link op3-link\" href=\"https:\/\/www.facebook.com\/iStudyeLearning\/?modal=admin_todo_tour \" target=\"_blank\" data-op-action=\"\" data-op-select-funnel-step=\"\" data-op3-smooth-scroll=\"\" rel=\"noopener\"><\/a><a class=\"op3-element__link op3-element-icon__link op3-link\" href=\"https:\/\/www.instagram.com\/istudyelearning\/\" target=\"_blank\" data-op-action=\"\" data-op-select-funnel-step=\"\" data-op3-smooth-scroll=\"\" rel=\"noopener\"><\/a><a class=\"op3-element__link op3-element-icon__link op3-link\" href=\"https:\/\/www.youtube.com\/channel\/UCi0TDU_YeJ3snQR4JcvwZTQ \" target=\"_blank\" data-op-action=\"\" data-op-select-funnel-step=\"\" data-op3-smooth-scroll=\"\" rel=\"noopener\"><\/a><\/p>\n<p><a href=\"mailto:e.learning@istudy.mx\">e.learning@istudy.mx<\/a><\/p>\n<p>Soporte: +52 8186909806<\/p>\n","protected":false},"excerpt":{"rendered":"<p>Plataforma e-learning Nuestros Cursos Virtuales Curso preparativo online para maestros de ingl\u00e9s que buscan certificarse en los ex\u00e1menes de TKT de Cambridge m\u00f3dulos 1, 2 y 3, con contenido cuidadosamente seleccionado y pr\u00e1cticas \u00fatiles enfocadas en lograr resultados satisfactorios. M\u00e1s Informaci\u00f3n Curso para Instructores de Espa\u00f1ol como Lengua Extranjera (CIELE) ofrece&nbsp;la posibilidad de ense\u00f1ar en [&hellip;]<\/p>\n","protected":false},"author":123457,"featured_media":0,"parent":0,"menu_order":0,"comment_status":"closed","ping_status":"closed","template":"op_builder_blank","meta":{"footnotes":""},"class_list":["post-42","page","type-page","status-publish","hentry"],"_links":{"self":[{"href":"https:\/\/istudy.mx\/elearning\/wp-json\/wp\/v2\/pages\/42","targetHints":{"allow":["GET"]}}],"collection":[{"href":"https:\/\/istudy.mx\/elearning\/wp-json\/wp\/v2\/pages"}],"about":[{"href":"https:\/\/istudy.mx\/elearning\/wp-json\/wp\/v2\/types\/page"}],"author":[{"embeddable":true,"href":"https:\/\/istudy.mx\/elearning\/wp-json\/wp\/v2\/users\/123457"}],"replies":[{"embeddable":true,"href":"https:\/\/istudy.mx\/elearning\/wp-json\/wp\/v2\/comments?post=42"}],"version-history":[{"count":91,"href":"https:\/\/istudy.mx\/elearning\/wp-json\/wp\/v2\/pages\/42\/revisions"}],"predecessor-version":[{"id":439,"href":"https:\/\/istudy.mx\/elearning\/wp-json\/wp\/v2\/pages\/42\/revisions\/439"}],"wp:attachment":[{"href":"https:\/\/istudy.mx\/elearning\/wp-json\/wp\/v2\/media?parent=42"}],"curies":[{"name":"wp","href":"https:\/\/api.w.org\/{rel}","templated":true}]}}